{"id":323,"date":"2023-05-22T19:35:12","date_gmt":"2023-05-22T17:35:12","guid":{"rendered":"http:\/\/shop.franksarah2023.alfahosting.org\/?post_type=product&#038;p=323"},"modified":"2026-02-01T00:28:06","modified_gmt":"2026-01-31T23:28:06","slug":"medicurcolor","status":"publish","type":"product","link":"https:\/\/www.ams-onlineshop.de\/es\/produkt\/medicurcolor\/","title":{"rendered":"MEDICUR\u00aecolor"},"content":{"rendered":"<h2>Pol\u00edtica de devoluci\u00f3n de 90 d\u00edas<\/h2>\n<p><img decoding=\"async\" class=\"size-full wp-image-508 alignright\" src=\"http:\/\/www.ams-onlineshop.de\/wp-content\/uploads\/2023\/04\/AMS_90-Tage.jpg\" alt=\"Pol\u00edtica de devoluci\u00f3n de 90 d\u00edas de AMS\" width=\"75\" height=\"75\" \/>Cuando compras uno de nuestros peque\u00f1os electrodom\u00e9sticos, tienes un derecho de devoluci\u00f3n de 90 d\u00edas. Si nos devuelves el dispositivo en perfectas condiciones dentro de este plazo, te reembolsaremos el precio total de compra (menos los gastos de env\u00edo).<\/p>\n<h2>Descripci\u00f3n detallada del producto<\/h2>\n<p>La descripci\u00f3n detallada del producto se puede encontrar en el siguiente enlace:<br \/>\n<a href=\"https:\/\/ams-ag.de\/produkte\/heimbedarf\/kleingeraete\/medicurcolor\/\" target=\"_blank\" rel=\"noopener\"><b>MEDICUR\u00aecolor<\/b><\/a><\/p>","protected":false},"excerpt":{"rendered":"<p><b>Combina campo magn\u00e9tico pulsante y colores.<\/b><\/p>\n<h2>alcance de la entrega<\/h2>\n<ul>\n<li>MEDICUR\u00aecolor con bater\u00eda de bloque de 9 voltios<\/li>\n<li>Porta ampollas<\/li>\n<li>tres ampollas de vidrio<\/li>\n<li>vendaje de velcro<\/li>\n<li>Instrucciones de uso<\/li>\n<\/ul>\n<p><abbr id=\"pfeil\"> <img decoding=\"async\" title=\"Puede reconocer los dispositivos desarrollados por Dr. Ludwig\u00ae por el s\u00edmbolo de la flecha. Este s\u00edmbolo representa la creaci\u00f3n de un biocampo electromagn\u00e9tico inspirado en la naturaleza intacta.\" src=\"http:\/\/www.ams-onlineshop.de\/wp-content\/uploads\/2023\/04\/AMS-Pfeil.jpg\" alt=\"flecha AMS\" width=\"75px\" height=\"75px\" \/> <\/abbr> <abbr id=\"neunzigtage\"> <img decoding=\"async\" title=\"Tienes un derecho de devoluci\u00f3n de 90 d\u00edas. Si nos devuelves el dispositivo en perfectas condiciones dentro de este plazo, te reembolsaremos el precio total de compra (menos los gastos de env\u00edo).\" src=\"http:\/\/www.ams-onlineshop.de\/wp-content\/uploads\/2023\/04\/AMS_90-Tage.jpg\" width=\"75px\" height=\"75px\" \/> <\/abbr><\/p>","protected":false},"featured_media":324,"template":"","meta":[],"product_brand":[],"product_cat":[28,26,108,79],"product_tag":[],"class_list":{"0":"post-323","1":"product","2":"type-product","3":"status-publish","4":"has-post-thumbnail","6":"product_cat-heimbedarf","7":"product_cat-kleingeraete","8":"product_cat-kleingeraete-und-sonstiges","9":"product_cat-medicurcolor","10":"product_shipping_class-kleingeraet","12":"first","13":"instock","14":"shipping-taxable","15":"purchasable","16":"product-type-simple"},"_links":{"self":[{"href":"https:\/\/www.ams-onlineshop.de\/es\/wp-json\/wp\/v2\/product\/323","targetHints":{"allow":["GET"]}}],"collection":[{"href":"https:\/\/www.ams-onlineshop.de\/es\/wp-json\/wp\/v2\/product"}],"about":[{"href":"https:\/\/www.ams-onlineshop.de\/es\/wp-json\/wp\/v2\/types\/product"}],"wp:featuredmedia":[{"embeddable":true,"href":"https:\/\/www.ams-onlineshop.de\/es\/wp-json\/wp\/v2\/media\/324"}],"wp:attachment":[{"href":"https:\/\/www.ams-onlineshop.de\/es\/wp-json\/wp\/v2\/media?parent=323"}],"wp:term":[{"taxonomy":"product_brand","embeddable":true,"href":"https:\/\/www.ams-onlineshop.de\/es\/wp-json\/wp\/v2\/product_brand?post=323"},{"taxonomy":"product_cat","embeddable":true,"href":"https:\/\/www.ams-onlineshop.de\/es\/wp-json\/wp\/v2\/product_cat?post=323"},{"taxonomy":"product_tag","embeddable":true,"href":"https:\/\/www.ams-onlineshop.de\/es\/wp-json\/wp\/v2\/product_tag?post=323"}],"curies":[{"name":"gracias","href":"https:\/\/api.w.org\/{rel}","templated":true}]}}