{"id":377,"date":"2023-04-27T16:10:35","date_gmt":"2023-04-27T14:10:35","guid":{"rendered":"http:\/\/shop.franksarah2023.alfahosting.org\/?post_type=product&#038;p=377"},"modified":"2024-09-14T02:13:37","modified_gmt":"2024-09-14T00:13:37","slug":"taza-medicinal","status":"publish","type":"product","link":"https:\/\/www.ams-onlineshop.de\/es\/produkt\/medicup\/","title":{"rendered":"MEDICUP"},"content":{"rendered":"<h2>Uso y uso<\/h2>\n<p>Nuestro MEDICUP se puede conectar al MEDISEND\u00aesuper para transmitir bioinformaci\u00f3n ex\u00f3gena.<br \/>\n<img fetchpriority=\"high\" decoding=\"async\" class=\"size-full wp-image-382 alignright\" src=\"http:\/\/www.ams-onlineshop.de\/wp-content\/uploads\/2023\/03\/csm_AMS_Medisend_super_mit_Magneto-Schlaufe_und_Medicup_b4461af757.jpg\" alt=\"AMS Medisend super con magneto loop y Medicup\" width=\"250\" height=\"245\" \/><br \/>\nTodos los sustratos que desee transferir con el campo magn\u00e9tico pulsante en el sentido de biorresonancia se colocan en el MEDICUP conectado. El campo magn\u00e9tico se utiliza no s\u00f3lo como onda de aplicaci\u00f3n, sino tambi\u00e9n como onda portadora.<\/p>\n<p>La transmisi\u00f3n de informaci\u00f3n es independiente de la frecuencia que elija: cada frecuencia es una onda portadora y puede usarse para oscilaci\u00f3n\/transmisi\u00f3n.<\/p>\n<p>Puede leer exactamente de qu\u00e9 se trata la respuesta transitoria de los sustratos y la informaci\u00f3n en el elemento del men\u00fa Transferencia de sustrato.<br \/>\n<a href=\"https:\/\/ams-ag.de\/grundlagen-magnetfeldtherapie\/magnetfeldtherapie-und-bioinformative-medizin\/substratuebertragung\/\" target=\"_blank\" rel=\"noopener\"><b>Transferencia de sustrato<\/b><\/a><\/p>\n<h2>Caracter\u00edsticas<\/h2>\n<p>Nuestro MEDICUP es un recipiente para medicamentos de dos polos que solo absorbe aprox. 1 electrosmog del % debido a su divisi\u00f3n interna en dos mitades. Esto significa una calidad extraordinariamente alta, casi libre de electrosmog, para la transmisi\u00f3n y almacenamiento de se\u00f1ales.<\/p>\n<p>En el interior, el MEDICUP consta de dos mitades de copa separadas hechas de una aleaci\u00f3n especial de aluminio (modelo de utilidad n\u00ba de protecci\u00f3n 398 29 987).<\/p>\n<p>La descripci\u00f3n del producto para c\u00edrculos especializados se puede encontrar aqu\u00ed:<br \/>\n<a href=\"https:\/\/ams-ag.de\/produkte\/therapeuten\/grossgeraete\/medicup\/\" target=\"_blank\" rel=\"noopener\"><b>MEDICUP<\/b><\/a><\/p>","protected":false},"excerpt":{"rendered":"<p>Nuestro MEDICUP se puede conectar al MEDISEND\u00aesuper para transmitir bioinformaci\u00f3n ex\u00f3gena.<\/p>\n<ul>\n<li>Altura 7cm<\/li>\n<li>Di\u00e1metro interior 5,5 cm<\/li>\n<li>Peso 250g<\/li>\n<li>incluido cable de conexi\u00f3n (18 cm)<\/li>\n<\/ul>","protected":false},"featured_media":550,"template":"","meta":[],"product_brand":[],"product_cat":[53,30,27,51,107,28,50],"product_tag":[],"class_list":{"0":"post-377","1":"product","2":"type-product","3":"status-publish","4":"has-post-thumbnail","6":"product_cat-geraetezubehoer-grossgeraete","7":"product_cat-geraetezubehoer","8":"product_cat-grossgeraet","9":"product_cat-grossgeraete","10":"product_cat-grossgeraete-und-zubehoer","11":"product_cat-heimbedarf","12":"product_cat-praxisbedarf","13":"product_shipping_class-kleingeraet","15":"first","16":"instock","17":"shipping-taxable","18":"purchasable","19":"product-type-simple"},"_links":{"self":[{"href":"https:\/\/www.ams-onlineshop.de\/es\/wp-json\/wp\/v2\/product\/377","targetHints":{"allow":["GET"]}}],"collection":[{"href":"https:\/\/www.ams-onlineshop.de\/es\/wp-json\/wp\/v2\/product"}],"about":[{"href":"https:\/\/www.ams-onlineshop.de\/es\/wp-json\/wp\/v2\/types\/product"}],"wp:featuredmedia":[{"embeddable":true,"href":"https:\/\/www.ams-onlineshop.de\/es\/wp-json\/wp\/v2\/media\/550"}],"wp:attachment":[{"href":"https:\/\/www.ams-onlineshop.de\/es\/wp-json\/wp\/v2\/media?parent=377"}],"wp:term":[{"taxonomy":"product_brand","embeddable":true,"href":"https:\/\/www.ams-onlineshop.de\/es\/wp-json\/wp\/v2\/product_brand?post=377"},{"taxonomy":"product_cat","embeddable":true,"href":"https:\/\/www.ams-onlineshop.de\/es\/wp-json\/wp\/v2\/product_cat?post=377"},{"taxonomy":"product_tag","embeddable":true,"href":"https:\/\/www.ams-onlineshop.de\/es\/wp-json\/wp\/v2\/product_tag?post=377"}],"curies":[{"name":"gracias","href":"https:\/\/api.w.org\/{rel}","templated":true}]}}