{"id":379,"date":"2023-05-22T00:48:56","date_gmt":"2023-05-21T22:48:56","guid":{"rendered":"http:\/\/shop.franksarah2023.alfahosting.org\/?post_type=product&#038;p=379"},"modified":"2024-09-14T02:14:38","modified_gmt":"2024-09-14T00:14:38","slug":"electrodos-de-mano","status":"publish","type":"product","link":"https:\/\/www.ams-onlineshop.de\/es\/produkt\/handelektroden\/","title":{"rendered":"electrodos de mano"},"content":{"rendered":"<h2>Uso y uso<\/h2>\n<p>Los electrodos manuales se pueden conectar al MEDISEND\u00aesuper para la transmisi\u00f3n de bioinformaci\u00f3n end\u00f3gena.<br \/>\n<img decoding=\"async\" class=\"alignright\" src=\"http:\/\/www.ams-onlineshop.de\/wp-content\/uploads\/2023\/03\/csm_AMS_Medisend_super_mit_Handelektroden_und_Medicup_ebce0245e1.jpg\" alt=\"AMS Medisend es fant\u00e1stico con electrodos manuales y Medicup\" \/><\/p>\n<p>Con unos pocos electrodos manuales se puede modular de forma inespec\u00edfica todo el espectro de frecuencias naturales del cuerpo en forma de bioinformaci\u00f3n en el campo magn\u00e9tico pulsante.<\/p>\n<p>El campo magn\u00e9tico se utiliza no s\u00f3lo como onda de aplicaci\u00f3n, sino tambi\u00e9n como onda portadora.<\/p>\n<p>Junto con el MEDICUP, los electrodos manuales se conectan a la ENTRADA del dispositivo en el lado izquierdo. Durante el uso, los electrodos de mano se sujetan con ambas manos o se ponen en contacto sim\u00e9trico con la piel (por ejemplo, se empujan debajo de la parte posterior de las rodillas).<\/p>\n<p>A trav\u00e9s del contacto sim\u00e9trico con la piel (mitad derecha e izquierda del cuerpo), los electrodos manuales recogen la bioinformaci\u00f3n end\u00f3gena y la devuelven al cuerpo en forma de &quot;se\u00f1ales de atenci\u00f3n&quot; en el sentido de biorresonancia.<\/p>\n<p><b>La descripci\u00f3n del producto para c\u00edrculos especializados se puede encontrar aqu\u00ed:<\/b><br \/>\n<a href=\"https:\/\/ams-ag.de\/produkte\/therapeuten\/grossgeraete\/handelektroden\/\" target=\"_blank\" rel=\"noopener\"><b>electrodos de mano<\/b><\/a><\/p>","protected":false},"excerpt":{"rendered":"<p>Los electrodos manuales se pueden conectar al MEDISEND\u00aesuper para la transmisi\u00f3n de bioinformaci\u00f3n end\u00f3gena.<\/p>\n<h2>Par de electrodos de mano<\/h2>\n<ul>\n<li>compuesto de acero V2A<\/li>\n<li>Peso 150 g por pieza<\/li>\n<li>Longitud 12cm<\/li>\n<li>Di\u00e1metro 3cm<\/li>\n<li>incluido cable de conexi\u00f3n (2 m)<\/li>\n<\/ul>","protected":false},"featured_media":380,"template":"","meta":[],"product_brand":[],"product_cat":[53,30,27,51,107,28,50],"product_tag":[],"class_list":{"0":"post-379","1":"product","2":"type-product","3":"status-publish","4":"has-post-thumbnail","6":"product_cat-geraetezubehoer-grossgeraete","7":"product_cat-geraetezubehoer","8":"product_cat-grossgeraet","9":"product_cat-grossgeraete","10":"product_cat-grossgeraete-und-zubehoer","11":"product_cat-heimbedarf","12":"product_cat-praxisbedarf","13":"product_shipping_class-kleingeraet","15":"first","16":"instock","17":"shipping-taxable","18":"purchasable","19":"product-type-simple"},"_links":{"self":[{"href":"https:\/\/www.ams-onlineshop.de\/es\/wp-json\/wp\/v2\/product\/379","targetHints":{"allow":["GET"]}}],"collection":[{"href":"https:\/\/www.ams-onlineshop.de\/es\/wp-json\/wp\/v2\/product"}],"about":[{"href":"https:\/\/www.ams-onlineshop.de\/es\/wp-json\/wp\/v2\/types\/product"}],"wp:featuredmedia":[{"embeddable":true,"href":"https:\/\/www.ams-onlineshop.de\/es\/wp-json\/wp\/v2\/media\/380"}],"wp:attachment":[{"href":"https:\/\/www.ams-onlineshop.de\/es\/wp-json\/wp\/v2\/media?parent=379"}],"wp:term":[{"taxonomy":"product_brand","embeddable":true,"href":"https:\/\/www.ams-onlineshop.de\/es\/wp-json\/wp\/v2\/product_brand?post=379"},{"taxonomy":"product_cat","embeddable":true,"href":"https:\/\/www.ams-onlineshop.de\/es\/wp-json\/wp\/v2\/product_cat?post=379"},{"taxonomy":"product_tag","embeddable":true,"href":"https:\/\/www.ams-onlineshop.de\/es\/wp-json\/wp\/v2\/product_tag?post=379"}],"curies":[{"name":"gracias","href":"https:\/\/api.w.org\/{rel}","templated":true}]}}