{"id":386,"date":"2023-05-22T00:48:55","date_gmt":"2023-05-21T22:48:55","guid":{"rendered":"http:\/\/shop.franksarah2023.alfahosting.org\/?post_type=product&#038;p=386"},"modified":"2024-09-14T02:16:33","modified_gmt":"2024-09-14T00:16:33","slug":"anillo-magnetico","status":"publish","type":"product","link":"https:\/\/www.ams-onlineshop.de\/es\/produkt\/magneto-ring\/","title":{"rendered":"Anillo MAGNETO"},"content":{"rendered":"<h2>Misi\u00f3n<\/h2>\n<p><img fetchpriority=\"high\" decoding=\"async\" class=\"alignright\" src=\"http:\/\/www.ams-onlineshop.de\/wp-content\/uploads\/2023\/05\/csm_AMS_Medisend_super_mit_Magneto-Ring_8378fcbac9-300x293.jpg\" alt=\"AMS Medisend super con anillo magn\u00e9tico\" width=\"250\" height=\"245\" \/>Al igual que el bucle MAGNETO, el anillo MAGNETO tambi\u00e9n es un aplicador para transmitir el campo magn\u00e9tico pulsante. Se puede conectar al MEDISEND\u00aesuper como el bucle:<br \/>\nDebido a su tama\u00f1o y flexibilidad, se utiliza en particular para su uso en animales, especialmente animales grandes. Pero tambi\u00e9n es muy \u00fatil para los humanos cuando se utiliza en grandes superficies.<\/p>\n<p>El anillo est\u00e1 conectado al lado derecho del dispositivo y emite el campo magn\u00e9tico pulsante a la frecuencia que haya configurado en el dispositivo.<\/p>\n<p>Con el campo magn\u00e9tico se transmite tambi\u00e9n la bioinformaci\u00f3n end\u00f3gena y ex\u00f3gena a trav\u00e9s del anillo, que llega a la entrada del dispositivo a trav\u00e9s del MEDICUP conectado y los electrodos manuales.<\/p>\n<p>Para utilizarlo, simplemente se coloca sobre o al lado del cuerpo. El campo tiene un alcance fisiol\u00f3gico de aproximadamente dos metros.<\/p>\n<p><b>La descripci\u00f3n del producto para c\u00edrculos especializados se puede encontrar aqu\u00ed:<\/b><br \/>\n<a href=\"https:\/\/ams-ag.de\/produkte\/therapeuten\/grossgeraete\/magneto-ring\/\" target=\"_blank\" rel=\"noopener\"><b>Anillo MAGNETO<\/b><\/a><\/p>","protected":false},"excerpt":{"rendered":"<p>Al igual que el bucle MAGNETO, el anillo MAGNETO tambi\u00e9n es un aplicador para transmitir el campo magn\u00e9tico pulsante. Se puede conectar al MEDISEND\u00aesuper como el bucle.<\/p>\n<ul>\n<li>material suave y flexible<\/li>\n<li>Di\u00e1metro del bucle 60 cm.<\/li>\n<li>Peso 300g<\/li>\n<li>Cable de conexi\u00f3n 3m<\/li>\n<\/ul>","protected":false},"featured_media":387,"template":"","meta":[],"product_brand":[],"product_cat":[53,30,27,51,107,28,50],"product_tag":[],"class_list":{"0":"post-386","1":"product","2":"type-product","3":"status-publish","4":"has-post-thumbnail","6":"product_cat-geraetezubehoer-grossgeraete","7":"product_cat-geraetezubehoer","8":"product_cat-grossgeraet","9":"product_cat-grossgeraete","10":"product_cat-grossgeraete-und-zubehoer","11":"product_cat-heimbedarf","12":"product_cat-praxisbedarf","13":"product_shipping_class-kleingeraet","15":"first","16":"instock","17":"shipping-taxable","18":"purchasable","19":"product-type-simple"},"_links":{"self":[{"href":"https:\/\/www.ams-onlineshop.de\/es\/wp-json\/wp\/v2\/product\/386","targetHints":{"allow":["GET"]}}],"collection":[{"href":"https:\/\/www.ams-onlineshop.de\/es\/wp-json\/wp\/v2\/product"}],"about":[{"href":"https:\/\/www.ams-onlineshop.de\/es\/wp-json\/wp\/v2\/types\/product"}],"wp:featuredmedia":[{"embeddable":true,"href":"https:\/\/www.ams-onlineshop.de\/es\/wp-json\/wp\/v2\/media\/387"}],"wp:attachment":[{"href":"https:\/\/www.ams-onlineshop.de\/es\/wp-json\/wp\/v2\/media?parent=386"}],"wp:term":[{"taxonomy":"product_brand","embeddable":true,"href":"https:\/\/www.ams-onlineshop.de\/es\/wp-json\/wp\/v2\/product_brand?post=386"},{"taxonomy":"product_cat","embeddable":true,"href":"https:\/\/www.ams-onlineshop.de\/es\/wp-json\/wp\/v2\/product_cat?post=386"},{"taxonomy":"product_tag","embeddable":true,"href":"https:\/\/www.ams-onlineshop.de\/es\/wp-json\/wp\/v2\/product_tag?post=386"}],"curies":[{"name":"gracias","href":"https:\/\/api.w.org\/{rel}","templated":true}]}}