{"id":396,"date":"2023-05-22T19:56:37","date_gmt":"2023-05-22T17:56:37","guid":{"rendered":"http:\/\/shop.franksarah2023.alfahosting.org\/?post_type=product&#038;p=396"},"modified":"2024-09-14T02:29:29","modified_gmt":"2024-09-14T00:29:29","slug":"porta-ampollas","status":"publish","type":"product","link":"https:\/\/www.ams-onlineshop.de\/es\/produkt\/ampullenhalter\/","title":{"rendered":"Porta ampollas"},"content":{"rendered":"<h2>Transmisi\u00f3n de bioinformaci\u00f3n.<\/h2>\n<p>El soporte para ampollas se utiliza para sujetar el campo magn\u00e9tico pulsante de los peque\u00f1os dispositivos.<br \/>\n<img decoding=\"async\" class=\"alignright\" src=\"http:\/\/www.ams-onlineshop.de\/wp-content\/uploads\/2023\/03\/csm_AMS_Ampullenhalter_auf_Metronom_solar_bf8c173d52.jpg\" alt=\"Soporte para ampollas AMS en metr\u00f3nomo solar\" width=\"250\" height=\"119\" \/><\/p>\n<ul>\n<li>MEDICUR\u00aepro<\/li>\n<li>METRONOM solar<\/li>\n<li>METRONOM C<\/li>\n<li>MEDICUR\u00aecolor<\/li>\n<\/ul>\n<p>no s\u00f3lo como se\u00f1al de aplicaci\u00f3n, sino tambi\u00e9n como onda portadora para transmitir bioinformaci\u00f3n.<\/p>\n<p>Puede deslizar una ampolla de vidrio (2 ml o cualquier ampolla con un di\u00e1metro de 10 mm) en el soporte para ampollas desde un lado. Se puede fijar directamente a la carcasa utilizando los tornillos m\u00e1s largos suministrados.<\/p>\n<h2>M\u00e1s<\/h2>\n<p>Puedes leer sobre de qu\u00e9 se trata la oscilaci\u00f3n de sustratos aqu\u00ed:<br \/>\n<a href=\"https:\/\/ams-ag.de\/grundlagen-magnetfeldtherapie\/magnetfeldtherapie-und-bioinformative-medizin\/substratuebertragung\/\" target=\"_blank\" rel=\"noopener\"><b>Transferencia de sustrato<\/b><\/a><br \/>\nPuedes encontrar tubos de vidrio vac\u00edos para llenar t\u00fa mismo aqu\u00ed:<br \/>\n<a href=\"http:\/\/www.ams-onlineshop.de\/es\/producto\/ampollas-de-vidrio\/\"><b>ampollas de vidrio<\/b><\/a><\/p>","protected":false},"excerpt":{"rendered":"<ul>\n<li>adecuado para MEDICUR\u00ae, METRONOM solar, METRONOM C y MEDICUR\u00aecolor<\/li>\n<li>con tornillos adecuados para la fijaci\u00f3n<\/li>\n<li>incluyendo 3 ampollas de vidrio vac\u00edas<\/li>\n<\/ul>\n<p><b>El soporte para ampollas se incluye con los modelos METRONOM solar, METRONOM C y MEDICUR\u00aecolor.<\/b><\/p>","protected":false},"featured_media":397,"template":"","meta":[],"product_brand":[],"product_cat":[53,30,107,28,26,108],"product_tag":[],"class_list":{"0":"post-396","1":"product","2":"type-product","3":"status-publish","4":"has-post-thumbnail","6":"product_cat-geraetezubehoer-grossgeraete","7":"product_cat-geraetezubehoer","8":"product_cat-grossgeraete-und-zubehoer","9":"product_cat-heimbedarf","10":"product_cat-kleingeraete","11":"product_cat-kleingeraete-und-sonstiges","12":"product_shipping_class-kleinigkeit","14":"first","15":"instock","16":"shipping-taxable","17":"purchasable","18":"product-type-simple"},"_links":{"self":[{"href":"https:\/\/www.ams-onlineshop.de\/es\/wp-json\/wp\/v2\/product\/396","targetHints":{"allow":["GET"]}}],"collection":[{"href":"https:\/\/www.ams-onlineshop.de\/es\/wp-json\/wp\/v2\/product"}],"about":[{"href":"https:\/\/www.ams-onlineshop.de\/es\/wp-json\/wp\/v2\/types\/product"}],"wp:featuredmedia":[{"embeddable":true,"href":"https:\/\/www.ams-onlineshop.de\/es\/wp-json\/wp\/v2\/media\/397"}],"wp:attachment":[{"href":"https:\/\/www.ams-onlineshop.de\/es\/wp-json\/wp\/v2\/media?parent=396"}],"wp:term":[{"taxonomy":"product_brand","embeddable":true,"href":"https:\/\/www.ams-onlineshop.de\/es\/wp-json\/wp\/v2\/product_brand?post=396"},{"taxonomy":"product_cat","embeddable":true,"href":"https:\/\/www.ams-onlineshop.de\/es\/wp-json\/wp\/v2\/product_cat?post=396"},{"taxonomy":"product_tag","embeddable":true,"href":"https:\/\/www.ams-onlineshop.de\/es\/wp-json\/wp\/v2\/product_tag?post=396"}],"curies":[{"name":"gracias","href":"https:\/\/api.w.org\/{rel}","templated":true}]}}