{"id":399,"date":"2023-05-29T01:19:07","date_gmt":"2023-05-28T23:19:07","guid":{"rendered":"http:\/\/shop.franksarah2023.alfahosting.org\/?post_type=product&#038;p=399"},"modified":"2025-03-22T02:34:50","modified_gmt":"2025-03-22T01:34:50","slug":"ampollas-de-vidrio","status":"publish","type":"product","link":"https:\/\/www.ams-onlineshop.de\/es\/produkt\/glasampullen\/","title":{"rendered":"ampollas de vidrio"},"content":{"rendered":"<h2>Ll\u00e9nate<\/h2>\n<p>Puedes llenar las ampollas de vidrio vac\u00edas con todas las sustancias necesarias para transmitir bioinformaci\u00f3n mediante el campo magn\u00e9tico.<\/p>\n<p><img fetchpriority=\"high\" decoding=\"async\" class=\"size-medium wp-image-513 alignright\" src=\"http:\/\/www.ams-onlineshop.de\/wp-content\/uploads\/2023\/04\/csm_AMS_Glasampullen_in_Maeppchen_de8934490c-300x298.jpg\" alt=\"Ampollas de vidrio AMS en estuche para l\u00e1pices.\" width=\"300\" height=\"298\" srcset=\"https:\/\/www.ams-onlineshop.de\/wp-content\/uploads\/2023\/04\/csm_AMS_Glasampullen_in_Maeppchen_de8934490c-300x298.jpg 300w, https:\/\/www.ams-onlineshop.de\/wp-content\/uploads\/2023\/04\/csm_AMS_Glasampullen_in_Maeppchen_de8934490c-100x100.jpg 100w, https:\/\/www.ams-onlineshop.de\/wp-content\/uploads\/2023\/04\/csm_AMS_Glasampullen_in_Maeppchen_de8934490c-600x595.jpg 600w, https:\/\/www.ams-onlineshop.de\/wp-content\/uploads\/2023\/04\/csm_AMS_Glasampullen_in_Maeppchen_de8934490c-150x150.jpg 150w, https:\/\/www.ams-onlineshop.de\/wp-content\/uploads\/2023\/04\/csm_AMS_Glasampullen_in_Maeppchen_de8934490c.jpg 605w\" sizes=\"(max-width: 300px) 100vw, 300px\" \/><\/p>\n<p>Las ampollas se cierran herm\u00e9ticamente con un tap\u00f3n extra\u00edble.<br \/>\nPuede obtener m\u00e1s informaci\u00f3n sobre la transferencia de bioinformaci\u00f3n aqu\u00ed:<br \/>\n<a href=\"https:\/\/ams-ag.de\/grundlagen-magnetfeldtherapie\/magnetfeldtherapie-und-bioinformative-medizin\/substratuebertragung\/\" target=\"_blank\" rel=\"noopener\"><b>Transferencia de sustrato<\/b><\/a><\/p>\n<p>Con las ampollas de cristal con cerradura podr\u00e1s montar tu propio estuche (ver ilustraci\u00f3n) en el que tendr\u00e1s siempre a mano todos los productos que quieras utilizar habitualmente.<\/p>\n<p>Una peque\u00f1a cantidad del preparado respectivo es suficiente para transmitir la informaci\u00f3n contenida en la ampolla de vidrio con el campo magn\u00e9tico. Los fondos que contiene no se desgastan y se pueden utilizar una y otra vez para transferirlos.<\/p>","protected":false},"excerpt":{"rendered":"<ul>\n<li>Di\u00e1metro 10mm<\/li>\n<li>con tap\u00f3n de cierre<\/li>\n<li>sin relleno<\/li>\n<\/ul>","protected":false},"featured_media":400,"template":"","meta":[],"product_brand":[],"product_cat":[70,52,30,53,107,28,26,108,31,73,67,68,110,29,109,32],"product_tag":[],"class_list":{"0":"post-399","1":"product","2":"type-product","3":"status-publish","4":"has-post-thumbnail","6":"product_cat-bluebalance-wasserstoffgenerator","7":"product_cat-cepes-laser","8":"product_cat-geraetezubehoer","9":"product_cat-geraetezubehoer-grossgeraete","10":"product_cat-grossgeraete-und-zubehoer","11":"product_cat-heimbedarf","12":"product_cat-kleingeraete","13":"product_cat-kleingeraete-und-sonstiges","14":"product_cat-sonstiges","15":"product_cat-sonstiges-praxisbedarf","16":"product_cat-spring-time420-pro","17":"product_cat-spring-timepremium-pro","18":"product_cat-spring-timeprofessional-pro","19":"product_cat-wasseraufbereitung","20":"product_cat-wasseraufbereitung-und-zubehoer","21":"product_cat-zubehoer","22":"product_shipping_class-kleinigkeit","24":"first","25":"instock","26":"shipping-taxable","27":"purchasable","28":"product-type-variable"},"_links":{"self":[{"href":"https:\/\/www.ams-onlineshop.de\/es\/wp-json\/wp\/v2\/product\/399","targetHints":{"allow":["GET"]}}],"collection":[{"href":"https:\/\/www.ams-onlineshop.de\/es\/wp-json\/wp\/v2\/product"}],"about":[{"href":"https:\/\/www.ams-onlineshop.de\/es\/wp-json\/wp\/v2\/types\/product"}],"wp:featuredmedia":[{"embeddable":true,"href":"https:\/\/www.ams-onlineshop.de\/es\/wp-json\/wp\/v2\/media\/400"}],"wp:attachment":[{"href":"https:\/\/www.ams-onlineshop.de\/es\/wp-json\/wp\/v2\/media?parent=399"}],"wp:term":[{"taxonomy":"product_brand","embeddable":true,"href":"https:\/\/www.ams-onlineshop.de\/es\/wp-json\/wp\/v2\/product_brand?post=399"},{"taxonomy":"product_cat","embeddable":true,"href":"https:\/\/www.ams-onlineshop.de\/es\/wp-json\/wp\/v2\/product_cat?post=399"},{"taxonomy":"product_tag","embeddable":true,"href":"https:\/\/www.ams-onlineshop.de\/es\/wp-json\/wp\/v2\/product_tag?post=399"}],"curies":[{"name":"gracias","href":"https:\/\/api.w.org\/{rel}","templated":true}]}}