{"id":401,"date":"2023-05-22T00:51:12","date_gmt":"2023-05-21T22:51:12","guid":{"rendered":"http:\/\/shop.franksarah2023.alfahosting.org\/?post_type=product&#038;p=401"},"modified":"2024-09-14T02:27:57","modified_gmt":"2024-09-14T00:27:57","slug":"cargador-para-el-medisendsuper","status":"publish","type":"product","link":"https:\/\/www.ams-onlineshop.de\/es\/produkt\/ladegeraet-fuer-das-medisendsuper\/","title":{"rendered":"Cargador para el MEDISEND\u00aesuper"},"content":{"rendered":"<h2>Cargado en poco tiempo<\/h2>\n<p>Con el \u201ccargador de amplio alcance\u201d, su MEDISEND\u00aesuper estar\u00e1 completamente cargado en seis horas. Un diodo en la parte frontal indica si la carga a\u00fan est\u00e1 en curso o si el cargador ha entrado en estado de carga lenta despu\u00e9s de que la bater\u00eda se haya cargado completamente.<\/p>\n<h2>Para cada enchufe<\/h2>\n<p><img fetchpriority=\"high\" decoding=\"async\" class=\"alignright\" src=\"http:\/\/www.ams-onlineshop.de\/wp-content\/uploads\/2023\/05\/csm_AMS_Ladegeraet_verschiedene_Stecker_109666adb1-300x242.jpg\" alt=\"Cargador AMS diferentes enchufes\" width=\"250\" height=\"202\" \/><\/p>\n<p>El cargador est\u00e1 disponible con diferentes adaptadores primarios para diferentes pa\u00edses:<\/p>\n<ul>\n<li>Europa (excepto Reino Unido, Irlanda, Chipre y Malta)<\/li>\n<li>Estados Unidos\/Jap\u00f3n<\/li>\n<li>Australia<\/li>\n<li>Reino Unido<\/li>\n<\/ul>\n<p>El cargador funciona con una entrada de 100 a 240 voltios.<\/p>\n<p><b>La descripci\u00f3n del producto para c\u00edrculos especializados se puede encontrar aqu\u00ed:<\/b><br \/>\n<a href=\"https:\/\/ams-ag.de\/produkte\/therapeuten\/grossgeraete\/ladegeraet-fuer-grossgeraete\/\" target=\"_blank\" rel=\"noopener\"><b>Cargador para grandes electrodom\u00e9sticos<\/b><\/a><\/p>","protected":false},"excerpt":{"rendered":"<ul>\n<li>adecuado para el MEDISEND\u00aesuper<\/li>\n<li>Enchufe europeo (o con enchufe para Reino Unido, EE. UU., Jap\u00f3n o Australia)<\/li>\n<li>Entrada: 100-240V \/ 50-60Hz \/ 260-140mA \/ 25VA<\/li>\n<li>Salida: 6V \/ 1.6A \/ 9.6VA<\/li>\n<\/ul>\n<p><b>El cargador est\u00e1 incluido con el MEDISEND\u00aesuper.<\/b><\/p>","protected":false},"featured_media":572,"template":"","meta":[],"product_brand":[],"product_cat":[53,30,27,51,107,28,50],"product_tag":[],"class_list":{"0":"post-401","1":"product","2":"type-product","3":"status-publish","4":"has-post-thumbnail","6":"product_cat-geraetezubehoer-grossgeraete","7":"product_cat-geraetezubehoer","8":"product_cat-grossgeraet","9":"product_cat-grossgeraete","10":"product_cat-grossgeraete-und-zubehoer","11":"product_cat-heimbedarf","12":"product_cat-praxisbedarf","13":"product_shipping_class-kleingeraet","15":"first","16":"instock","17":"shipping-taxable","18":"purchasable","19":"product-type-simple"},"_links":{"self":[{"href":"https:\/\/www.ams-onlineshop.de\/es\/wp-json\/wp\/v2\/product\/401","targetHints":{"allow":["GET"]}}],"collection":[{"href":"https:\/\/www.ams-onlineshop.de\/es\/wp-json\/wp\/v2\/product"}],"about":[{"href":"https:\/\/www.ams-onlineshop.de\/es\/wp-json\/wp\/v2\/types\/product"}],"wp:featuredmedia":[{"embeddable":true,"href":"https:\/\/www.ams-onlineshop.de\/es\/wp-json\/wp\/v2\/media\/572"}],"wp:attachment":[{"href":"https:\/\/www.ams-onlineshop.de\/es\/wp-json\/wp\/v2\/media?parent=401"}],"wp:term":[{"taxonomy":"product_brand","embeddable":true,"href":"https:\/\/www.ams-onlineshop.de\/es\/wp-json\/wp\/v2\/product_brand?post=401"},{"taxonomy":"product_cat","embeddable":true,"href":"https:\/\/www.ams-onlineshop.de\/es\/wp-json\/wp\/v2\/product_cat?post=401"},{"taxonomy":"product_tag","embeddable":true,"href":"https:\/\/www.ams-onlineshop.de\/es\/wp-json\/wp\/v2\/product_tag?post=401"}],"curies":[{"name":"gracias","href":"https:\/\/api.w.org\/{rel}","templated":true}]}}