{"id":404,"date":"2023-05-22T20:00:48","date_gmt":"2023-05-22T18:00:48","guid":{"rendered":"http:\/\/shop.franksarah2023.alfahosting.org\/?post_type=product&#038;p=404"},"modified":"2024-09-14T02:55:17","modified_gmt":"2024-09-14T00:55:17","slug":"bateria-para-el-medisendsuper","status":"publish","type":"product","link":"https:\/\/www.ams-onlineshop.de\/es\/produkt\/akku-fuer-das-medisendsuper\/","title":{"rendered":"Bater\u00eda para dispositivos grandes"},"content":{"rendered":"<h2>Integrado en la vivienda<\/h2>\n<p>La potente bater\u00eda est\u00e1 instalada permanentemente en todos nuestros dispositivos grandes.<\/p>\n<p>Si alguna vez necesita una bater\u00eda nueva, env\u00edenos su dispositivo; nos encargaremos del reemplazo y tambi\u00e9n podemos realizar una verificaci\u00f3n general del funcionamiento.<\/p>\n<p>Si desea realizar el cambio usted mismo, por supuesto tambi\u00e9n puede comprarnos la bater\u00eda de repuesto y recibirla. Sin embargo, recomendamos encarecidamente que haga reemplazar la bater\u00eda por un electricista. El reemplazo de la bater\u00eda incorporada no est\u00e1 dise\u00f1ado para que lo realice un profano. Usted es responsable del reemplazo inadecuado y del da\u00f1o resultante al dispositivo.<\/p>","protected":false},"excerpt":{"rendered":"<ul>\n<li>Apto para todos los electrodom\u00e9sticos grandes.<\/li>\n<li>instalado permanentemente en la carcasa<\/li>\n<\/ul>\n<p><b>La bater\u00eda est\u00e1 incluida en el suministro de todos los dispositivos MEDISEND\u00aesuper, WAVE TRANSFER C y COLOR-Punctur y ya est\u00e1 instalada de forma permanente.<\/b><\/p>","protected":false},"featured_media":405,"template":"","meta":[],"product_brand":[],"product_cat":[53,30,27,51,107,28,50],"product_tag":[],"class_list":{"0":"post-404","1":"product","2":"type-product","3":"status-publish","4":"has-post-thumbnail","6":"product_cat-geraetezubehoer-grossgeraete","7":"product_cat-geraetezubehoer","8":"product_cat-grossgeraet","9":"product_cat-grossgeraete","10":"product_cat-grossgeraete-und-zubehoer","11":"product_cat-heimbedarf","12":"product_cat-praxisbedarf","13":"product_shipping_class-kleingeraet","15":"first","16":"instock","17":"shipping-taxable","18":"purchasable","19":"product-type-simple"},"_links":{"self":[{"href":"https:\/\/www.ams-onlineshop.de\/es\/wp-json\/wp\/v2\/product\/404","targetHints":{"allow":["GET"]}}],"collection":[{"href":"https:\/\/www.ams-onlineshop.de\/es\/wp-json\/wp\/v2\/product"}],"about":[{"href":"https:\/\/www.ams-onlineshop.de\/es\/wp-json\/wp\/v2\/types\/product"}],"wp:featuredmedia":[{"embeddable":true,"href":"https:\/\/www.ams-onlineshop.de\/es\/wp-json\/wp\/v2\/media\/405"}],"wp:attachment":[{"href":"https:\/\/www.ams-onlineshop.de\/es\/wp-json\/wp\/v2\/media?parent=404"}],"wp:term":[{"taxonomy":"product_brand","embeddable":true,"href":"https:\/\/www.ams-onlineshop.de\/es\/wp-json\/wp\/v2\/product_brand?post=404"},{"taxonomy":"product_cat","embeddable":true,"href":"https:\/\/www.ams-onlineshop.de\/es\/wp-json\/wp\/v2\/product_cat?post=404"},{"taxonomy":"product_tag","embeddable":true,"href":"https:\/\/www.ams-onlineshop.de\/es\/wp-json\/wp\/v2\/product_tag?post=404"}],"curies":[{"name":"gracias","href":"https:\/\/api.w.org\/{rel}","templated":true}]}}