{"id":413,"date":"2023-05-05T17:01:18","date_gmt":"2023-05-05T15:01:18","guid":{"rendered":"http:\/\/shop.franksarah2023.alfahosting.org\/?post_type=product&#038;p=413"},"modified":"2024-09-14T02:41:30","modified_gmt":"2024-09-14T00:41:30","slug":"sensor-de-escaneo","status":"publish","type":"product","link":"https:\/\/www.ams-onlineshop.de\/es\/produkt\/abtastsensor\/","title":{"rendered":"sensor de escaneo"},"content":{"rendered":"<p>El sensor de escaneo con mango de corcho se puede conectar al \u00d6kotensor VARIO para que no sea necesario tocar con la mano las muestras a analizar. Esto simplifica el trabajo con el tensor.<\/p>\n<p>Para recopilar la informaci\u00f3n, simplemente sostenga la punta roma del sensor de escaneo sobre el sustrato\/preparaci\u00f3n que se va a probar.<\/p>\n<p>La AMS sigue ofreciendo un curso de tensor una o dos veces al a\u00f1o, en el que se aprende a manejar y utilizar el tensor de forma te\u00f3rica y con ejercicios pr\u00e1cticos. Las fechas y m\u00e1s informaci\u00f3n se pueden encontrar en la secci\u00f3n de seminarios.<\/p>\n<p><a href=\"https:\/\/ams-ag.de\/veranstaltungen-und-termine\/\" target=\"_blank\" rel=\"noopener\"><b>Seminarios<\/b><\/a><\/p>","protected":false},"excerpt":{"rendered":"<h2>Alcance de la entrega:<\/h2>\n<ul>\n<li>Sensor de escaneo con mango de corcho y punta chapada en oro<\/li>\n<li>Longitud del cable 80 cm<\/li>\n<li>rodillo de transporte estable<\/li>\n<\/ul>","protected":false},"featured_media":414,"template":"","meta":[],"product_brand":[],"product_cat":[30,53,27,51,107,28,108,50,31,73,46],"product_tag":[],"class_list":{"0":"post-413","1":"product","2":"type-product","3":"status-publish","4":"has-post-thumbnail","6":"product_cat-geraetezubehoer","7":"product_cat-geraetezubehoer-grossgeraete","8":"product_cat-grossgeraet","9":"product_cat-grossgeraete","10":"product_cat-grossgeraete-und-zubehoer","11":"product_cat-heimbedarf","12":"product_cat-kleingeraete-und-sonstiges","13":"product_cat-praxisbedarf","14":"product_cat-sonstiges","15":"product_cat-sonstiges-praxisbedarf","16":"product_cat-tensoren-und-zubehoer","17":"product_shipping_class-kleingeraet","19":"first","20":"instock","21":"shipping-taxable","22":"purchasable","23":"product-type-simple"},"_links":{"self":[{"href":"https:\/\/www.ams-onlineshop.de\/es\/wp-json\/wp\/v2\/product\/413","targetHints":{"allow":["GET"]}}],"collection":[{"href":"https:\/\/www.ams-onlineshop.de\/es\/wp-json\/wp\/v2\/product"}],"about":[{"href":"https:\/\/www.ams-onlineshop.de\/es\/wp-json\/wp\/v2\/types\/product"}],"wp:featuredmedia":[{"embeddable":true,"href":"https:\/\/www.ams-onlineshop.de\/es\/wp-json\/wp\/v2\/media\/414"}],"wp:attachment":[{"href":"https:\/\/www.ams-onlineshop.de\/es\/wp-json\/wp\/v2\/media?parent=413"}],"wp:term":[{"taxonomy":"product_brand","embeddable":true,"href":"https:\/\/www.ams-onlineshop.de\/es\/wp-json\/wp\/v2\/product_brand?post=413"},{"taxonomy":"product_cat","embeddable":true,"href":"https:\/\/www.ams-onlineshop.de\/es\/wp-json\/wp\/v2\/product_cat?post=413"},{"taxonomy":"product_tag","embeddable":true,"href":"https:\/\/www.ams-onlineshop.de\/es\/wp-json\/wp\/v2\/product_tag?post=413"}],"curies":[{"name":"gracias","href":"https:\/\/api.w.org\/{rel}","templated":true}]}}