{"id":422,"date":"2023-05-04T21:40:12","date_gmt":"2023-05-04T19:40:12","guid":{"rendered":"http:\/\/shop.franksarah2023.alfahosting.org\/?post_type=product&#038;p=422"},"modified":"2024-09-14T02:44:54","modified_gmt":"2024-09-14T00:44:54","slug":"dispositivo-de-medicion-de-electroestres","status":"publish","type":"product","link":"https:\/\/www.ams-onlineshop.de\/es\/produkt\/elektrostress-messgeraet\/","title":{"rendered":"Dispositivo de medici\u00f3n de tensi\u00f3n el\u00e9ctrica."},"content":{"rendered":"<h2>Medir la tensi\u00f3n corporal<\/h2>\n<p>El dispositivo de medici\u00f3n de tensi\u00f3n el\u00e9ctrica \u201cESM-2\u201d le ayuda a detectar factores de tensi\u00f3n debidos al electrosmog.<\/p>\n<p>Est\u00e1s bajo voltaje cuando est\u00e1s en un campo el\u00e9ctrico. Este voltaje se puede medir r\u00e1pida y f\u00e1cilmente con el ESM-2.<\/p>\n<p>Dependiendo del valor indicado se pueden tomar las medidas adecuadas o comprobar profesionalmente el efecto de las medidas ya tomadas.<\/p>\n<h2>ESM-2<\/h2>\n<p><img fetchpriority=\"high\" decoding=\"async\" class=\"alignright\" src=\"http:\/\/www.ams-onlineshop.de\/wp-content\/uploads\/2023\/03\/csm_AMS_ESM-2_in_Koffer_1b5a4348a7.jpg\" alt=\"AMS ESM-2 en caso\" width=\"250\" height=\"290\" \/><\/p>\n<ul>\n<li>Tama\u00f1o 15 \u00d7 9,0 \u00d7 3,0 cm<\/li>\n<li>Peso 180g<\/li>\n<li>Alimentado por una bater\u00eda de bloque de 9 voltios.<\/li>\n<li>Garant\u00eda de 2 a\u00f1os<\/li>\n<\/ul>","protected":false},"excerpt":{"rendered":"<h2>Alcance de la entrega:<\/h2>\n<ul>\n<li>Dispositivo ESM-2 en el estuche.<\/li>\n<li>electrodo de mano<\/li>\n<li><b>Cable de tierra<\/b><\/li>\n<li>bater\u00eda de bloque de 9 voltios<\/li>\n<li>Instrucciones de uso<\/li>\n<\/ul>","protected":false},"featured_media":408,"template":"","meta":[],"product_brand":[],"product_cat":[27,51,28,26,108,50,31,73],"product_tag":[],"class_list":{"0":"post-422","1":"product","2":"type-product","3":"status-publish","4":"has-post-thumbnail","6":"product_cat-grossgeraet","7":"product_cat-grossgeraete","8":"product_cat-heimbedarf","9":"product_cat-kleingeraete","10":"product_cat-kleingeraete-und-sonstiges","11":"product_cat-praxisbedarf","12":"product_cat-sonstiges","13":"product_cat-sonstiges-praxisbedarf","14":"product_shipping_class-kleingeraet","16":"first","17":"instock","18":"shipping-taxable","19":"purchasable","20":"product-type-simple"},"_links":{"self":[{"href":"https:\/\/www.ams-onlineshop.de\/es\/wp-json\/wp\/v2\/product\/422","targetHints":{"allow":["GET"]}}],"collection":[{"href":"https:\/\/www.ams-onlineshop.de\/es\/wp-json\/wp\/v2\/product"}],"about":[{"href":"https:\/\/www.ams-onlineshop.de\/es\/wp-json\/wp\/v2\/types\/product"}],"wp:featuredmedia":[{"embeddable":true,"href":"https:\/\/www.ams-onlineshop.de\/es\/wp-json\/wp\/v2\/media\/408"}],"wp:attachment":[{"href":"https:\/\/www.ams-onlineshop.de\/es\/wp-json\/wp\/v2\/media?parent=422"}],"wp:term":[{"taxonomy":"product_brand","embeddable":true,"href":"https:\/\/www.ams-onlineshop.de\/es\/wp-json\/wp\/v2\/product_brand?post=422"},{"taxonomy":"product_cat","embeddable":true,"href":"https:\/\/www.ams-onlineshop.de\/es\/wp-json\/wp\/v2\/product_cat?post=422"},{"taxonomy":"product_tag","embeddable":true,"href":"https:\/\/www.ams-onlineshop.de\/es\/wp-json\/wp\/v2\/product_tag?post=422"}],"curies":[{"name":"gracias","href":"https:\/\/api.w.org\/{rel}","templated":true}]}}