{"id":444,"date":"2023-05-29T01:24:15","date_gmt":"2023-05-28T23:24:15","guid":{"rendered":"http:\/\/shop.franksarah2023.alfahosting.org\/?post_type=product&#038;p=444"},"modified":"2024-12-03T15:57:14","modified_gmt":"2024-12-03T14:57:14","slug":"teoria-cuantica-de-campos","status":"publish","type":"product","link":"https:\/\/www.ams-onlineshop.de\/es\/produkt\/quantenfeldtheorie\/","title":{"rendered":"Teor\u00eda cu\u00e1ntica de campos"},"content":{"rendered":"<p><b>por la Dra. rer. nat. Wolfgang Ludwig<\/b><br \/>\nDr. rer. nat. W. Ludwig, nacido en 1927, estudi\u00f3 f\u00edsica en Berl\u00edn y qu\u00edmica f\u00edsica en Friburgo, donde se doctor\u00f3 con una tesis sobre &quot;La influencia de las se\u00f1ales electromagn\u00e9ticas en el sistema nervioso&quot;.<\/p>\n<p>En 1984 fund\u00f3 el Instituto de Biof\u00edsica en Horb am Neckar (hoy Weikersheim), donde, entre otras cosas, investig\u00f3 las frecuencias de resonancia de sustancias de importancia biol\u00f3gica y m\u00e9dica.<\/p>\n<p>Dr. Ludwig ha seguido el trabajo de Burkhard Heim desde el principio y puede considerarse uno de los relativamente pocos expertos en la teor\u00eda cu\u00e1ntica de campos desarrollada por B. Heim y W. Dr\u00f6scher.<\/p>\n<p>Los cap\u00edtulos de este libro est\u00e1n llenos de matem\u00e1ticas muy complejas que pueden intimidar incluso a los expertos m\u00e1s experimentados y pueden resultar incomprensibles para muchos lectores.<\/p>\n<p>Sin embargo, el Dr. Ludwig ha logrado transmitir algunos de los fundamentos y conclusiones de la teor\u00eda de forma comprensible.<\/p>\n<p>Los lectores que no tengan conocimientos tan profundos de las matem\u00e1ticas pueden consolarse con el hecho de que los fen\u00f3menos extraordinarios, a menudo negados, encuentran aqu\u00ed el lugar que merecen en contextos estrictamente cient\u00edficos, al se\u00f1alar m\u00e1s all\u00e1 de las limitaciones de las visiones del mundo predominantes.<\/p>\n<p>Burkhard Heim complet\u00f3 junto con el f\u00edsico vien\u00e9s Walter Dr\u00f6scher su teor\u00eda, que ya hab\u00eda concebido en los a\u00f1os 50, y que ahora est\u00e1 disponible completa (1996).<\/p>\n<p>Se intenta presentar las ideas m\u00e1s importantes de este trabajo de forma generalmente comprensible e indicar su aplicaci\u00f3n a la medicina cu\u00e1ntica moderna. Se evitan en gran medida las f\u00f3rmulas.<\/p>\n<ul>\n<li>s\u00f3lo disponible como descarga gratuita<\/li>\n<li><a href=\"http:\/\/www.ams-onlineshop.de\/wp-content\/uploads\/2023\/05\/Quantenfeld_von_B_Heim_Ludwig.pdf\" target=\"_blank\" rel=\"noopener\"><b>La teor\u00eda cu\u00e1ntica de campos extendida (2,5 MB)<\/b><\/a><\/li>\n<\/ul>\n<p>Tambi\u00e9n puedes leer sobre esto aqu\u00ed:<br \/>\n<a href=\"https:\/\/ams-ag.de\/grundlagen-magnetfeldtherapie\/12-dimensionen-nach-burkhard-heim\/\" target=\"_blank\" rel=\"noopener\"><b>12 dimensiones seg\u00fan Burkhard Heim<\/b><\/a>.<\/p>","protected":false},"excerpt":{"rendered":"<ul>\n<li>s\u00f3lo disponible como descarga gratuita<\/li>\n<li>Idioma: Alem\u00e1n<\/li>\n<li><a href=\"http:\/\/www.ams-onlineshop.de\/wp-content\/uploads\/2023\/05\/Quantenfeld_von_B_Heim_Ludwig.pdf\" target=\"_blank\" rel=\"noopener\"><b>La teor\u00eda cu\u00e1ntica de campos extendida (2,5 MB)<\/b><\/a><\/li>\n<\/ul>\n<p>Tambi\u00e9n puedes leer sobre esto aqu\u00ed:<br \/>\n<a href=\"https:\/\/ams-ag.de\/grundlagen-magnetfeldtherapie\/12-dimensionen-nach-burkhard-heim\/\" target=\"_blank\" rel=\"noopener\"><b>12 dimensiones seg\u00fan Burkhard Heim<\/b><\/a>.<\/p>","protected":false},"featured_media":558,"template":"","meta":[],"product_brand":[],"product_cat":[49,107,28,108,73,31],"product_tag":[],"class_list":{"0":"post-444","1":"product","2":"type-product","3":"status-publish","4":"has-post-thumbnail","6":"product_cat-buecher","7":"product_cat-grossgeraete-und-zubehoer","8":"product_cat-heimbedarf","9":"product_cat-kleingeraete-und-sonstiges","10":"product_cat-sonstiges-praxisbedarf","11":"product_cat-sonstiges","12":"product_shipping_class-kostenlos","14":"first","15":"instock","16":"downloadable","17":"virtual","18":"purchasable","19":"product-type-simple"},"_links":{"self":[{"href":"https:\/\/www.ams-onlineshop.de\/es\/wp-json\/wp\/v2\/product\/444","targetHints":{"allow":["GET"]}}],"collection":[{"href":"https:\/\/www.ams-onlineshop.de\/es\/wp-json\/wp\/v2\/product"}],"about":[{"href":"https:\/\/www.ams-onlineshop.de\/es\/wp-json\/wp\/v2\/types\/product"}],"wp:featuredmedia":[{"embeddable":true,"href":"https:\/\/www.ams-onlineshop.de\/es\/wp-json\/wp\/v2\/media\/558"}],"wp:attachment":[{"href":"https:\/\/www.ams-onlineshop.de\/es\/wp-json\/wp\/v2\/media?parent=444"}],"wp:term":[{"taxonomy":"product_brand","embeddable":true,"href":"https:\/\/www.ams-onlineshop.de\/es\/wp-json\/wp\/v2\/product_brand?post=444"},{"taxonomy":"product_cat","embeddable":true,"href":"https:\/\/www.ams-onlineshop.de\/es\/wp-json\/wp\/v2\/product_cat?post=444"},{"taxonomy":"product_tag","embeddable":true,"href":"https:\/\/www.ams-onlineshop.de\/es\/wp-json\/wp\/v2\/product_tag?post=444"}],"curies":[{"name":"gracias","href":"https:\/\/api.w.org\/{rel}","templated":true}]}}