{"id":460,"date":"2023-05-22T19:53:37","date_gmt":"2023-05-22T17:53:37","guid":{"rendered":"http:\/\/shop.franksarah2023.alfahosting.org\/?post_type=product&#038;p=460"},"modified":"2025-11-14T00:25:22","modified_gmt":"2025-11-13T23:25:22","slug":"transferencia-de-ondas","status":"publish","type":"product","link":"https:\/\/www.ams-onlineshop.de\/es\/produkt\/wave-transfer\/","title":{"rendered":"WAVE TRANSFER"},"content":{"rendered":"<p>La descripci\u00f3n detallada del producto se puede encontrar en el siguiente enlace:<br \/>\n<a href=\"https:\/\/ams-ag.de\/produkte\/therapeuten\/wave-transfer-c\/wave-transfer\/\" target=\"_blank\" rel=\"noopener\"><b>WAVE TRANSFER<\/b><\/a><\/p>","protected":false},"excerpt":{"rendered":"<p><b>Transferencia anal\u00f3gica y duplicaci\u00f3n de bioinformaci\u00f3n del original a un medio de almacenamiento.<\/b><\/p>\n<h2>Alcance de la entrega:<\/h2>\n<ul>\n<li>Unidad de control WAVE TRANSFER que incluye cuatro pilas AA<\/li>\n<li>2x vasos \/ MEDICUP, 7 cm de alto, 5,5 cm de di\u00e1metro para entrada y salida<\/li>\n<li>Cable de conexi\u00f3n para el MEDICUPs<\/li>\n<li>Instrucciones de uso<\/li>\n<\/ul>\n<p><abbr id=\"pfeil\"> <img decoding=\"async\" title=\"Puede reconocer los dispositivos desarrollados por Dr. Ludwig\u00ae por el s\u00edmbolo de la flecha. Este s\u00edmbolo representa la creaci\u00f3n de un biocampo electromagn\u00e9tico inspirado en la naturaleza intacta.\" src=\"http:\/\/www.ams-onlineshop.de\/wp-content\/uploads\/2023\/04\/AMS-Pfeil.jpg\" alt=\"flecha AMS\" width=\"75px\" height=\"75px\" \/><\/abbr><\/p>","protected":false},"featured_media":461,"template":"","meta":[],"product_brand":[],"product_cat":[107,50,54],"product_tag":[],"class_list":{"0":"post-460","1":"product","2":"type-product","3":"status-publish","4":"has-post-thumbnail","6":"product_cat-grossgeraete-und-zubehoer","7":"product_cat-praxisbedarf","8":"product_cat-wave-transfer-c","9":"product_shipping_class-grossgeraet","11":"first","12":"instock","13":"shipping-taxable","14":"purchasable","15":"product-type-simple"},"_links":{"self":[{"href":"https:\/\/www.ams-onlineshop.de\/es\/wp-json\/wp\/v2\/product\/460","targetHints":{"allow":["GET"]}}],"collection":[{"href":"https:\/\/www.ams-onlineshop.de\/es\/wp-json\/wp\/v2\/product"}],"about":[{"href":"https:\/\/www.ams-onlineshop.de\/es\/wp-json\/wp\/v2\/types\/product"}],"wp:featuredmedia":[{"embeddable":true,"href":"https:\/\/www.ams-onlineshop.de\/es\/wp-json\/wp\/v2\/media\/461"}],"wp:attachment":[{"href":"https:\/\/www.ams-onlineshop.de\/es\/wp-json\/wp\/v2\/media?parent=460"}],"wp:term":[{"taxonomy":"product_brand","embeddable":true,"href":"https:\/\/www.ams-onlineshop.de\/es\/wp-json\/wp\/v2\/product_brand?post=460"},{"taxonomy":"product_cat","embeddable":true,"href":"https:\/\/www.ams-onlineshop.de\/es\/wp-json\/wp\/v2\/product_cat?post=460"},{"taxonomy":"product_tag","embeddable":true,"href":"https:\/\/www.ams-onlineshop.de\/es\/wp-json\/wp\/v2\/product_tag?post=460"}],"curies":[{"name":"gracias","href":"https:\/\/api.w.org\/{rel}","templated":true}]}}