{"id":321,"date":"2023-05-22T19:35:12","date_gmt":"2023-05-22T17:35:12","guid":{"rendered":"http:\/\/shop.franksarah2023.alfahosting.org\/?post_type=product&#038;p=321"},"modified":"2026-02-01T00:26:33","modified_gmt":"2026-01-31T23:26:33","slug":"metronome-c","status":"publish","type":"product","link":"https:\/\/www.ams-onlineshop.de\/fr\/produkt\/metronom-c\/","title":{"rendered":"METRONOM C"},"content":{"rendered":"<h2>Politique de retour de 90 jours<\/h2>\n<p><img decoding=\"async\" class=\"size-full wp-image-508 alignright\" src=\"http:\/\/www.ams-onlineshop.de\/wp-content\/uploads\/2023\/04\/AMS_90-Tage.jpg\" alt=\"Politique de retour AMS de 90 jours\" width=\"75\" height=\"75\" \/>Lorsque vous achetez un de nos petits \u00e9lectrom\u00e9nagers, vous disposez d\u2019un droit de retour de 90 jours. Si vous nous renvoyez l&#039;appareil en parfait \u00e9tat dans ce d\u00e9lai, nous vous rembourserons l&#039;int\u00e9gralit\u00e9 du prix d&#039;achat (moins les frais de port).<\/p>\n<h2>Description d\u00e9taill\u00e9e du produit<\/h2>\n<p>La description d\u00e9taill\u00e9e du produit peut \u00eatre trouv\u00e9e sur le lien suivant :<br \/>\n<a href=\"https:\/\/ams-ag.de\/produkte\/heimbedarf\/kleingeraete\/metronom-c\/\" target=\"_blank\" rel=\"noopener\"><b>METRONOM C<\/b><\/a><\/p>\n<p>\u2026 pour les th\u00e9rapeutes :<br \/>\n<a href=\"https:\/\/ams-ag.de\/produkte\/therapeuten\/kleingeraete\/metronom-c\/\" target=\"_blank\" rel=\"noopener\"><b>METRONOM C<\/b><\/a><\/p>","protected":false},"excerpt":{"rendered":"<p><b>Identique au METRONOM solar avec un espace de stockage suppl\u00e9mentaire pour les informations num\u00e9riques.<\/b><\/p>\n<h2>contenu de la livraison<\/h2>\n<ul>\n<li>METRONOM C avec batterie bloc 9 volts<\/li>\n<li>Porte-ampoule<\/li>\n<li>trois ampoules en verre<\/li>\n<li>Bandage velcro<\/li>\n<li>Mode d&#039;emploi<\/li>\n<\/ul>\n<p><abbr id=\"pfeil\"> <img decoding=\"async\" title=\"Vous pouvez reconna\u00eetre les appareils d\u00e9velopp\u00e9s par Dr. Ludwig\u00ae gr\u00e2ce au symbole de la fl\u00e8che. Ce symbole repr\u00e9sente la cr\u00e9ation d\u2019un champ biologique \u00e9lectromagn\u00e9tique calqu\u00e9 sur une nature intacte.\" src=\"http:\/\/www.ams-onlineshop.de\/wp-content\/uploads\/2023\/04\/AMS-Pfeil.jpg\" alt=\"Fl\u00e8che AMS\" width=\"75px\" height=\"75px\" \/> <\/abbr> <abbr id=\"neunzigtage\"> <img decoding=\"async\" title=\"Vous disposez d&#039;un droit de retour de 90 jours. Si vous nous renvoyez l&#039;appareil en parfait \u00e9tat dans ce d\u00e9lai, nous vous rembourserons l&#039;int\u00e9gralit\u00e9 du prix d&#039;achat (moins les frais de port).\" src=\"http:\/\/www.ams-onlineshop.de\/wp-content\/uploads\/2023\/04\/AMS_90-Tage.jpg\" width=\"75px\" height=\"75px\" \/> <\/abbr><\/p>","protected":false},"featured_media":587,"template":"","meta":[],"product_brand":[],"product_cat":[107,28,26,108,78,50],"product_tag":[],"class_list":{"0":"post-321","1":"product","2":"type-product","3":"status-publish","4":"has-post-thumbnail","6":"product_cat-grossgeraete-und-zubehoer","7":"product_cat-heimbedarf","8":"product_cat-kleingeraete","9":"product_cat-kleingeraete-und-sonstiges","10":"product_cat-metronom-c","11":"product_cat-praxisbedarf","12":"product_shipping_class-kleingeraet","14":"first","15":"instock","16":"shipping-taxable","17":"purchasable","18":"product-type-simple"},"_links":{"self":[{"href":"https:\/\/www.ams-onlineshop.de\/fr\/wp-json\/wp\/v2\/product\/321","targetHints":{"allow":["GET"]}}],"collection":[{"href":"https:\/\/www.ams-onlineshop.de\/fr\/wp-json\/wp\/v2\/product"}],"about":[{"href":"https:\/\/www.ams-onlineshop.de\/fr\/wp-json\/wp\/v2\/types\/product"}],"wp:featuredmedia":[{"embeddable":true,"href":"https:\/\/www.ams-onlineshop.de\/fr\/wp-json\/wp\/v2\/media\/587"}],"wp:attachment":[{"href":"https:\/\/www.ams-onlineshop.de\/fr\/wp-json\/wp\/v2\/media?parent=321"}],"wp:term":[{"taxonomy":"product_brand","embeddable":true,"href":"https:\/\/www.ams-onlineshop.de\/fr\/wp-json\/wp\/v2\/product_brand?post=321"},{"taxonomy":"product_cat","embeddable":true,"href":"https:\/\/www.ams-onlineshop.de\/fr\/wp-json\/wp\/v2\/product_cat?post=321"},{"taxonomy":"product_tag","embeddable":true,"href":"https:\/\/www.ams-onlineshop.de\/fr\/wp-json\/wp\/v2\/product_tag?post=321"}],"curies":[{"name":"wp","href":"https:\/\/api.w.org\/{rel}","templated":true}]}}