{"id":323,"date":"2023-05-22T19:35:12","date_gmt":"2023-05-22T17:35:12","guid":{"rendered":"http:\/\/shop.franksarah2023.alfahosting.org\/?post_type=product&#038;p=323"},"modified":"2026-02-01T00:28:06","modified_gmt":"2026-01-31T23:28:06","slug":"medicurcolor","status":"publish","type":"product","link":"https:\/\/www.ams-onlineshop.de\/fr\/produkt\/medicurcolor\/","title":{"rendered":"MEDICUR\u00aecolor"},"content":{"rendered":"<h2>Politique de retour de 90 jours<\/h2>\n<p><img decoding=\"async\" class=\"size-full wp-image-508 alignright\" src=\"http:\/\/www.ams-onlineshop.de\/wp-content\/uploads\/2023\/04\/AMS_90-Tage.jpg\" alt=\"Politique de retour AMS de 90 jours\" width=\"75\" height=\"75\" \/>Lorsque vous achetez un de nos petits \u00e9lectrom\u00e9nagers, vous disposez d\u2019un droit de retour de 90 jours. Si vous nous renvoyez l&#039;appareil en parfait \u00e9tat dans ce d\u00e9lai, nous vous rembourserons l&#039;int\u00e9gralit\u00e9 du prix d&#039;achat (moins les frais de port).<\/p>\n<h2>Description d\u00e9taill\u00e9e du produit<\/h2>\n<p>La description d\u00e9taill\u00e9e du produit peut \u00eatre trouv\u00e9e sur le lien suivant :<br \/>\n<a href=\"https:\/\/ams-ag.de\/produkte\/heimbedarf\/kleingeraete\/medicurcolor\/\" target=\"_blank\" rel=\"noopener\"><b>MEDICUR\u00aecolor<\/b><\/a><\/p>","protected":false},"excerpt":{"rendered":"<p><b>Combine un champ magn\u00e9tique puls\u00e9 et des couleurs.<\/b><\/p>\n<h2>contenu de la livraison<\/h2>\n<ul>\n<li>MEDICUR\u00aecolor avec batterie bloc 9 volts<\/li>\n<li>Porte-ampoule<\/li>\n<li>trois ampoules en verre<\/li>\n<li>Bandage velcro<\/li>\n<li>Mode d&#039;emploi<\/li>\n<\/ul>\n<p><abbr id=\"pfeil\"> <img decoding=\"async\" title=\"Vous pouvez reconna\u00eetre les appareils d\u00e9velopp\u00e9s par Dr. Ludwig\u00ae gr\u00e2ce au symbole de la fl\u00e8che. Ce symbole repr\u00e9sente la cr\u00e9ation d\u2019un champ biologique \u00e9lectromagn\u00e9tique calqu\u00e9 sur une nature intacte.\" src=\"http:\/\/www.ams-onlineshop.de\/wp-content\/uploads\/2023\/04\/AMS-Pfeil.jpg\" alt=\"Fl\u00e8che AMS\" width=\"75px\" height=\"75px\" \/> <\/abbr> <abbr id=\"neunzigtage\"> <img decoding=\"async\" title=\"Vous disposez d&#039;un droit de retour de 90 jours. Si vous nous renvoyez l&#039;appareil en parfait \u00e9tat dans ce d\u00e9lai, nous vous rembourserons l&#039;int\u00e9gralit\u00e9 du prix d&#039;achat (moins les frais de port).\" src=\"http:\/\/www.ams-onlineshop.de\/wp-content\/uploads\/2023\/04\/AMS_90-Tage.jpg\" width=\"75px\" height=\"75px\" \/> <\/abbr><\/p>","protected":false},"featured_media":324,"template":"","meta":[],"product_brand":[],"product_cat":[28,26,108,79],"product_tag":[],"class_list":{"0":"post-323","1":"product","2":"type-product","3":"status-publish","4":"has-post-thumbnail","6":"product_cat-heimbedarf","7":"product_cat-kleingeraete","8":"product_cat-kleingeraete-und-sonstiges","9":"product_cat-medicurcolor","10":"product_shipping_class-kleingeraet","12":"first","13":"instock","14":"shipping-taxable","15":"purchasable","16":"product-type-simple"},"_links":{"self":[{"href":"https:\/\/www.ams-onlineshop.de\/fr\/wp-json\/wp\/v2\/product\/323","targetHints":{"allow":["GET"]}}],"collection":[{"href":"https:\/\/www.ams-onlineshop.de\/fr\/wp-json\/wp\/v2\/product"}],"about":[{"href":"https:\/\/www.ams-onlineshop.de\/fr\/wp-json\/wp\/v2\/types\/product"}],"wp:featuredmedia":[{"embeddable":true,"href":"https:\/\/www.ams-onlineshop.de\/fr\/wp-json\/wp\/v2\/media\/324"}],"wp:attachment":[{"href":"https:\/\/www.ams-onlineshop.de\/fr\/wp-json\/wp\/v2\/media?parent=323"}],"wp:term":[{"taxonomy":"product_brand","embeddable":true,"href":"https:\/\/www.ams-onlineshop.de\/fr\/wp-json\/wp\/v2\/product_brand?post=323"},{"taxonomy":"product_cat","embeddable":true,"href":"https:\/\/www.ams-onlineshop.de\/fr\/wp-json\/wp\/v2\/product_cat?post=323"},{"taxonomy":"product_tag","embeddable":true,"href":"https:\/\/www.ams-onlineshop.de\/fr\/wp-json\/wp\/v2\/product_tag?post=323"}],"curies":[{"name":"wp","href":"https:\/\/api.w.org\/{rel}","templated":true}]}}