{"id":325,"date":"2023-03-27T19:28:17","date_gmt":"2023-03-27T17:28:17","guid":{"rendered":"http:\/\/shop.franksarah2023.alfahosting.org\/?post_type=product&#038;p=325"},"modified":"2024-09-14T01:11:02","modified_gmt":"2024-09-13T23:11:02","slug":"medisendsuper","status":"publish","type":"product","link":"https:\/\/www.ams-onlineshop.de\/fr\/produkt\/medisendsuper\/","title":{"rendered":"MEDISEND\u00aesuper"},"content":{"rendered":"<p>La description d\u00e9taill\u00e9e du produit peut \u00eatre trouv\u00e9e sur le lien suivant :<br \/>\n<a href=\"https:\/\/ams-ag.de\/produkte\/heimbedarf\/grossgeraet\/medisendsuper\/\" target=\"_blank\" rel=\"noopener\"><b>MEDISEND\u00aesuper<\/b><\/a><\/p>\n<p>\u2026 pour les th\u00e9rapeutes :<br \/>\n<a href=\"https:\/\/ams-ag.de\/produkte\/therapeuten \/ grossgeraete\/medisendsuper-c\/\" target=\"_blank\" rel=\"noopener\"><b>MEDISEND\u00aesuper\/MEDISEND\u00aesuper C<\/b><\/a><\/p>\n<p>\u2026 pour les zooth\u00e9rapeutes :<br \/>\n<a href=\"https:\/\/ams-ag.de\/produkte\/tiertherapeuten\/grossgeraete\/\" target=\"_blank\" rel=\"noopener\"><b>Gros \u00e9lectrom\u00e9nager<\/b><\/a><\/p>","protected":false},"excerpt":{"rendered":"<p><b>Le MEDISEND\u00aesuper est la version standard de notre s\u00e9rie MEDISEND\u00aesuper. Il est utilis\u00e9 aussi bien par les th\u00e9rapeutes que dans le secteur priv\u00e9.<\/b><\/p>\n<h2>Contenu de la livraison :<\/h2>\n<ul>\n<li>Unit\u00e9 de contr\u00f4le MEDISEND\u00aesuper<\/li>\n<li>Boucle applicateur MAGNETO<\/li>\n<li>Chargeur<\/li>\n<li>instructions d\u00e9taill\u00e9es d&#039;utilisation et mat\u00e9riel d&#039;information<\/li>\n<\/ul>\n<p><b>Non inclus dans la livraison :<\/b><br \/>\nMEDICUP, \u00e9lectrodes manuelles et CEPES-Laser\u00aeVario. Ils sont disponibles en option comme accessoires.<\/p>\n<p><abbr id=\"pfeil\"> <img decoding=\"async\" title=\"Vous pouvez reconna\u00eetre les appareils d\u00e9velopp\u00e9s par Dr. Ludwig\u00ae gr\u00e2ce au symbole de la fl\u00e8che. Ce symbole repr\u00e9sente la cr\u00e9ation d\u2019un champ biologique \u00e9lectromagn\u00e9tique calqu\u00e9 sur une nature intacte.\" src=\"http:\/\/www.ams-onlineshop.de\/wp-content\/uploads\/2023\/04\/AMS-Pfeil.jpg\" alt=\"Fl\u00e8che AMS\" width=\"75px\" height=\"75px\" \/> <\/abbr><\/p>","protected":false},"featured_media":970,"template":"","meta":[],"product_brand":[],"product_cat":[27,51,107,28,50],"product_tag":[],"class_list":{"0":"post-325","1":"product","2":"type-product","3":"status-publish","4":"has-post-thumbnail","6":"product_cat-grossgeraet","7":"product_cat-grossgeraete","8":"product_cat-grossgeraete-und-zubehoer","9":"product_cat-heimbedarf","10":"product_cat-praxisbedarf","11":"product_shipping_class-grossgeraet","13":"first","14":"instock","15":"shipping-taxable","16":"purchasable","17":"product-type-simple"},"_links":{"self":[{"href":"https:\/\/www.ams-onlineshop.de\/fr\/wp-json\/wp\/v2\/product\/325","targetHints":{"allow":["GET"]}}],"collection":[{"href":"https:\/\/www.ams-onlineshop.de\/fr\/wp-json\/wp\/v2\/product"}],"about":[{"href":"https:\/\/www.ams-onlineshop.de\/fr\/wp-json\/wp\/v2\/types\/product"}],"wp:featuredmedia":[{"embeddable":true,"href":"https:\/\/www.ams-onlineshop.de\/fr\/wp-json\/wp\/v2\/media\/970"}],"wp:attachment":[{"href":"https:\/\/www.ams-onlineshop.de\/fr\/wp-json\/wp\/v2\/media?parent=325"}],"wp:term":[{"taxonomy":"product_brand","embeddable":true,"href":"https:\/\/www.ams-onlineshop.de\/fr\/wp-json\/wp\/v2\/product_brand?post=325"},{"taxonomy":"product_cat","embeddable":true,"href":"https:\/\/www.ams-onlineshop.de\/fr\/wp-json\/wp\/v2\/product_cat?post=325"},{"taxonomy":"product_tag","embeddable":true,"href":"https:\/\/www.ams-onlineshop.de\/fr\/wp-json\/wp\/v2\/product_tag?post=325"}],"curies":[{"name":"wp","href":"https:\/\/api.w.org\/{rel}","templated":true}]}}