{"id":375,"date":"2023-05-22T00:51:11","date_gmt":"2023-05-21T22:51:11","guid":{"rendered":"http:\/\/shop.franksarah2023.alfahosting.org\/?post_type=product&#038;p=375"},"modified":"2025-03-22T02:35:08","modified_gmt":"2025-03-22T01:35:08","slug":"bloc-aimants","status":"publish","type":"product","link":"https:\/\/www.ams-onlineshop.de\/fr\/produkt\/blockmagnete\/","title":{"rendered":"Bloquer les aimants"},"content":{"rendered":"<p>La description d\u00e9taill\u00e9e du produit peut \u00eatre trouv\u00e9e sur le lien suivant :<br \/>\n<a href=\"https:\/\/ams-ag.de\/produkte\/heimbedarf\/wasseraufbereitung\/blockmagnete\/\" target=\"_blank\" rel=\"noopener\"><b>Bloquer les aimants<\/b><\/a><\/p>","protected":false},"excerpt":{"rendered":"<p><b>Le compl\u00e9ment optimal \u00e0 votre appareil de traitement de l&#039;eau spring-time\u00ae420 pro.<\/b><\/p>\n<h2>contenu de la livraison<\/h2>\n<ul>\n<li>une paire de blocs magn\u00e9tiques structurellement modifi\u00e9s<\/li>\n<li>Instructions<\/li>\n<li>mat\u00e9riel de fixation<\/li>\n<\/ul>","protected":false},"featured_media":376,"template":"","meta":[],"product_brand":[],"product_cat":[70,28,71,31,67,68,69,110,22,29,109,32],"product_tag":[],"class_list":{"0":"post-375","1":"product","2":"type-product","3":"status-publish","4":"has-post-thumbnail","6":"product_cat-bluebalance-wasserstoffgenerator","7":"product_cat-heimbedarf","8":"product_cat-purwater-pro","9":"product_cat-sonstiges","10":"product_cat-spring-time420-pro","11":"product_cat-spring-timepremium-pro","12":"product_cat-spring-timepremium-pro-vorfilter","13":"product_cat-spring-timeprofessional-pro","14":"product_cat-unkategorisiert","15":"product_cat-wasseraufbereitung","16":"product_cat-wasseraufbereitung-und-zubehoer","17":"product_cat-zubehoer","18":"product_shipping_class-kleingeraet","20":"first","21":"instock","22":"shipping-taxable","23":"purchasable","24":"product-type-simple"},"_links":{"self":[{"href":"https:\/\/www.ams-onlineshop.de\/fr\/wp-json\/wp\/v2\/product\/375","targetHints":{"allow":["GET"]}}],"collection":[{"href":"https:\/\/www.ams-onlineshop.de\/fr\/wp-json\/wp\/v2\/product"}],"about":[{"href":"https:\/\/www.ams-onlineshop.de\/fr\/wp-json\/wp\/v2\/types\/product"}],"wp:featuredmedia":[{"embeddable":true,"href":"https:\/\/www.ams-onlineshop.de\/fr\/wp-json\/wp\/v2\/media\/376"}],"wp:attachment":[{"href":"https:\/\/www.ams-onlineshop.de\/fr\/wp-json\/wp\/v2\/media?parent=375"}],"wp:term":[{"taxonomy":"product_brand","embeddable":true,"href":"https:\/\/www.ams-onlineshop.de\/fr\/wp-json\/wp\/v2\/product_brand?post=375"},{"taxonomy":"product_cat","embeddable":true,"href":"https:\/\/www.ams-onlineshop.de\/fr\/wp-json\/wp\/v2\/product_cat?post=375"},{"taxonomy":"product_tag","embeddable":true,"href":"https:\/\/www.ams-onlineshop.de\/fr\/wp-json\/wp\/v2\/product_tag?post=375"}],"curies":[{"name":"wp","href":"https:\/\/api.w.org\/{rel}","templated":true}]}}