{"id":377,"date":"2023-04-27T16:10:35","date_gmt":"2023-04-27T14:10:35","guid":{"rendered":"http:\/\/shop.franksarah2023.alfahosting.org\/?post_type=product&#038;p=377"},"modified":"2024-09-14T02:13:37","modified_gmt":"2024-09-14T00:13:37","slug":"medecine","status":"publish","type":"product","link":"https:\/\/www.ams-onlineshop.de\/fr\/produkt\/medicup\/","title":{"rendered":"MEDICUP"},"content":{"rendered":"<h2>Utilisation et utilisation<\/h2>\n<p>Notre MEDICUP peut \u00eatre connect\u00e9 au MEDISEND\u00aesuper pour transmettre des bioinformations exog\u00e8nes.<br \/>\n<img fetchpriority=\"high\" decoding=\"async\" class=\"size-full wp-image-382 alignright\" src=\"http:\/\/www.ams-onlineshop.de\/wp-content\/uploads\/2023\/03\/csm_AMS_Medisend_super_mit_Magneto-Schlaufe_und_Medicup_b4461af757.jpg\" alt=\"AMS Medisend super avec boucle magn\u00e9to et Medicup\" width=\"250\" height=\"245\" \/><br \/>\nTous les substrats que vous souhaitez transf\u00e9rer avec le champ magn\u00e9tique puls\u00e9 dans le sens de la bior\u00e9sonance sont plac\u00e9s dans le MEDICUP connect\u00e9. Le champ magn\u00e9tique est utilis\u00e9 non seulement comme onde d\u2019application, mais aussi comme onde porteuse.<\/p>\n<p>La transmission des informations est ind\u00e9pendante de la fr\u00e9quence que vous choisissez : chaque fr\u00e9quence est une onde porteuse et peut \u00eatre utilis\u00e9e pour l&#039;oscillation\/la transmission.<\/p>\n<p>Vous pouvez lire exactement ce qu&#039;est la r\u00e9ponse transitoire des substrats et les informations dans l&#039;\u00e9l\u00e9ment de menu Substrate Transfer.<br \/>\n<a href=\"https:\/\/ams-ag.de\/grundlagen-magnetfeldtherapie\/magnetfeldtherapie-und-bioinformative-medizin\/substratuebertragung\/\" target=\"_blank\" rel=\"noopener\"><b>Transfert de substrat<\/b><\/a><\/p>\n<h2>Caract\u00e9ristiques<\/h2>\n<p>Notre MEDICUP est un gobelet \u00e0 m\u00e9dicaments bipolaire qui n&#039;absorbe qu&#039;environ 1 % d&#039;\u00e9lectrosmog gr\u00e2ce \u00e0 sa division interne en deux moiti\u00e9s. Cela signifie une qualit\u00e9 extraordinairement \u00e9lev\u00e9e, presque sans \u00e9lectrosmog, pour la transmission et le stockage du signal.<\/p>\n<p>\u00c0 l&#039;int\u00e9rieur, le MEDICUP se compose de deux moiti\u00e9s de coupelle s\u00e9par\u00e9es en alliage d&#039;aluminium sp\u00e9cial (num\u00e9ro de protection du mod\u00e8le d&#039;utilit\u00e9 398 29 987).<\/p>\n<p>La description du produit destin\u00e9e aux milieux sp\u00e9cialis\u00e9s peut \u00eatre trouv\u00e9e ici :<br \/>\n<a href=\"https:\/\/ams-ag.de\/produkte\/therapeuten\/grossgeraete\/medicup\/\" target=\"_blank\" rel=\"noopener\"><b>MEDICUP<\/b><\/a><\/p>","protected":false},"excerpt":{"rendered":"<p>Notre MEDICUP peut \u00eatre connect\u00e9 au MEDISEND\u00aesuper pour transmettre des bioinformations exog\u00e8nes.<\/p>\n<ul>\n<li>Hauteur 7cm<\/li>\n<li>Diam\u00e8tre int\u00e9rieur 5,5 cm<\/li>\n<li>Poids 250g<\/li>\n<li>avec c\u00e2ble de connexion (18 cm)<\/li>\n<\/ul>","protected":false},"featured_media":550,"template":"","meta":[],"product_brand":[],"product_cat":[53,30,27,51,107,28,50],"product_tag":[],"class_list":{"0":"post-377","1":"product","2":"type-product","3":"status-publish","4":"has-post-thumbnail","6":"product_cat-geraetezubehoer-grossgeraete","7":"product_cat-geraetezubehoer","8":"product_cat-grossgeraet","9":"product_cat-grossgeraete","10":"product_cat-grossgeraete-und-zubehoer","11":"product_cat-heimbedarf","12":"product_cat-praxisbedarf","13":"product_shipping_class-kleingeraet","15":"first","16":"instock","17":"shipping-taxable","18":"purchasable","19":"product-type-simple"},"_links":{"self":[{"href":"https:\/\/www.ams-onlineshop.de\/fr\/wp-json\/wp\/v2\/product\/377","targetHints":{"allow":["GET"]}}],"collection":[{"href":"https:\/\/www.ams-onlineshop.de\/fr\/wp-json\/wp\/v2\/product"}],"about":[{"href":"https:\/\/www.ams-onlineshop.de\/fr\/wp-json\/wp\/v2\/types\/product"}],"wp:featuredmedia":[{"embeddable":true,"href":"https:\/\/www.ams-onlineshop.de\/fr\/wp-json\/wp\/v2\/media\/550"}],"wp:attachment":[{"href":"https:\/\/www.ams-onlineshop.de\/fr\/wp-json\/wp\/v2\/media?parent=377"}],"wp:term":[{"taxonomy":"product_brand","embeddable":true,"href":"https:\/\/www.ams-onlineshop.de\/fr\/wp-json\/wp\/v2\/product_brand?post=377"},{"taxonomy":"product_cat","embeddable":true,"href":"https:\/\/www.ams-onlineshop.de\/fr\/wp-json\/wp\/v2\/product_cat?post=377"},{"taxonomy":"product_tag","embeddable":true,"href":"https:\/\/www.ams-onlineshop.de\/fr\/wp-json\/wp\/v2\/product_tag?post=377"}],"curies":[{"name":"wp","href":"https:\/\/api.w.org\/{rel}","templated":true}]}}