{"id":379,"date":"2023-05-22T00:48:56","date_gmt":"2023-05-21T22:48:56","guid":{"rendered":"http:\/\/shop.franksarah2023.alfahosting.org\/?post_type=product&#038;p=379"},"modified":"2024-09-14T02:14:38","modified_gmt":"2024-09-14T00:14:38","slug":"electrodes-a-main","status":"publish","type":"product","link":"https:\/\/www.ams-onlineshop.de\/fr\/produkt\/handelektroden\/","title":{"rendered":"\u00e9lectrodes \u00e0 main"},"content":{"rendered":"<h2>Utilisation et utilisation<\/h2>\n<p>Les \u00e9lectrodes manuelles peuvent \u00eatre connect\u00e9es au MEDISEND\u00aesuper pour la transmission de bioinformations endog\u00e8nes.<br \/>\n<img decoding=\"async\" class=\"alignright\" src=\"http:\/\/www.ams-onlineshop.de\/wp-content\/uploads\/2023\/03\/csm_AMS_Medisend_super_mit_Handelektroden_und_Medicup_ebce0245e1.jpg\" alt=\"AMS Medisend id\u00e9al avec les \u00e9lectrodes manuelles et Medicup\" \/><\/p>\n<p>\u00c0 l\u2019aide de quelques \u00e9lectrodes manuelles, l\u2019ensemble du spectre de fr\u00e9quences naturel du corps peut \u00eatre modul\u00e9 de mani\u00e8re non sp\u00e9cifique sur le champ magn\u00e9tique puls\u00e9 en tant que bioinformation.<\/p>\n<p>Le champ magn\u00e9tique est utilis\u00e9 non seulement comme onde d\u2019application, mais aussi comme onde porteuse.<\/p>\n<p>Avec le MEDICUP, les \u00e9lectrodes manuelles sont connect\u00e9es \u00e0 l&#039;ENTR\u00c9E de l&#039;appareil sur le c\u00f4t\u00e9 gauche. Pendant l&#039;utilisation, les \u00e9lectrodes manuelles sont tenues \u00e0 deux mains ou mises en contact sym\u00e9trique avec la peau (par exemple pouss\u00e9es sous l&#039;arri\u00e8re des genoux).<\/p>\n<p>Gr\u00e2ce \u00e0 un contact cutan\u00e9 sym\u00e9trique (moiti\u00e9 droite et gauche du corps), la bioinformation endog\u00e8ne est capt\u00e9e par les \u00e9lectrodes manuelles et renvoy\u00e9e au corps sous forme de \u00ab signaux d\u2019attention \u00bb au sens de bior\u00e9sonance.<\/p>\n<p><b>La description du produit destin\u00e9e aux milieux sp\u00e9cialis\u00e9s peut \u00eatre trouv\u00e9e ici :<\/b><br \/>\n<a href=\"https:\/\/ams-ag.de\/produkte\/therapeuten\/grossgeraete\/handelektroden\/\" target=\"_blank\" rel=\"noopener\"><b>\u00e9lectrodes \u00e0 main<\/b><\/a><\/p>","protected":false},"excerpt":{"rendered":"<p>Les \u00e9lectrodes manuelles peuvent \u00eatre connect\u00e9es au MEDISEND\u00aesuper pour la transmission de bioinformations endog\u00e8nes.<\/p>\n<h2>Paire d&#039;\u00e9lectrodes manuelles<\/h2>\n<ul>\n<li>compos\u00e9 d&#039;acier V2A<\/li>\n<li>Poids 150g par pi\u00e8ce<\/li>\n<li>Longueur 12 cm<\/li>\n<li>Diam\u00e8tre 3cm<\/li>\n<li>avec c\u00e2ble de connexion (2 m)<\/li>\n<\/ul>","protected":false},"featured_media":380,"template":"","meta":[],"product_brand":[],"product_cat":[53,30,27,51,107,28,50],"product_tag":[],"class_list":{"0":"post-379","1":"product","2":"type-product","3":"status-publish","4":"has-post-thumbnail","6":"product_cat-geraetezubehoer-grossgeraete","7":"product_cat-geraetezubehoer","8":"product_cat-grossgeraet","9":"product_cat-grossgeraete","10":"product_cat-grossgeraete-und-zubehoer","11":"product_cat-heimbedarf","12":"product_cat-praxisbedarf","13":"product_shipping_class-kleingeraet","15":"first","16":"instock","17":"shipping-taxable","18":"purchasable","19":"product-type-simple"},"_links":{"self":[{"href":"https:\/\/www.ams-onlineshop.de\/fr\/wp-json\/wp\/v2\/product\/379","targetHints":{"allow":["GET"]}}],"collection":[{"href":"https:\/\/www.ams-onlineshop.de\/fr\/wp-json\/wp\/v2\/product"}],"about":[{"href":"https:\/\/www.ams-onlineshop.de\/fr\/wp-json\/wp\/v2\/types\/product"}],"wp:featuredmedia":[{"embeddable":true,"href":"https:\/\/www.ams-onlineshop.de\/fr\/wp-json\/wp\/v2\/media\/380"}],"wp:attachment":[{"href":"https:\/\/www.ams-onlineshop.de\/fr\/wp-json\/wp\/v2\/media?parent=379"}],"wp:term":[{"taxonomy":"product_brand","embeddable":true,"href":"https:\/\/www.ams-onlineshop.de\/fr\/wp-json\/wp\/v2\/product_brand?post=379"},{"taxonomy":"product_cat","embeddable":true,"href":"https:\/\/www.ams-onlineshop.de\/fr\/wp-json\/wp\/v2\/product_cat?post=379"},{"taxonomy":"product_tag","embeddable":true,"href":"https:\/\/www.ams-onlineshop.de\/fr\/wp-json\/wp\/v2\/product_tag?post=379"}],"curies":[{"name":"wp","href":"https:\/\/api.w.org\/{rel}","templated":true}]}}