{"id":386,"date":"2023-05-22T00:48:55","date_gmt":"2023-05-21T22:48:55","guid":{"rendered":"http:\/\/shop.franksarah2023.alfahosting.org\/?post_type=product&#038;p=386"},"modified":"2024-09-14T02:16:33","modified_gmt":"2024-09-14T00:16:33","slug":"anneau-magneto","status":"publish","type":"product","link":"https:\/\/www.ams-onlineshop.de\/fr\/produkt\/magneto-ring\/","title":{"rendered":"Bague MAGNETO"},"content":{"rendered":"<h2>Mission<\/h2>\n<p><img fetchpriority=\"high\" decoding=\"async\" class=\"alignright\" src=\"http:\/\/www.ams-onlineshop.de\/wp-content\/uploads\/2023\/05\/csm_AMS_Medisend_super_mit_Magneto-Ring_8378fcbac9-300x293.jpg\" alt=\"AMS Medisend super avec anneau magn\u00e9to\" width=\"250\" height=\"245\" \/>Comme la boucle MAGNETO, l&#039;anneau MAGNETO est \u00e9galement un applicateur pour transmettre le champ magn\u00e9tique puls\u00e9. Il peut \u00eatre connect\u00e9 au MEDISEND\u00aesuper comme la boucle :<br \/>\nDe par sa taille et sa flexibilit\u00e9, il est notamment utilis\u00e9 pour une utilisation sur les animaux, notamment les gros animaux. Mais il est \u00e9galement tr\u00e8s utile pour les humains lorsqu\u2019il est utilis\u00e9 sur de grandes surfaces.<\/p>\n<p>L&#039;anneau est connect\u00e9 au c\u00f4t\u00e9 droit de l&#039;appareil et \u00e9met le champ magn\u00e9tique puls\u00e9 \u00e0 la fr\u00e9quence que vous avez d\u00e9finie sur l&#039;appareil.<\/p>\n<p>Avec le champ magn\u00e9tique, les bioinformations endog\u00e8nes et exog\u00e8nes sont \u00e9galement transmises via l&#039;anneau, qui atteint l&#039;entr\u00e9e de l&#039;appareil via le MEDICUP connect\u00e9 et les \u00e9lectrodes manuelles.<\/p>\n<p>Pour l&#039;utiliser, il suffit de le poser sur ou \u00e0 c\u00f4t\u00e9 du corps. Le champ a une port\u00e9e physiologique d&#039;environ deux m\u00e8tres.<\/p>\n<p><b>La description du produit destin\u00e9e aux milieux sp\u00e9cialis\u00e9s peut \u00eatre trouv\u00e9e ici :<\/b><br \/>\n<a href=\"https:\/\/ams-ag.de\/produkte\/therapeuten\/grossgeraete\/magneto-ring\/\" target=\"_blank\" rel=\"noopener\"><b>Bague MAGNETO<\/b><\/a><\/p>","protected":false},"excerpt":{"rendered":"<p>Comme la boucle MAGNETO, l&#039;anneau MAGNETO est \u00e9galement un applicateur pour transmettre le champ magn\u00e9tique puls\u00e9. Il peut \u00eatre connect\u00e9 au MEDISEND\u00aesuper comme la boucle.<\/p>\n<ul>\n<li>mat\u00e9riau souple et flexible<\/li>\n<li>Diam\u00e8tre de la boucle 60 cm<\/li>\n<li>Poids 300g<\/li>\n<li>C\u00e2ble de connexion 3 m<\/li>\n<\/ul>","protected":false},"featured_media":387,"template":"","meta":[],"product_brand":[],"product_cat":[53,30,27,51,107,28,50],"product_tag":[],"class_list":{"0":"post-386","1":"product","2":"type-product","3":"status-publish","4":"has-post-thumbnail","6":"product_cat-geraetezubehoer-grossgeraete","7":"product_cat-geraetezubehoer","8":"product_cat-grossgeraet","9":"product_cat-grossgeraete","10":"product_cat-grossgeraete-und-zubehoer","11":"product_cat-heimbedarf","12":"product_cat-praxisbedarf","13":"product_shipping_class-kleingeraet","15":"first","16":"instock","17":"shipping-taxable","18":"purchasable","19":"product-type-simple"},"_links":{"self":[{"href":"https:\/\/www.ams-onlineshop.de\/fr\/wp-json\/wp\/v2\/product\/386","targetHints":{"allow":["GET"]}}],"collection":[{"href":"https:\/\/www.ams-onlineshop.de\/fr\/wp-json\/wp\/v2\/product"}],"about":[{"href":"https:\/\/www.ams-onlineshop.de\/fr\/wp-json\/wp\/v2\/types\/product"}],"wp:featuredmedia":[{"embeddable":true,"href":"https:\/\/www.ams-onlineshop.de\/fr\/wp-json\/wp\/v2\/media\/387"}],"wp:attachment":[{"href":"https:\/\/www.ams-onlineshop.de\/fr\/wp-json\/wp\/v2\/media?parent=386"}],"wp:term":[{"taxonomy":"product_brand","embeddable":true,"href":"https:\/\/www.ams-onlineshop.de\/fr\/wp-json\/wp\/v2\/product_brand?post=386"},{"taxonomy":"product_cat","embeddable":true,"href":"https:\/\/www.ams-onlineshop.de\/fr\/wp-json\/wp\/v2\/product_cat?post=386"},{"taxonomy":"product_tag","embeddable":true,"href":"https:\/\/www.ams-onlineshop.de\/fr\/wp-json\/wp\/v2\/product_tag?post=386"}],"curies":[{"name":"wp","href":"https:\/\/api.w.org\/{rel}","templated":true}]}}