{"id":401,"date":"2023-05-22T00:51:12","date_gmt":"2023-05-21T22:51:12","guid":{"rendered":"http:\/\/shop.franksarah2023.alfahosting.org\/?post_type=product&#038;p=401"},"modified":"2024-09-14T02:27:57","modified_gmt":"2024-09-14T00:27:57","slug":"chargeur-pour-le-medisendsuper","status":"publish","type":"product","link":"https:\/\/www.ams-onlineshop.de\/fr\/produkt\/ladegeraet-fuer-das-medisendsuper\/","title":{"rendered":"Chargeur pour le MEDISEND\u00aesuper"},"content":{"rendered":"<h2>Charg\u00e9 en un rien de temps<\/h2>\n<p>Avec le \u00ab chargeur Widerange \u00bb, votre MEDISEND\u00aesuper sera compl\u00e8tement charg\u00e9 en six heures. Une diode sur le devant indique si la charge est toujours en cours ou si le chargeur est entr\u00e9 dans un \u00e9tat de charge d&#039;entretien une fois la batterie compl\u00e8tement charg\u00e9e.<\/p>\n<h2>Pour chaque prise<\/h2>\n<p><img fetchpriority=\"high\" decoding=\"async\" class=\"alignright\" src=\"http:\/\/www.ams-onlineshop.de\/wp-content\/uploads\/2023\/05\/csm_AMS_Ladegeraet_verschiedene_Stecker_109666adb1-300x242.jpg\" alt=\"Chargeur AMS diff\u00e9rentes fiches\" width=\"250\" height=\"202\" \/><\/p>\n<p>Le chargeur est disponible avec diff\u00e9rents adaptateurs principaux pour diff\u00e9rents pays\u00a0:<\/p>\n<ul>\n<li>Europe (hors Royaume-Uni, Irlande, Chypre et Malte)<\/li>\n<li>\u00c9tats-Unis\/Japon<\/li>\n<li>Australie<\/li>\n<li>ROYAUME-UNI<\/li>\n<\/ul>\n<p>Le chargeur fonctionne avec une entr\u00e9e de 100 \u00e0 240 volts.<\/p>\n<p><b>La description du produit destin\u00e9e aux milieux sp\u00e9cialis\u00e9s peut \u00eatre trouv\u00e9e ici :<\/b><br \/>\n<a href=\"https:\/\/ams-ag.de\/produkte\/therapeuten\/grossgeraete\/ladegeraet-fuer-grossgeraete\/\" target=\"_blank\" rel=\"noopener\"><b>Chargeur pour gros \u00e9lectrom\u00e9nager<\/b><\/a><\/p>","protected":false},"excerpt":{"rendered":"<ul>\n<li>adapt\u00e9 au MEDISEND\u00aesuper<\/li>\n<li>Prise europ\u00e9enne (ou avec prise pour le Royaume-Uni, les \u00c9tats-Unis, le Japon ou l&#039;Australie)<\/li>\n<li>Entr\u00e9e : 100-240 V \/ 50-60 Hz \/ 260-140 mA \/ 25 VA<\/li>\n<li>Sortie : 6 V\/1,6 A\/9,6 VA.<\/li>\n<\/ul>\n<p><b>Le chargeur est inclus avec le MEDISEND\u00aesuper.<\/b><\/p>","protected":false},"featured_media":572,"template":"","meta":[],"product_brand":[],"product_cat":[53,30,27,51,107,28,50],"product_tag":[],"class_list":{"0":"post-401","1":"product","2":"type-product","3":"status-publish","4":"has-post-thumbnail","6":"product_cat-geraetezubehoer-grossgeraete","7":"product_cat-geraetezubehoer","8":"product_cat-grossgeraet","9":"product_cat-grossgeraete","10":"product_cat-grossgeraete-und-zubehoer","11":"product_cat-heimbedarf","12":"product_cat-praxisbedarf","13":"product_shipping_class-kleingeraet","15":"first","16":"instock","17":"shipping-taxable","18":"purchasable","19":"product-type-simple"},"_links":{"self":[{"href":"https:\/\/www.ams-onlineshop.de\/fr\/wp-json\/wp\/v2\/product\/401","targetHints":{"allow":["GET"]}}],"collection":[{"href":"https:\/\/www.ams-onlineshop.de\/fr\/wp-json\/wp\/v2\/product"}],"about":[{"href":"https:\/\/www.ams-onlineshop.de\/fr\/wp-json\/wp\/v2\/types\/product"}],"wp:featuredmedia":[{"embeddable":true,"href":"https:\/\/www.ams-onlineshop.de\/fr\/wp-json\/wp\/v2\/media\/572"}],"wp:attachment":[{"href":"https:\/\/www.ams-onlineshop.de\/fr\/wp-json\/wp\/v2\/media?parent=401"}],"wp:term":[{"taxonomy":"product_brand","embeddable":true,"href":"https:\/\/www.ams-onlineshop.de\/fr\/wp-json\/wp\/v2\/product_brand?post=401"},{"taxonomy":"product_cat","embeddable":true,"href":"https:\/\/www.ams-onlineshop.de\/fr\/wp-json\/wp\/v2\/product_cat?post=401"},{"taxonomy":"product_tag","embeddable":true,"href":"https:\/\/www.ams-onlineshop.de\/fr\/wp-json\/wp\/v2\/product_tag?post=401"}],"curies":[{"name":"wp","href":"https:\/\/api.w.org\/{rel}","templated":true}]}}