{"id":444,"date":"2023-05-29T01:24:15","date_gmt":"2023-05-28T23:24:15","guid":{"rendered":"http:\/\/shop.franksarah2023.alfahosting.org\/?post_type=product&#038;p=444"},"modified":"2024-12-03T15:57:14","modified_gmt":"2024-12-03T14:57:14","slug":"theorie-quantique-des-champs","status":"publish","type":"product","link":"https:\/\/www.ams-onlineshop.de\/fr\/produkt\/quantenfeldtheorie\/","title":{"rendered":"Th\u00e9orie quantique des champs"},"content":{"rendered":"<p><b>par le Dr. rer. nat. Wolfgang Ludwig<\/b><br \/>\nDr. rer. nat. W. Ludwig, n\u00e9 en 1927, a \u00e9tudi\u00e9 la physique \u00e0 Berlin et la chimie physique \u00e0 Fribourg, o\u00f9 il a obtenu son doctorat avec une th\u00e8se sur \u00ab l&#039;influence des signaux \u00e9lectromagn\u00e9tiques sur le syst\u00e8me nerveux \u00bb.<\/p>\n<p>En 1984, il fonde l&#039;Institut de biophysique \u00e0 Horb am Neckar (aujourd&#039;hui \u00e0 Weikersheim), o\u00f9 il \u00e9tudie, entre autres, les fr\u00e9quences de r\u00e9sonance de substances importantes sur le plan biologique et m\u00e9dical.<\/p>\n<p>Dr. Ludwig suit les travaux de Burkhard Heim depuis le d\u00e9but et peut \u00eatre consid\u00e9r\u00e9 comme l&#039;un des rares experts de la th\u00e9orie quantique des champs d\u00e9velopp\u00e9e par B. Heim et W. Dr\u00f6scher.<\/p>\n<p>Les chapitres de ce livre sont remplis de math\u00e9matiques tr\u00e8s complexes qui peuvent intimider m\u00eame les experts chevronn\u00e9s et rester incompr\u00e9hensibles pour de nombreux lecteurs.<\/p>\n<p>N\u00e9anmoins, Dr. Ludwig a r\u00e9ussi \u00e0 transmettre de mani\u00e8re compr\u00e9hensible certaines des bases et des conclusions de la th\u00e9orie.<\/p>\n<p>Les lecteurs qui n\u2019ont pas une connaissance aussi approfondie des math\u00e9matiques peuvent \u00eatre rassur\u00e9s par le fait que les ph\u00e9nom\u00e8nes extraordinaires, souvent ni\u00e9s, trouvent ici la place qu\u2019ils m\u00e9ritent dans des contextes strictement scientifiques en pointant au-del\u00e0 des limites des visions du monde dominantes.<\/p>\n<p>Burkhard Heim et le physicien viennois Walter Dr\u00f6scher ont compl\u00e9t\u00e9 sa th\u00e9orie, qu&#039;il avait d\u00e9j\u00e0 con\u00e7ue dans les ann\u00e9es 1950, de sorte qu&#039;elle est d\u00e9sormais disponible sous une forme achev\u00e9e (1996).<\/p>\n<p>Nous essayons de pr\u00e9senter les id\u00e9es les plus importantes de ces travaux d&#039;une mani\u00e8re g\u00e9n\u00e9ralement compr\u00e9hensible et d&#039;indiquer leur application \u00e0 la m\u00e9decine quantique moderne. Les formules sont largement \u00e9vit\u00e9es.<\/p>\n<ul>\n<li>disponible uniquement en t\u00e9l\u00e9chargement gratuit<\/li>\n<li><a href=\"http:\/\/www.ams-onlineshop.de\/wp-content\/uploads\/2023\/05\/Quantenfeld_von_B_Heim_Ludwig.pdf\" target=\"_blank\" rel=\"noopener\"><b>La th\u00e9orie quantique \u00e9tendue des champs (2,5 Mo)<\/b><\/a><\/li>\n<\/ul>\n<p>Vous pouvez \u00e9galement en savoir plus ici\u00a0:<br \/>\n<a href=\"https:\/\/ams-ag.de\/grundlagen-magnetfeldtherapie\/12-dimensionen-nach-burkhard-heim\/\" target=\"_blank\" rel=\"noopener\"><b>12 dimensions selon Burkhard Heim<\/b><\/a>.<\/p>","protected":false},"excerpt":{"rendered":"<ul>\n<li>disponible uniquement en t\u00e9l\u00e9chargement gratuit<\/li>\n<li>Langue : Allemand<\/li>\n<li><a href=\"http:\/\/www.ams-onlineshop.de\/wp-content\/uploads\/2023\/05\/Quantenfeld_von_B_Heim_Ludwig.pdf\" target=\"_blank\" rel=\"noopener\"><b>La th\u00e9orie quantique \u00e9tendue des champs (2,5 Mo)<\/b><\/a><\/li>\n<\/ul>\n<p>Vous pouvez \u00e9galement en savoir plus ici\u00a0:<br \/>\n<a href=\"https:\/\/ams-ag.de\/grundlagen-magnetfeldtherapie\/12-dimensionen-nach-burkhard-heim\/\" target=\"_blank\" rel=\"noopener\"><b>12 dimensions selon Burkhard Heim<\/b><\/a>.<\/p>","protected":false},"featured_media":558,"template":"","meta":[],"product_brand":[],"product_cat":[49,107,28,108,73,31],"product_tag":[],"class_list":{"0":"post-444","1":"product","2":"type-product","3":"status-publish","4":"has-post-thumbnail","6":"product_cat-buecher","7":"product_cat-grossgeraete-und-zubehoer","8":"product_cat-heimbedarf","9":"product_cat-kleingeraete-und-sonstiges","10":"product_cat-sonstiges-praxisbedarf","11":"product_cat-sonstiges","12":"product_shipping_class-kostenlos","14":"first","15":"instock","16":"downloadable","17":"virtual","18":"purchasable","19":"product-type-simple"},"_links":{"self":[{"href":"https:\/\/www.ams-onlineshop.de\/fr\/wp-json\/wp\/v2\/product\/444","targetHints":{"allow":["GET"]}}],"collection":[{"href":"https:\/\/www.ams-onlineshop.de\/fr\/wp-json\/wp\/v2\/product"}],"about":[{"href":"https:\/\/www.ams-onlineshop.de\/fr\/wp-json\/wp\/v2\/types\/product"}],"wp:featuredmedia":[{"embeddable":true,"href":"https:\/\/www.ams-onlineshop.de\/fr\/wp-json\/wp\/v2\/media\/558"}],"wp:attachment":[{"href":"https:\/\/www.ams-onlineshop.de\/fr\/wp-json\/wp\/v2\/media?parent=444"}],"wp:term":[{"taxonomy":"product_brand","embeddable":true,"href":"https:\/\/www.ams-onlineshop.de\/fr\/wp-json\/wp\/v2\/product_brand?post=444"},{"taxonomy":"product_cat","embeddable":true,"href":"https:\/\/www.ams-onlineshop.de\/fr\/wp-json\/wp\/v2\/product_cat?post=444"},{"taxonomy":"product_tag","embeddable":true,"href":"https:\/\/www.ams-onlineshop.de\/fr\/wp-json\/wp\/v2\/product_tag?post=444"}],"curies":[{"name":"wp","href":"https:\/\/api.w.org\/{rel}","templated":true}]}}