{"id":2024,"date":"2025-05-22T23:25:43","date_gmt":"2025-05-22T21:25:43","guid":{"rendered":"https:\/\/www.ams-onlineshop.de\/?post_type=product&#038;p=2024"},"modified":"2025-07-14T16:32:25","modified_gmt":"2025-07-14T14:32:25","slug":"borsa-in-tessuto-per-trasportare-il-tuo-medisend","status":"publish","type":"product","link":"https:\/\/www.ams-onlineshop.de\/it\/produkt\/stofftaeschchen-zum-umhaengen-fuer-ihr-medisend\/","title":{"rendered":"Borsa in tessuto per il tuo MEDISEND\u00ae"},"content":{"rendered":"<p>Da oggi puoi acquistare una borsa in tessuto fatta a mano per il tuo MEDISEND\u00ae<br \/>\nacquisire.<\/p>\n<p>Ogni borsa \u00e8 un pezzo unico, realizzato con amore e prodotto da una piccola azienda artigianale a conduzione familiare nella cittadina brasiliana di Embu das Arte \/ San Paolo.<br \/>\nLa borsa ha una tracolla regolabile e pu\u00f2 essere facilmente regolata alla lunghezza appropriata<br \/>\nEd \u00e8 cos\u00ec grande che \u00e8 possibile utilizzare il modello MEDISEND\u00ae anche con il portafiala avvitato.<\/p>\n<p>La tua borsa ti verr\u00e0 consegnata gratuitamente fino al 30 settembre 2025. Ti preghiamo di comprendere che l&#039;unicit\u00e0 dell&#039;articolo che riceverai \u00e8 frutto del caso.<\/p>\n<p>Se vuoi saperne di pi\u00f9 sugli artisti, visita la loro pagina Facebook su Li + Li<br \/>\nEmbu das Artes un po&#039;.<\/p>\n<p><strong><a href=\"https:\/\/www.facebook.com\/atelielimaisli\/\" target=\"_blank\" rel=\"noopener\">https:\/\/www.facebook.com\/atelielimaisli\/<\/a><\/strong><\/p>","protected":false},"excerpt":{"rendered":"<p>Ora puoi acquistare da noi una borsa in tessuto realizzata a mano per il tuo MEDISEND\u00ae.<\/p>","protected":false},"featured_media":2026,"template":"","meta":[],"product_brand":[],"product_cat":[28,26,108,74,31],"product_tag":[],"class_list":{"0":"post-2024","1":"product","2":"type-product","3":"status-publish","4":"has-post-thumbnail","6":"product_cat-heimbedarf","7":"product_cat-kleingeraete","8":"product_cat-kleingeraete-und-sonstiges","9":"product_cat-medisend","10":"product_cat-sonstiges","11":"product_shipping_class-kostenlos","13":"first","14":"instock","15":"shipping-taxable","16":"purchasable","17":"product-type-simple"},"_links":{"self":[{"href":"https:\/\/www.ams-onlineshop.de\/it\/wp-json\/wp\/v2\/product\/2024","targetHints":{"allow":["GET"]}}],"collection":[{"href":"https:\/\/www.ams-onlineshop.de\/it\/wp-json\/wp\/v2\/product"}],"about":[{"href":"https:\/\/www.ams-onlineshop.de\/it\/wp-json\/wp\/v2\/types\/product"}],"wp:featuredmedia":[{"embeddable":true,"href":"https:\/\/www.ams-onlineshop.de\/it\/wp-json\/wp\/v2\/media\/2026"}],"wp:attachment":[{"href":"https:\/\/www.ams-onlineshop.de\/it\/wp-json\/wp\/v2\/media?parent=2024"}],"wp:term":[{"taxonomy":"product_brand","embeddable":true,"href":"https:\/\/www.ams-onlineshop.de\/it\/wp-json\/wp\/v2\/product_brand?post=2024"},{"taxonomy":"product_cat","embeddable":true,"href":"https:\/\/www.ams-onlineshop.de\/it\/wp-json\/wp\/v2\/product_cat?post=2024"},{"taxonomy":"product_tag","embeddable":true,"href":"https:\/\/www.ams-onlineshop.de\/it\/wp-json\/wp\/v2\/product_tag?post=2024"}],"curies":[{"name":"parola chiave","href":"https:\/\/api.w.org\/{rel}","templated":true}]}}