{"id":377,"date":"2023-04-27T16:10:35","date_gmt":"2023-04-27T14:10:35","guid":{"rendered":"http:\/\/shop.franksarah2023.alfahosting.org\/?post_type=product&#038;p=377"},"modified":"2024-09-14T02:13:37","modified_gmt":"2024-09-14T00:13:37","slug":"medicina","status":"publish","type":"product","link":"https:\/\/www.ams-onlineshop.de\/it\/produkt\/medicup\/","title":{"rendered":"MEDICUP"},"content":{"rendered":"<h2>Usare e usare<\/h2>\n<p>Il nostro MEDICUP pu\u00f2 essere collegato al MEDISEND\u00aesuper per la trasmissione di bioinformazioni esogene.<br \/>\n<img fetchpriority=\"high\" decoding=\"async\" class=\"size-full wp-image-382 alignright\" src=\"http:\/\/www.ams-onlineshop.de\/wp-content\/uploads\/2023\/03\/csm_AMS_Medisend_super_mit_Magneto-Schlaufe_und_Medicup_b4461af757.jpg\" alt=\"AMS Medisend super con magnete loop e Medicup\" width=\"250\" height=\"245\" \/><br \/>\nTutti i substrati che si desidera trasferire con il campo magnetico pulsante nel senso della biorisonanza vengono posizionati nell&#039;MEDICUP collegato. Il campo magnetico viene utilizzato non solo come onda di applicazione, ma anche come onda portante.<\/p>\n<p>La trasmissione delle informazioni \u00e8 indipendente dalla frequenza scelta: ogni frequenza \u00e8 un&#039;onda portante e pu\u00f2 essere utilizzata per l&#039;oscillazione\/trasmissione.<\/p>\n<p>Puoi leggere esattamente in cosa consiste la risposta transitoria dei substrati e delle informazioni nella voce di menu Trasferimento substrato.<br \/>\n<a href=\"https:\/\/ams-ag.de\/grundlagen-magnetfeldtherapie\/magnetfeldtherapie-und-bioinformative-medizin\/substratuebertragung\/\" target=\"_blank\" rel=\"noopener\"><b>Trasferimento del substrato<\/b><\/a><\/p>\n<h2>Caratteristiche<\/h2>\n<p>Il nostro MEDICUP \u00e8 un contenitore per medicinali bipolare che, grazie alla sua divisione interna in due met\u00e0, assorbe solo circa 1 elettrosmog %. Ci\u00f2 significa una qualit\u00e0 straordinariamente elevata, quasi priva di elettrosmog, per la trasmissione e la memorizzazione del segnale.<\/p>\n<p>All&#039;interno l&#039;MEDICUP \u00e8 costituito da due met\u00e0 separate della tazza realizzate in una speciale lega di alluminio (modello di utilit\u00e0 n. di protezione 398 29 987).<\/p>\n<p>La descrizione del prodotto per gli ambienti specializzati la potete trovare qui:<br \/>\n<a href=\"https:\/\/ams-ag.de\/produkte\/therapeuten\/grossgeraete\/medicup\/\" target=\"_blank\" rel=\"noopener\"><b>MEDICUP<\/b><\/a><\/p>","protected":false},"excerpt":{"rendered":"<p>Il nostro MEDICUP pu\u00f2 essere collegato al MEDISEND\u00aesuper per la trasmissione di bioinformazioni esogene.<\/p>\n<ul>\n<li>Altezza 7 cm<\/li>\n<li>Diametro interno 5,5 cm<\/li>\n<li>Peso 250 g<\/li>\n<li>incluso cavo di collegamento (18 cm)<\/li>\n<\/ul>","protected":false},"featured_media":550,"template":"","meta":[],"product_brand":[],"product_cat":[53,30,27,51,107,28,50],"product_tag":[],"class_list":{"0":"post-377","1":"product","2":"type-product","3":"status-publish","4":"has-post-thumbnail","6":"product_cat-geraetezubehoer-grossgeraete","7":"product_cat-geraetezubehoer","8":"product_cat-grossgeraet","9":"product_cat-grossgeraete","10":"product_cat-grossgeraete-und-zubehoer","11":"product_cat-heimbedarf","12":"product_cat-praxisbedarf","13":"product_shipping_class-kleingeraet","15":"first","16":"instock","17":"shipping-taxable","18":"purchasable","19":"product-type-simple"},"_links":{"self":[{"href":"https:\/\/www.ams-onlineshop.de\/it\/wp-json\/wp\/v2\/product\/377","targetHints":{"allow":["GET"]}}],"collection":[{"href":"https:\/\/www.ams-onlineshop.de\/it\/wp-json\/wp\/v2\/product"}],"about":[{"href":"https:\/\/www.ams-onlineshop.de\/it\/wp-json\/wp\/v2\/types\/product"}],"wp:featuredmedia":[{"embeddable":true,"href":"https:\/\/www.ams-onlineshop.de\/it\/wp-json\/wp\/v2\/media\/550"}],"wp:attachment":[{"href":"https:\/\/www.ams-onlineshop.de\/it\/wp-json\/wp\/v2\/media?parent=377"}],"wp:term":[{"taxonomy":"product_brand","embeddable":true,"href":"https:\/\/www.ams-onlineshop.de\/it\/wp-json\/wp\/v2\/product_brand?post=377"},{"taxonomy":"product_cat","embeddable":true,"href":"https:\/\/www.ams-onlineshop.de\/it\/wp-json\/wp\/v2\/product_cat?post=377"},{"taxonomy":"product_tag","embeddable":true,"href":"https:\/\/www.ams-onlineshop.de\/it\/wp-json\/wp\/v2\/product_tag?post=377"}],"curies":[{"name":"parola chiave","href":"https:\/\/api.w.org\/{rel}","templated":true}]}}