{"id":401,"date":"2023-05-22T00:51:12","date_gmt":"2023-05-21T22:51:12","guid":{"rendered":"http:\/\/shop.franksarah2023.alfahosting.org\/?post_type=product&#038;p=401"},"modified":"2024-09-14T02:27:57","modified_gmt":"2024-09-14T00:27:57","slug":"caricabatterie-per-il-medisendsuper","status":"publish","type":"product","link":"https:\/\/www.ams-onlineshop.de\/it\/produkt\/ladegeraet-fuer-das-medisendsuper\/","title":{"rendered":"Caricabatterie per MEDISEND\u00aesuper"},"content":{"rendered":"<h2>Carica in pochissimo tempo<\/h2>\n<p>Con il \u201cCaricatore ad ampio raggio\u201d il tuo MEDISEND\u00aesuper sar\u00e0 completamente carico entro sei ore. Un diodo sulla parte anteriore indica se la ricarica \u00e8 ancora in corso o se il caricabatterie \u00e8 entrato in uno stato di carica di mantenimento dopo che la batteria \u00e8 stata completamente caricata.<\/p>\n<h2>Per ogni presa<\/h2>\n<p><img fetchpriority=\"high\" decoding=\"async\" class=\"alignright\" src=\"http:\/\/www.ams-onlineshop.de\/wp-content\/uploads\/2023\/05\/csm_AMS_Ladegeraet_verschiedene_Stecker_109666adb1-300x242.jpg\" alt=\"Spine diverse del caricabatterie AMS\" width=\"250\" height=\"202\" \/><\/p>\n<p>Il caricabatterie \u00e8 disponibile con diversi adattatori primari per diversi paesi:<\/p>\n<ul>\n<li>Europa (esclusi Regno Unito, Irlanda, Cipro e Malta)<\/li>\n<li>Stati Uniti\/Giappone<\/li>\n<li>Australia<\/li>\n<li>Regno Unito<\/li>\n<\/ul>\n<p>Il caricabatterie funziona con un ingresso da 100 a 240 volt.<\/p>\n<p><b>La descrizione del prodotto per gli ambienti specializzati la potete trovare qui:<\/b><br \/>\n<a href=\"https:\/\/ams-ag.de\/produkte\/therapeuten\/grossgeraete\/ladegeraet-fuer-grossgeraete\/\" target=\"_blank\" rel=\"noopener\"><b>Caricabatterie per grandi elettrodomestici<\/b><\/a><\/p>","protected":false},"excerpt":{"rendered":"<ul>\n<li>adatto per MEDISEND\u00aesuper<\/li>\n<li>Spina europea (o con spina per Regno Unito, Stati Uniti, Giappone o Australia)<\/li>\n<li>Ingresso: 100-240 V \/ 50-60 Hz \/ 260-140 mA \/ 25 VA<\/li>\n<li>Uscita: 6 V \/ 1,6 A \/ 9,6 VA<\/li>\n<\/ul>\n<p><b>Il caricabatterie \u00e8 incluso con MEDISEND\u00aesuper.<\/b><\/p>","protected":false},"featured_media":572,"template":"","meta":[],"product_brand":[],"product_cat":[53,30,27,51,107,28,50],"product_tag":[],"class_list":{"0":"post-401","1":"product","2":"type-product","3":"status-publish","4":"has-post-thumbnail","6":"product_cat-geraetezubehoer-grossgeraete","7":"product_cat-geraetezubehoer","8":"product_cat-grossgeraet","9":"product_cat-grossgeraete","10":"product_cat-grossgeraete-und-zubehoer","11":"product_cat-heimbedarf","12":"product_cat-praxisbedarf","13":"product_shipping_class-kleingeraet","15":"first","16":"instock","17":"shipping-taxable","18":"purchasable","19":"product-type-simple"},"_links":{"self":[{"href":"https:\/\/www.ams-onlineshop.de\/it\/wp-json\/wp\/v2\/product\/401","targetHints":{"allow":["GET"]}}],"collection":[{"href":"https:\/\/www.ams-onlineshop.de\/it\/wp-json\/wp\/v2\/product"}],"about":[{"href":"https:\/\/www.ams-onlineshop.de\/it\/wp-json\/wp\/v2\/types\/product"}],"wp:featuredmedia":[{"embeddable":true,"href":"https:\/\/www.ams-onlineshop.de\/it\/wp-json\/wp\/v2\/media\/572"}],"wp:attachment":[{"href":"https:\/\/www.ams-onlineshop.de\/it\/wp-json\/wp\/v2\/media?parent=401"}],"wp:term":[{"taxonomy":"product_brand","embeddable":true,"href":"https:\/\/www.ams-onlineshop.de\/it\/wp-json\/wp\/v2\/product_brand?post=401"},{"taxonomy":"product_cat","embeddable":true,"href":"https:\/\/www.ams-onlineshop.de\/it\/wp-json\/wp\/v2\/product_cat?post=401"},{"taxonomy":"product_tag","embeddable":true,"href":"https:\/\/www.ams-onlineshop.de\/it\/wp-json\/wp\/v2\/product_tag?post=401"}],"curies":[{"name":"parola chiave","href":"https:\/\/api.w.org\/{rel}","templated":true}]}}