{"id":413,"date":"2023-05-05T17:01:18","date_gmt":"2023-05-05T15:01:18","guid":{"rendered":"http:\/\/shop.franksarah2023.alfahosting.org\/?post_type=product&#038;p=413"},"modified":"2024-09-14T02:41:30","modified_gmt":"2024-09-14T00:41:30","slug":"sensore-di-scansione","status":"publish","type":"product","link":"https:\/\/www.ams-onlineshop.de\/it\/produkt\/abtastsensor\/","title":{"rendered":"sensore di scansione"},"content":{"rendered":"<p>Il sensore di scansione con impugnatura in sughero pu\u00f2 essere collegato all&#039;\u00d6kotensor VARIO in modo da non dover toccare con la mano i campioni da testare. Ci\u00f2 semplifica il lavoro con il tensore.<\/p>\n<p>Per raccogliere le informazioni, tenere semplicemente la punta smussata del sensore di scansione sul substrato\/preparato da testare.<\/p>\n<p>L&#039;AMS continua ad offrire un corso di tensore una o due volte l&#039;anno, in cui si impara a maneggiare e utilizzare il tensore in teoria e con esercizi pratici. Le date e ulteriori informazioni sono reperibili nella sezione seminari.<\/p>\n<p><a href=\"https:\/\/ams-ag.de\/veranstaltungen-und-termine\/\" target=\"_blank\" rel=\"noopener\"><b>Seminari<\/b><\/a><\/p>","protected":false},"excerpt":{"rendered":"<h2>Fornitura:<\/h2>\n<ul>\n<li>Sensore di scansione con impugnatura in sughero e punta placcata oro<\/li>\n<li>Lunghezza cavo 80 cm<\/li>\n<li>rullo di trasporto stabile<\/li>\n<\/ul>","protected":false},"featured_media":414,"template":"","meta":[],"product_brand":[],"product_cat":[30,53,27,51,107,28,108,50,31,73,46],"product_tag":[],"class_list":{"0":"post-413","1":"product","2":"type-product","3":"status-publish","4":"has-post-thumbnail","6":"product_cat-geraetezubehoer","7":"product_cat-geraetezubehoer-grossgeraete","8":"product_cat-grossgeraet","9":"product_cat-grossgeraete","10":"product_cat-grossgeraete-und-zubehoer","11":"product_cat-heimbedarf","12":"product_cat-kleingeraete-und-sonstiges","13":"product_cat-praxisbedarf","14":"product_cat-sonstiges","15":"product_cat-sonstiges-praxisbedarf","16":"product_cat-tensoren-und-zubehoer","17":"product_shipping_class-kleingeraet","19":"first","20":"instock","21":"shipping-taxable","22":"purchasable","23":"product-type-simple"},"_links":{"self":[{"href":"https:\/\/www.ams-onlineshop.de\/it\/wp-json\/wp\/v2\/product\/413","targetHints":{"allow":["GET"]}}],"collection":[{"href":"https:\/\/www.ams-onlineshop.de\/it\/wp-json\/wp\/v2\/product"}],"about":[{"href":"https:\/\/www.ams-onlineshop.de\/it\/wp-json\/wp\/v2\/types\/product"}],"wp:featuredmedia":[{"embeddable":true,"href":"https:\/\/www.ams-onlineshop.de\/it\/wp-json\/wp\/v2\/media\/414"}],"wp:attachment":[{"href":"https:\/\/www.ams-onlineshop.de\/it\/wp-json\/wp\/v2\/media?parent=413"}],"wp:term":[{"taxonomy":"product_brand","embeddable":true,"href":"https:\/\/www.ams-onlineshop.de\/it\/wp-json\/wp\/v2\/product_brand?post=413"},{"taxonomy":"product_cat","embeddable":true,"href":"https:\/\/www.ams-onlineshop.de\/it\/wp-json\/wp\/v2\/product_cat?post=413"},{"taxonomy":"product_tag","embeddable":true,"href":"https:\/\/www.ams-onlineshop.de\/it\/wp-json\/wp\/v2\/product_tag?post=413"}],"curies":[{"name":"parola chiave","href":"https:\/\/api.w.org\/{rel}","templated":true}]}}