{"id":444,"date":"2023-05-29T01:24:15","date_gmt":"2023-05-28T23:24:15","guid":{"rendered":"http:\/\/shop.franksarah2023.alfahosting.org\/?post_type=product&#038;p=444"},"modified":"2024-12-03T15:57:14","modified_gmt":"2024-12-03T14:57:14","slug":"teoria-quantistica-dei-campi","status":"publish","type":"product","link":"https:\/\/www.ams-onlineshop.de\/it\/produkt\/quantenfeldtheorie\/","title":{"rendered":"Teoria quantistica dei campi"},"content":{"rendered":"<p><b>dal Dott. rer. nat. Wolfgang Ludwig<\/b><br \/>\nDott. rer. nat. W. Ludwig, nato nel 1927, ha studiato fisica a Berlino e chimica fisica a Friburgo, dove ha conseguito il dottorato con una tesi sull&#039;&quot;influenza dei segnali elettromagnetici sul sistema nervoso&quot;.<\/p>\n<p>Nel 1984 ha fondato l&#039;Istituto di biofisica a Horb am Neckar (oggi Weikersheim), dove, tra le altre cose, ha studiato le frequenze di risonanza di sostanze importanti dal punto di vista biologico e medico.<\/p>\n<p>Dr. Ludwig ha seguito fin dall&#039;inizio il lavoro di Burkhard Heim e pu\u00f2 essere considerato uno dei relativamente pochi esperti della teoria quantistica dei campi sviluppata da B. Heim e W. Dr\u00f6scher.<\/p>\n<p>I capitoli di questo libro sono pieni di matematica altamente complessa che pu\u00f2 intimidire anche gli esperti pi\u00f9 esperti e rimanere incomprensibile per molti lettori.<\/p>\n<p>Tuttavia, Dr. Ludwig \u00e8 riuscito a trasmettere in modo comprensibile alcune delle basi e delle conclusioni della teoria.<\/p>\n<p>I lettori che non hanno una visione cos\u00ec profonda della matematica possono consolarsi con il fatto che i fenomeni straordinari, spesso negati, trovano qui il posto che meritano in contesti strettamente scientifici, andando oltre i limiti delle visioni del mondo prevalenti.<\/p>\n<p>Burkhard Heim, insieme al fisico viennese Walter Dr\u00f6scher, complet\u00f2 la sua teoria, che aveva gi\u00e0 concepito negli anni &#039;50, tanto che \u00e8 ora disponibile in forma completa (1996).<\/p>\n<p>Si tenta di presentare le idee pi\u00f9 importanti di questo lavoro in modo generalmente comprensibile e di indicare la loro applicazione alla moderna medicina quantistica. Le formule sono in gran parte evitate.<\/p>\n<ul>\n<li>disponibile solo come download gratuito<\/li>\n<li><a href=\"http:\/\/www.ams-onlineshop.de\/wp-content\/uploads\/2023\/05\/Quantenfeld_von_B_Heim_Ludwig.pdf\" target=\"_blank\" rel=\"noopener\"><b>La teoria quantistica estesa dei campi (2,5 MB)<\/b><\/a><\/li>\n<\/ul>\n<p>Puoi leggerlo anche qui:<br \/>\n<a href=\"https:\/\/ams-ag.de\/grundlagen-magnetfeldtherapie\/12-dimensionen-nach-burkhard-heim\/\" target=\"_blank\" rel=\"noopener\"><b>12 dimensioni secondo Burkhard Heim<\/b><\/a>.<\/p>","protected":false},"excerpt":{"rendered":"<ul>\n<li>disponibile solo come download gratuito<\/li>\n<li>Lingua: tedesco<\/li>\n<li><a href=\"http:\/\/www.ams-onlineshop.de\/wp-content\/uploads\/2023\/05\/Quantenfeld_von_B_Heim_Ludwig.pdf\" target=\"_blank\" rel=\"noopener\"><b>La teoria quantistica estesa dei campi (2,5 MB)<\/b><\/a><\/li>\n<\/ul>\n<p>Puoi leggerlo anche qui:<br \/>\n<a href=\"https:\/\/ams-ag.de\/grundlagen-magnetfeldtherapie\/12-dimensionen-nach-burkhard-heim\/\" target=\"_blank\" rel=\"noopener\"><b>12 dimensioni secondo Burkhard Heim<\/b><\/a>.<\/p>","protected":false},"featured_media":558,"template":"","meta":[],"product_brand":[],"product_cat":[49,107,28,108,73,31],"product_tag":[],"class_list":{"0":"post-444","1":"product","2":"type-product","3":"status-publish","4":"has-post-thumbnail","6":"product_cat-buecher","7":"product_cat-grossgeraete-und-zubehoer","8":"product_cat-heimbedarf","9":"product_cat-kleingeraete-und-sonstiges","10":"product_cat-sonstiges-praxisbedarf","11":"product_cat-sonstiges","12":"product_shipping_class-kostenlos","14":"first","15":"instock","16":"downloadable","17":"virtual","18":"purchasable","19":"product-type-simple"},"_links":{"self":[{"href":"https:\/\/www.ams-onlineshop.de\/it\/wp-json\/wp\/v2\/product\/444","targetHints":{"allow":["GET"]}}],"collection":[{"href":"https:\/\/www.ams-onlineshop.de\/it\/wp-json\/wp\/v2\/product"}],"about":[{"href":"https:\/\/www.ams-onlineshop.de\/it\/wp-json\/wp\/v2\/types\/product"}],"wp:featuredmedia":[{"embeddable":true,"href":"https:\/\/www.ams-onlineshop.de\/it\/wp-json\/wp\/v2\/media\/558"}],"wp:attachment":[{"href":"https:\/\/www.ams-onlineshop.de\/it\/wp-json\/wp\/v2\/media?parent=444"}],"wp:term":[{"taxonomy":"product_brand","embeddable":true,"href":"https:\/\/www.ams-onlineshop.de\/it\/wp-json\/wp\/v2\/product_brand?post=444"},{"taxonomy":"product_cat","embeddable":true,"href":"https:\/\/www.ams-onlineshop.de\/it\/wp-json\/wp\/v2\/product_cat?post=444"},{"taxonomy":"product_tag","embeddable":true,"href":"https:\/\/www.ams-onlineshop.de\/it\/wp-json\/wp\/v2\/product_tag?post=444"}],"curies":[{"name":"parola chiave","href":"https:\/\/api.w.org\/{rel}","templated":true}]}}