{"id":8,"date":"2023-02-08T16:00:50","date_gmt":"2023-02-08T15:00:50","guid":{"rendered":"http:\/\/shop.franksarah2023.alfahosting.org\/?page_id=8"},"modified":"2024-06-15T05:19:55","modified_gmt":"2024-06-15T03:19:55","slug":"home","status":"publish","type":"page","link":"https:\/\/www.ams-onlineshop.de\/ja\/","title":{"rendered":"\u5bb6"},"content":{"rendered":"<div data-elementor-type=\"wp-page\" data-elementor-id=\"8\" class=\"elementor elementor-8\" data-elementor-post-type=\"page\">\n\t\t\t\t\t\t<section class=\"elementor-section elementor-top-section elementor-element elementor-element-29d734c elementor-section-boxed elementor-section-height-default elementor-section-height-default\" data-id=\"29d734c\" data-element_type=\"section\" data-e-type=\"section\">\n\t\t\t\t\t\t<div class=\"elementor-container elementor-column-gap-default\">\n\t\t\t\t\t<div class=\"elementor-column elementor-col-100 elementor-top-column elementor-element elementor-element-19a7b09\" data-id=\"19a7b09\" data-element_type=\"column\" data-e-type=\"column\">\n\t\t\t<div class=\"elementor-widget-wrap elementor-element-populated\">\n\t\t\t\t\t\t<div class=\"elementor-element elementor-element-c0ba160 elementor-widget elementor-widget-heading\" data-id=\"c0ba160\" data-element_type=\"widget\" data-e-type=\"widget\" data-widget_type=\"heading.default\">\n\t\t\t\t<div class=\"elementor-widget-container\">\n\t\t\t\t\t<h1 class=\"elementor-heading-title elementor-size-default\">AMS GmbH - \u9ad8\u5ea6\u533b\u7642\u30b7\u30b9\u30c6\u30e0<\/h1>\t\t\t\t<\/div>\n\t\t\t\t<\/div>\n\t\t\t\t<div class=\"elementor-element elementor-element-a3137db elementor-widget elementor-widget-heading\" data-id=\"a3137db\" data-element_type=\"widget\" data-e-type=\"widget\" data-widget_type=\"heading.default\">\n\t\t\t\t<div class=\"elementor-widget-container\">\n\t\t\t\t\t<h2 class=\"elementor-heading-title elementor-size-default\">\u30b7\u30e7\u30c3\u30d7\u3078\u3088\u3046\u3053\u305d<\/h2>\t\t\t\t<\/div>\n\t\t\t\t<\/div>\n\t\t\t\t<div class=\"elementor-element elementor-element-f3dffff elementor-widget elementor-widget-heading\" data-id=\"f3dffff\" data-element_type=\"widget\" data-e-type=\"widget\" data-widget_type=\"heading.default\">\n\t\t\t\t<div class=\"elementor-widget-container\">\n\t\t\t\t\t<h2 class=\"elementor-heading-title elementor-size-default\">\u88fd\u54c1\u60c5\u5831<\/h2>\t\t\t\t<\/div>\n\t\t\t\t<\/div>\n\t\t\t\t<div class=\"elementor-element elementor-element-69aeaf1 elementor-widget elementor-widget-text-editor\" data-id=\"69aeaf1\" data-element_type=\"widget\" data-e-type=\"widget\" data-widget_type=\"text-editor.default\">\n\t\t\t\t<div class=\"elementor-widget-container\">\n\t\t\t\t\t\t\t\t\t<p>\u500b\u3005\u306e\u88fd\u54c1\u306b\u3064\u3044\u3066\u3055\u3089\u306b\u8a73\u3057\u304f\u77e5\u308a\u305f\u3044\u3067\u3059\u304b\uff1f\u88fd\u54c1\u3092\u7406\u89e3\u3059\u308b\u306b\u306f\u57fa\u672c\u7684\u306a\u77e5\u8b58\u304c\u5fc5\u8981\u3067\u3059\u304c\u3001\u30e1\u30a4\u30f3\u30da\u30fc\u30b8\u3067\u305d\u306e\u77e5\u8b58\u3092\u3054\u89a7\u3044\u305f\u3060\u3051\u307e\u3059\u3002\u88fd\u54c1\u306e\u8aac\u660e\u3082\u63b2\u8f09\u3057\u3066\u3044\u307e\u3059\u3002<\/p><p>\u3053\u3053\u3067\u306f\u3001\u3042\u306a\u305f\u306e\u56fd\u3067\u5165\u624b\u53ef\u80fd\u306a\u88fd\u54c1\u306e\u307f\u304c\u898b\u3064\u304b\u308a\u307e\u3059\u3002\u88fd\u54c1\u306e\u8aac\u660e\u306f\u3042\u308a\u307e\u305b\u3093\u3002<\/p>\t\t\t\t\t\t\t\t<\/div>\n\t\t\t\t<\/div>\n\t\t\t\t<div class=\"elementor-element elementor-element-ceb73d9 elementor-widget elementor-widget-button\" data-id=\"ceb73d9\" data-element_type=\"widget\" data-e-type=\"widget\" data-widget_type=\"button.default\">\n\t\t\t\t<div class=\"elementor-widget-container\">\n\t\t\t\t\t\t\t\t\t<div class=\"elementor-button-wrapper\">\n\t\t\t\t\t<a class=\"elementor-button elementor-button-link elementor-size-sm\" href=\"https:\/\/www.ams-ag.de\/\" target=\"_blank\">\n\t\t\t\t\t\t<span class=\"elementor-button-content-wrapper\">\n\t\t\t\t\t\t\t\t\t<span class=\"elementor-button-text\">AMS\u306e\u30e1\u30a4\u30f3\u30da\u30fc\u30b8\u3078<\/span>\n\t\t\t\t\t<\/span>\n\t\t\t\t\t<\/a>\n\t\t\t\t<\/div>\n\t\t\t\t\t\t\t\t<\/div>\n\t\t\t\t<\/div>\n\t\t\t\t<div class=\"elementor-element elementor-element-a848a60 elementor-widget-divider--view-line elementor-widget elementor-widget-divider\" data-id=\"a848a60\" data-element_type=\"widget\" data-e-type=\"widget\" data-widget_type=\"divider.default\">\n\t\t\t\t<div class=\"elementor-widget-container\">\n\t\t\t\t\t\t\t<div class=\"elementor-divider\">\n\t\t\t<span class=\"elementor-divider-separator\">\n\t\t\t\t\t\t<\/span>\n\t\t<\/div>\n\t\t\t\t\t\t<\/div>\n\t\t\t\t<\/div>\n\t\t\t\t<div class=\"elementor-element elementor-element-8142e4e elementor-widget elementor-widget-heading\" data-id=\"8142e4e\" data-element_type=\"widget\" data-e-type=\"widget\" data-widget_type=\"heading.default\">\n\t\t\t\t<div class=\"elementor-widget-container\">\n\t\t\t\t\t<h2 class=\"elementor-heading-title elementor-size-default\">\u5f53\u793e\u306e\u88fd\u54c1<\/h2>\t\t\t\t<\/div>\n\t\t\t\t<\/div>\n\t\t\t\t<div class=\"elementor-element elementor-element-59b87d5 elementor-grid-mobile-2 elementor-grid-3 elementor-grid-tablet-3 elementor-products-grid elementor-wc-products elementor-widget elementor-widget-wc-categories\" data-id=\"59b87d5\" data-element_type=\"widget\" data-e-type=\"widget\" data-widget_type=\"wc-categories.default\">\n\t\t\t\t<div class=\"elementor-widget-container\">\n\t\t\t\t\t<div class=\"woocommerce columns-3\"><ul class=\"products elementor-grid columns-3\">\n<li class=\"product-category product first\">\n\t<a aria-label=\"\u5546\u54c1\u30ab\u30c6\u30b4\u30ea\u30fc\u300cGro\u00dfger\u00e4te und Zubeh\u00f6r\u300d\u306b\u30a2\u30af\u30bb\u30b9\" href=\"https:\/\/www.ams-onlineshop.de\/ja\/produkt-kategorie\/grossgeraete-und-zubehoer\/\" data-no-translation-aria-label=\"\"><img fetchpriority=\"high\" decoding=\"async\" src=\"https:\/\/www.ams-onlineshop.de\/wp-content\/uploads\/2023\/04\/csm_AMS_Medicup_Grossgeraete_b63fa48032.jpg\" alt=\"\u5927\u578b\u5bb6\u96fb\u88fd\u54c1\u304a\u3088\u3073\u4ed8\u5c5e\u54c1\" width=\"300\" height=\"300\" \/>\t\t<h2 class=\"woocommerce-loop-category__title\">\n\t\t\t\u5927\u578b\u5bb6\u96fb\u88fd\u54c1\u304a\u3088\u3073\u4ed8\u5c5e\u54c1 <mark class=\"count\">(43)<\/mark>\t\t<\/h2>\n\t\t<\/a><\/li>\n<li class=\"product-category product\">\n\t<a aria-label=\"\u5546\u54c1\u30ab\u30c6\u30b4\u30ea\u30fc\u300cKleinger\u00e4te und Sonstiges\u300d\u306b\u30a2\u30af\u30bb\u30b9\" href=\"https:\/\/www.ams-onlineshop.de\/ja\/produkt-kategorie\/kleingeraete-und-sonstiges\/\" data-no-translation-aria-label=\"\"><img decoding=\"async\" src=\"https:\/\/www.ams-onlineshop.de\/wp-content\/uploads\/2024\/02\/heim_kleingeraete-300x300.jpg\" alt=\"\u5c0f\u578b\u5bb6\u96fb\u88fd\u54c1\u306a\u3069\" width=\"300\" height=\"300\" srcset=\"https:\/\/www.ams-onlineshop.de\/wp-content\/uploads\/2024\/02\/heim_kleingeraete-300x300.jpg 300w, https:\/\/www.ams-onlineshop.de\/wp-content\/uploads\/2024\/02\/heim_kleingeraete-150x150.jpg 150w, https:\/\/www.ams-onlineshop.de\/wp-content\/uploads\/2024\/02\/heim_kleingeraete-100x100.jpg 100w\" sizes=\"(max-width: 300px) 100vw, 300px\" \/>\t\t<h2 class=\"woocommerce-loop-category__title\">\n\t\t\t\u5c0f\u578b\u5bb6\u96fb\u88fd\u54c1\u306a\u3069 <mark class=\"count\">(33)<\/mark>\t\t<\/h2>\n\t\t<\/a><\/li>\n<li class=\"product-category product last\">\n\t<a aria-label=\"\u5546\u54c1\u30ab\u30c6\u30b4\u30ea\u30fc\u300cWasseraufbereitung und Zubeh\u00f6r\u300d\u306b\u30a2\u30af\u30bb\u30b9\" href=\"https:\/\/www.ams-onlineshop.de\/ja\/produkt-kategorie\/wasseraufbereitung-und-zubehoer\/\" data-no-translation-aria-label=\"\"><img decoding=\"async\" src=\"https:\/\/www.ams-onlineshop.de\/wp-content\/uploads\/2023\/03\/csm_AMS_springtime_premium_pro_neuer_Auslaufhahn_ac625c09ee-300x300.jpg\" alt=\"\u6c34\u51e6\u7406\u304a\u3088\u3073\u4ed8\u5c5e\u54c1\" width=\"300\" height=\"300\" srcset=\"https:\/\/www.ams-onlineshop.de\/wp-content\/uploads\/2023\/03\/csm_AMS_springtime_premium_pro_neuer_Auslaufhahn_ac625c09ee-300x300.jpg 300w, https:\/\/www.ams-onlineshop.de\/wp-content\/uploads\/2023\/03\/csm_AMS_springtime_premium_pro_neuer_Auslaufhahn_ac625c09ee-100x100.jpg 100w, https:\/\/www.ams-onlineshop.de\/wp-content\/uploads\/2023\/03\/csm_AMS_springtime_premium_pro_neuer_Auslaufhahn_ac625c09ee-150x150.jpg 150w, https:\/\/www.ams-onlineshop.de\/wp-content\/uploads\/2023\/03\/csm_AMS_springtime_premium_pro_neuer_Auslaufhahn_ac625c09ee.jpg 600w\" sizes=\"(max-width: 300px) 100vw, 300px\" \/>\t\t<h2 class=\"woocommerce-loop-category__title\">\n\t\t\t\u6c34\u51e6\u7406\u304a\u3088\u3073\u4ed8\u5c5e\u54c1 <mark class=\"count\">(16)<\/mark>\t\t<\/h2>\n\t\t<\/a><\/li>\n<\/ul>\n<\/div>\t\t\t\t<\/div>\n\t\t\t\t<\/div>\n\t\t\t\t<div class=\"elementor-element elementor-element-7e25f9b elementor-widget elementor-widget-button\" data-id=\"7e25f9b\" data-element_type=\"widget\" data-e-type=\"widget\" data-widget_type=\"button.default\">\n\t\t\t\t<div class=\"elementor-widget-container\">\n\t\t\t\t\t\t\t\t\t<div class=\"elementor-button-wrapper\">\n\t\t\t\t\t<a class=\"elementor-button elementor-button-link elementor-size-sm\" href=\"https:\/\/www.ams-onlineshop.de\/ja\/%e5%ba%97\/\">\n\t\t\t\t\t\t<span class=\"elementor-button-content-wrapper\">\n\t\t\t\t\t\t\t\t\t<span class=\"elementor-button-text\">\u3059\u3079\u3066\u306e\u88fd\u54c1\u3092\u4e00\u76ee\u3067<\/span>\n\t\t\t\t\t<\/span>\n\t\t\t\t\t<\/a>\n\t\t\t\t<\/div>\n\t\t\t\t\t\t\t\t<\/div>\n\t\t\t\t<\/div>\n\t\t\t\t<div class=\"elementor-element elementor-element-d58bee9 elementor-widget-divider--view-line elementor-widget elementor-widget-divider\" data-id=\"d58bee9\" data-element_type=\"widget\" data-e-type=\"widget\" data-widget_type=\"divider.default\">\n\t\t\t\t<div class=\"elementor-widget-container\">\n\t\t\t\t\t\t\t<div class=\"elementor-divider\">\n\t\t\t<span class=\"elementor-divider-separator\">\n\t\t\t\t\t\t<\/span>\n\t\t<\/div>\n\t\t\t\t\t\t<\/div>\n\t\t\t\t<\/div>\n\t\t\t\t<div class=\"elementor-element elementor-element-19869cb elementor-widget elementor-widget-text-editor\" data-id=\"19869cb\" data-element_type=\"widget\" data-e-type=\"widget\" data-widget_type=\"text-editor.default\">\n\t\t\t\t<div class=\"elementor-widget-container\">\n\t\t\t\t\t\t\t\t\t<p>\u4fdd\u8b77\u3055\u308c\u305f\u88fd\u54c1\u3092\u8cfc\u5165\u3059\u308b\u306b\u306f\u3001\u30d1\u30b9\u30ef\u30fc\u30c9\u304c\u5fc5\u8981\u3067\u3059\u3002<br \/>\u30e1\u30a4\u30f3\u30da\u30fc\u30b8\u304b\u3089\u30ed\u30b0\u30a4\u30f3\u3092\u30ea\u30af\u30a8\u30b9\u30c8\u3067\u304d\u307e\u3059\u3002\u30d1\u30b9\u30ef\u30fc\u30c9\u3092\u4f7f\u7528\u3057\u3066\u3001\u3053\u3053\u3067\u30b7\u30e7\u30c3\u30d4\u30f3\u30b0\u3082\u3067\u304d\u307e\u3059\u3002<\/p>\t\t\t\t\t\t\t\t<\/div>\n\t\t\t\t<\/div>\n\t\t\t\t<div class=\"elementor-element elementor-element-0300319 elementor-widget elementor-widget-button\" data-id=\"0300319\" data-element_type=\"widget\" data-e-type=\"widget\" data-widget_type=\"button.default\">\n\t\t\t\t<div class=\"elementor-widget-container\">\n\t\t\t\t\t\t\t\t\t<div class=\"elementor-button-wrapper\">\n\t\t\t\t\t<a class=\"elementor-button elementor-button-link elementor-size-sm\" href=\"https:\/\/www.ams-ag.de\/kontakt\/login-beantragen\/\" target=\"_blank\">\n\t\t\t\t\t\t<span class=\"elementor-button-content-wrapper\">\n\t\t\t\t\t\t\t\t\t<span class=\"elementor-button-text\">\u30ed\u30b0\u30a4\u30f3\u3092\u30ea\u30af\u30a8\u30b9\u30c8<\/span>\n\t\t\t\t\t<\/span>\n\t\t\t\t\t<\/a>\n\t\t\t\t<\/div>\n\t\t\t\t\t\t\t\t<\/div>\n\t\t\t\t<\/div>\n\t\t\t\t<div class=\"elementor-element elementor-element-e98bb79 elementor-widget elementor-widget-spacer\" data-id=\"e98bb79\" data-element_type=\"widget\" data-e-type=\"widget\" data-widget_type=\"spacer.default\">\n\t\t\t\t<div class=\"elementor-widget-container\">\n\t\t\t\t\t\t\t<div class=\"elementor-spacer\">\n\t\t\t<div class=\"elementor-spacer-inner\"><\/div>\n\t\t<\/div>\n\t\t\t\t\t\t<\/div>\n\t\t\t\t<\/div>\n\t\t\t\t\t<\/div>\n\t\t<\/div>\n\t\t\t\t\t<\/div>\n\t\t<\/section>\n\t\t\t\t<\/div>","protected":false},"excerpt":{"rendered":"<p>AMS GmbH \u2013 Advanced Medical Systems \u30b7\u30e7\u30c3\u30d7\u3078\u3088\u3046\u3053\u305d \u88fd\u54c1\u60c5\u5831 \u500b\u3005\u306e\u88fd\u54c1\u306b\u3064\u3044\u3066\u3082\u3063\u3068\u77e5\u308a\u305f\u3044\u3067\u3059\u304b\uff1f \u88fd\u54c1\u3092\u7406\u89e3\u3059\u308b\u306b\u306f\u3001\u30e1\u30a4\u30f3\u30da\u30fc\u30b8\u3067\u63d0\u4f9b\u3055\u308c\u308b\u57fa\u672c\u77e5\u8b58\u304c\u5fc5\u8981\u3067\u3059\u3002\u88fd\u54c1\u306e\u8aac\u660e\u3082\u30e1\u30a4\u30f3\u30da\u30fc\u30b8\u3067\u3054\u89a7\u3044\u305f\u3060\u3051\u307e\u3059\u3002\u3053\u3053\u3067\u306f\u3001\u88fd\u54c1\u8aac\u660e\u306e\u306a\u3044\u3001\u304a\u4f4f\u307e\u3044\u306e\u56fd\u3067\u5165\u624b\u53ef\u80fd\u306a\u88fd\u54c1\u306e\u307f\u3092\u3054\u89a7\u3044\u305f\u3060\u3051\u307e\u3059\u3002AMS\u306e\u30e1\u30a4\u30f3\u30da\u30fc\u30b8\u3078 \u88fd\u54c1 \u5168\u88fd\u54c1\u306e\u6982\u8981 \u4fdd\u8b77\u3055\u308c\u305f\u88fd\u54c1\u3092\u3054\u8cfc\u5165\u3044\u305f\u3060\u304f\u306b\u306f\u3001\u30d1\u30b9\u30ef\u30fc\u30c9\u304c\u5fc5\u8981\u3067\u3059\u3002\u30e1\u30a4\u30f3\u30da\u30fc\u30b8\u304b\u3089\u30ed\u30b0\u30a4\u30f3\u3092\u30ea\u30af\u30a8\u30b9\u30c8\u3067\u304d\u307e\u3059\u3002\u30d1\u30b9\u30ef\u30fc\u30c9\u3092\u4f7f\u7528\u3057\u3066\u3001\u3053\u3061\u3089\u304b\u3089\u3082\u304a\u8cb7\u3044\u7269\u3044\u305f\u3060\u3051\u307e\u3059\u3002\u30ed\u30b0\u30a4\u30f3\u3092\u30ea\u30af\u30a8\u30b9\u30c8<\/p>","protected":false},"author":2,"featured_media":0,"parent":0,"menu_order":0,"comment_status":"closed","ping_status":"closed","template":"","meta":{"footnotes":""},"class_list":["post-8","page","type-page","status-publish","hentry"],"_links":{"self":[{"href":"https:\/\/www.ams-onlineshop.de\/ja\/wp-json\/wp\/v2\/pages\/8","targetHints":{"allow":["GET"]}}],"collection":[{"href":"https:\/\/www.ams-onlineshop.de\/ja\/wp-json\/wp\/v2\/pages"}],"about":[{"href":"https:\/\/www.ams-onlineshop.de\/ja\/wp-json\/wp\/v2\/types\/page"}],"author":[{"embeddable":true,"href":"https:\/\/www.ams-onlineshop.de\/ja\/wp-json\/wp\/v2\/users\/2"}],"replies":[{"embeddable":true,"href":"https:\/\/www.ams-onlineshop.de\/ja\/wp-json\/wp\/v2\/comments?post=8"}],"version-history":[{"count":30,"href":"https:\/\/www.ams-onlineshop.de\/ja\/wp-json\/wp\/v2\/pages\/8\/revisions"}],"predecessor-version":[{"id":1650,"href":"https:\/\/www.ams-onlineshop.de\/ja\/wp-json\/wp\/v2\/pages\/8\/revisions\/1650"}],"wp:attachment":[{"href":"https:\/\/www.ams-onlineshop.de\/ja\/wp-json\/wp\/v2\/media?parent=8"}],"curies":[{"name":"wp","href":"https:\/\/api.w.org\/{rel}","templated":true}]}}