{"id":2024,"date":"2025-05-22T23:25:43","date_gmt":"2025-05-22T21:25:43","guid":{"rendered":"https:\/\/www.ams-onlineshop.de\/?post_type=product&#038;p=2024"},"modified":"2025-07-14T16:32:25","modified_gmt":"2025-07-14T14:32:25","slug":"bolsa-de-tecido-para-transportar-seu-medisend","status":"publish","type":"product","link":"https:\/\/www.ams-onlineshop.de\/pt\/produkt\/stofftaeschchen-zum-umhaengen-fuer-ihr-medisend\/","title":{"rendered":"Bolsa de tecido para seu MEDISEND\u00ae"},"content":{"rendered":"<p>A partir de agora voc\u00ea pode comprar uma bolsa de tecido feita \u00e0 m\u00e3o para o seu MEDISEND\u00ae<br \/>\nadquirir.<\/p>\n<p>Cada bolsa \u00e9 uma pe\u00e7a \u00fanica, feita com amor e produzida por uma pequena empresa familiar de artesanato na cidade brasileira de Embu das Artes, em S\u00e3o Paulo.<br \/>\nA bolsa tem uma al\u00e7a de ombro ajust\u00e1vel e pode ser facilmente ajustada ao comprimento apropriado<br \/>\nser definido. E \u00e9 t\u00e3o grande que voc\u00ea tamb\u00e9m pode usar o MEDISEND\u00ae com o suporte da ampola rosqueado.<\/p>\n<p>At\u00e9 30 de setembro de 2025, voc\u00ea receber\u00e1 sua bolsa sem custos de frete. Por favor, entenda que o acaso decide qual item exclusivo voc\u00ea receber\u00e1.<\/p>\n<p>Se voc\u00ea quiser saber mais sobre os artistas, visite-os no Facebook em Li + Li<br \/>\nUm pouco de Embu das Artes.<\/p>\n<p><strong><a href=\"https:\/\/www.facebook.com\/atelielimaisli\/\" target=\"_blank\" rel=\"noopener\">https:\/\/www.facebook.com\/atelielimaisli\/<\/a><\/strong><\/p>","protected":false},"excerpt":{"rendered":"<p>Agora voc\u00ea pode comprar conosco uma bolsa de tecido feita \u00e0 m\u00e3o para seu MEDISEND\u00ae.<\/p>","protected":false},"featured_media":2026,"template":"","meta":[],"product_brand":[],"product_cat":[28,26,108,74,31],"product_tag":[],"class_list":{"0":"post-2024","1":"product","2":"type-product","3":"status-publish","4":"has-post-thumbnail","6":"product_cat-heimbedarf","7":"product_cat-kleingeraete","8":"product_cat-kleingeraete-und-sonstiges","9":"product_cat-medisend","10":"product_cat-sonstiges","11":"product_shipping_class-kostenlos","13":"first","14":"instock","15":"shipping-taxable","16":"purchasable","17":"product-type-simple"},"_links":{"self":[{"href":"https:\/\/www.ams-onlineshop.de\/pt\/wp-json\/wp\/v2\/product\/2024","targetHints":{"allow":["GET"]}}],"collection":[{"href":"https:\/\/www.ams-onlineshop.de\/pt\/wp-json\/wp\/v2\/product"}],"about":[{"href":"https:\/\/www.ams-onlineshop.de\/pt\/wp-json\/wp\/v2\/types\/product"}],"wp:featuredmedia":[{"embeddable":true,"href":"https:\/\/www.ams-onlineshop.de\/pt\/wp-json\/wp\/v2\/media\/2026"}],"wp:attachment":[{"href":"https:\/\/www.ams-onlineshop.de\/pt\/wp-json\/wp\/v2\/media?parent=2024"}],"wp:term":[{"taxonomy":"product_brand","embeddable":true,"href":"https:\/\/www.ams-onlineshop.de\/pt\/wp-json\/wp\/v2\/product_brand?post=2024"},{"taxonomy":"product_cat","embeddable":true,"href":"https:\/\/www.ams-onlineshop.de\/pt\/wp-json\/wp\/v2\/product_cat?post=2024"},{"taxonomy":"product_tag","embeddable":true,"href":"https:\/\/www.ams-onlineshop.de\/pt\/wp-json\/wp\/v2\/product_tag?post=2024"}],"curies":[{"name":"wp","href":"https:\/\/api.w.org\/{rel}","templated":true}]}}