{"id":315,"date":"2023-03-24T14:37:16","date_gmt":"2023-03-24T13:37:16","guid":{"rendered":"http:\/\/shop.franksarah2023.alfahosting.org\/?post_type=product&#038;p=315"},"modified":"2026-02-01T00:24:08","modified_gmt":"2026-01-31T23:24:08","slug":"medisendprotect","status":"publish","type":"product","link":"https:\/\/www.ams-onlineshop.de\/pt\/produkt\/medisendprotect\/","title":{"rendered":"MEDISEND\u00aeproteger"},"content":{"rendered":"<h2>Pol\u00edtica de devolu\u00e7\u00e3o de 90 dias<\/h2>\n<p><img decoding=\"async\" class=\"size-full wp-image-508 alignright\" src=\"http:\/\/www.ams-onlineshop.de\/wp-content\/uploads\/2023\/04\/AMS_90-Tage.jpg\" alt=\"Pol\u00edtica de devolu\u00e7\u00e3o de 90 dias da AMS\" width=\"75\" height=\"75\" \/>Ao adquirir um de nossos pequenos eletrodom\u00e9sticos, voc\u00ea tem direito de devolu\u00e7\u00e3o de 90 dias. Se voc\u00ea nos devolver o dispositivo em perfeitas condi\u00e7\u00f5es dentro deste per\u00edodo, reembolsaremos o pre\u00e7o total da compra (menos os custos de envio).<\/p>\n<h2>Descri\u00e7\u00e3o detalhada do produto<\/h2>\n<p>A descri\u00e7\u00e3o detalhada do produto pode ser encontrada no seguinte link:<br \/>\n<a href=\"https:\/\/ams-ag.de\/produkte\/heimbedarf\/kleingeraete\/medisendprotect\/\" target=\"_blank\" rel=\"noopener\"><b>MEDISEND\u00aeproteger<\/b><\/a><\/p>","protected":false},"excerpt":{"rendered":"<p><b>\u00datil para eletrossensibilidade. O MEDISEND\u00aeprotect \u00e9 simplesmente conectado a uma interface USB do computador e cria um campo positivo para o qual o organismo se orienta.<\/b><\/p>\n<h2>Escopo de entrega<\/h2>\n<ul>\n<li>MEDISEND\u00aeprotect em caixa de alum\u00ednio<\/li>\n<li>Instru\u00e7\u00f5es de uso<\/li>\n<\/ul>\n<p><abbr id=\"pfeil\"> <img decoding=\"async\" title=\"Aqueles do Dr. Voc\u00ea pode reconhecer os dispositivos desenvolvidos pela Ludwig\u00ae pelo s\u00edmbolo de seta. Este s\u00edmbolo representa a cria\u00e7\u00e3o de um biocampo eletromagn\u00e9tico modelado na natureza imperturbada.\" src=\"http:\/\/www.ams-onlineshop.de\/wp-content\/uploads\/2023\/04\/AMS-Pfeil.jpg\" alt=\"Seta AMS\" width=\"75px\" height=\"75px\" \/> <\/abbr> <abbr id=\"neunzigtage\"> <img decoding=\"async\" title=\"Voc\u00ea tem um direito de devolu\u00e7\u00e3o de 90 dias. Se voc\u00ea nos devolver o dispositivo em perfeitas condi\u00e7\u00f5es dentro deste per\u00edodo, reembolsaremos o pre\u00e7o total da compra (menos os custos de envio).\" src=\"http:\/\/www.ams-onlineshop.de\/wp-content\/uploads\/2023\/04\/AMS_90-Tage.jpg\" width=\"75px\" height=\"75px\" \/> <\/abbr><\/p>","protected":false},"featured_media":316,"template":"","meta":[],"product_brand":[],"product_cat":[28,26,108,75],"product_tag":[],"class_list":{"0":"post-315","1":"product","2":"type-product","3":"status-publish","4":"has-post-thumbnail","6":"product_cat-heimbedarf","7":"product_cat-kleingeraete","8":"product_cat-kleingeraete-und-sonstiges","9":"product_cat-medisendprotect","10":"product_shipping_class-kleingeraet","12":"first","13":"instock","14":"shipping-taxable","15":"purchasable","16":"product-type-simple"},"_links":{"self":[{"href":"https:\/\/www.ams-onlineshop.de\/pt\/wp-json\/wp\/v2\/product\/315","targetHints":{"allow":["GET"]}}],"collection":[{"href":"https:\/\/www.ams-onlineshop.de\/pt\/wp-json\/wp\/v2\/product"}],"about":[{"href":"https:\/\/www.ams-onlineshop.de\/pt\/wp-json\/wp\/v2\/types\/product"}],"wp:featuredmedia":[{"embeddable":true,"href":"https:\/\/www.ams-onlineshop.de\/pt\/wp-json\/wp\/v2\/media\/316"}],"wp:attachment":[{"href":"https:\/\/www.ams-onlineshop.de\/pt\/wp-json\/wp\/v2\/media?parent=315"}],"wp:term":[{"taxonomy":"product_brand","embeddable":true,"href":"https:\/\/www.ams-onlineshop.de\/pt\/wp-json\/wp\/v2\/product_brand?post=315"},{"taxonomy":"product_cat","embeddable":true,"href":"https:\/\/www.ams-onlineshop.de\/pt\/wp-json\/wp\/v2\/product_cat?post=315"},{"taxonomy":"product_tag","embeddable":true,"href":"https:\/\/www.ams-onlineshop.de\/pt\/wp-json\/wp\/v2\/product_tag?post=315"}],"curies":[{"name":"wp","href":"https:\/\/api.w.org\/{rel}","templated":true}]}}