{"id":319,"date":"2023-05-22T19:35:13","date_gmt":"2023-05-22T17:35:13","guid":{"rendered":"http:\/\/shop.franksarah2023.alfahosting.org\/?post_type=product&#038;p=319"},"modified":"2026-02-01T00:23:06","modified_gmt":"2026-01-31T23:23:06","slug":"metronomo-solar","status":"publish","type":"product","link":"https:\/\/www.ams-onlineshop.de\/pt\/produkt\/metronom-solar\/","title":{"rendered":"METRONOME solar"},"content":{"rendered":"<h2>Pol\u00edtica de devolu\u00e7\u00e3o de 90 dias<\/h2>\n<p><img decoding=\"async\" class=\"size-full wp-image-508 alignright\" src=\"http:\/\/www.ams-onlineshop.de\/wp-content\/uploads\/2023\/04\/AMS_90-Tage.jpg\" alt=\"Pol\u00edtica de devolu\u00e7\u00e3o de 90 dias da AMS\" width=\"75\" height=\"75\" \/>Ao adquirir um de nossos pequenos eletrodom\u00e9sticos, voc\u00ea tem direito de devolu\u00e7\u00e3o de 90 dias. Se voc\u00ea nos devolver o dispositivo em perfeitas condi\u00e7\u00f5es dentro deste per\u00edodo, reembolsaremos o pre\u00e7o total da compra (menos os custos de envio).<\/p>\n<h2>Descri\u00e7\u00e3o detalhada do produto<\/h2>\n<p>A descri\u00e7\u00e3o detalhada do produto pode ser encontrada no seguinte link:<br \/>\n<a href=\"https:\/\/ams-ag.de\/produkte\/heimbedarf\/kleingeraete\/metronom-solar\/\" target=\"_blank\" rel=\"noopener\"><b>METRONOME solar<\/b><\/a><\/p>","protected":false},"excerpt":{"rendered":"<p><b>A uni\u00e3o do MEDISEND\u00ae e do MEDICUR\u00aepro \u2013 \u00e9 tamb\u00e9m o nosso \u00fanico dispositivo pequeno com varredura autom\u00e1tica de frequ\u00eancia, al\u00e9m de suas quatro frequ\u00eancias fixas.<\/b><\/p>\n<h2>Escopo de entrega<\/h2>\n<ul>\n<li>METRONOM solar com bateria de bloco de 9 volts<\/li>\n<li>Porta-ampola<\/li>\n<li>tr\u00eas ampolas de vidro<\/li>\n<li>Atadura de velcro<\/li>\n<li>Instru\u00e7\u00f5es de uso<\/li>\n<\/ul>\n<p><abbr id=\"pfeil\"> <img decoding=\"async\" title=\"Aqueles do Dr. Voc\u00ea pode reconhecer os dispositivos desenvolvidos pela Ludwig\u00ae pelo s\u00edmbolo de seta. Este s\u00edmbolo representa a cria\u00e7\u00e3o de um biocampo eletromagn\u00e9tico modelado na natureza imperturbada.\" src=\"http:\/\/www.ams-onlineshop.de\/wp-content\/uploads\/2023\/04\/AMS-Pfeil.jpg\" alt=\"Seta AMS\" width=\"75px\" height=\"75px\" \/> <\/abbr> <abbr id=\"neunzigtage\"> <img decoding=\"async\" title=\"Voc\u00ea tem um direito de devolu\u00e7\u00e3o de 90 dias. Se voc\u00ea nos devolver o dispositivo em perfeitas condi\u00e7\u00f5es dentro deste per\u00edodo, reembolsaremos o pre\u00e7o total da compra (menos os custos de envio).\" src=\"http:\/\/www.ams-onlineshop.de\/wp-content\/uploads\/2023\/04\/AMS_90-Tage.jpg\" width=\"75px\" height=\"75px\" \/> <\/abbr><\/p>","protected":false},"featured_media":610,"template":"","meta":[],"product_brand":[],"product_cat":[28,26,108,77],"product_tag":[],"class_list":{"0":"post-319","1":"product","2":"type-product","3":"status-publish","4":"has-post-thumbnail","6":"product_cat-heimbedarf","7":"product_cat-kleingeraete","8":"product_cat-kleingeraete-und-sonstiges","9":"product_cat-metronom-solar","10":"product_shipping_class-kleingeraet","12":"first","13":"instock","14":"shipping-taxable","15":"purchasable","16":"product-type-simple"},"_links":{"self":[{"href":"https:\/\/www.ams-onlineshop.de\/pt\/wp-json\/wp\/v2\/product\/319","targetHints":{"allow":["GET"]}}],"collection":[{"href":"https:\/\/www.ams-onlineshop.de\/pt\/wp-json\/wp\/v2\/product"}],"about":[{"href":"https:\/\/www.ams-onlineshop.de\/pt\/wp-json\/wp\/v2\/types\/product"}],"wp:featuredmedia":[{"embeddable":true,"href":"https:\/\/www.ams-onlineshop.de\/pt\/wp-json\/wp\/v2\/media\/610"}],"wp:attachment":[{"href":"https:\/\/www.ams-onlineshop.de\/pt\/wp-json\/wp\/v2\/media?parent=319"}],"wp:term":[{"taxonomy":"product_brand","embeddable":true,"href":"https:\/\/www.ams-onlineshop.de\/pt\/wp-json\/wp\/v2\/product_brand?post=319"},{"taxonomy":"product_cat","embeddable":true,"href":"https:\/\/www.ams-onlineshop.de\/pt\/wp-json\/wp\/v2\/product_cat?post=319"},{"taxonomy":"product_tag","embeddable":true,"href":"https:\/\/www.ams-onlineshop.de\/pt\/wp-json\/wp\/v2\/product_tag?post=319"}],"curies":[{"name":"wp","href":"https:\/\/api.w.org\/{rel}","templated":true}]}}