{"id":323,"date":"2023-05-22T19:35:12","date_gmt":"2023-05-22T17:35:12","guid":{"rendered":"http:\/\/shop.franksarah2023.alfahosting.org\/?post_type=product&#038;p=323"},"modified":"2026-02-01T00:28:06","modified_gmt":"2026-01-31T23:28:06","slug":"medicurcolor","status":"publish","type":"product","link":"https:\/\/www.ams-onlineshop.de\/pt\/produkt\/medicurcolor\/","title":{"rendered":"MEDICUR\u00aecor"},"content":{"rendered":"<h2>Pol\u00edtica de devolu\u00e7\u00e3o de 90 dias<\/h2>\n<p><img decoding=\"async\" class=\"size-full wp-image-508 alignright\" src=\"http:\/\/www.ams-onlineshop.de\/wp-content\/uploads\/2023\/04\/AMS_90-Tage.jpg\" alt=\"Pol\u00edtica de devolu\u00e7\u00e3o de 90 dias da AMS\" width=\"75\" height=\"75\" \/>Ao adquirir um de nossos pequenos eletrodom\u00e9sticos, voc\u00ea tem direito de devolu\u00e7\u00e3o de 90 dias. Se voc\u00ea nos devolver o dispositivo em perfeitas condi\u00e7\u00f5es dentro deste per\u00edodo, reembolsaremos o pre\u00e7o total da compra (menos os custos de envio).<\/p>\n<h2>Descri\u00e7\u00e3o detalhada do produto<\/h2>\n<p>A descri\u00e7\u00e3o detalhada do produto pode ser encontrada no seguinte link:<br \/>\n<a href=\"https:\/\/ams-ag.de\/produkte\/heimbedarf\/kleingeraete\/medicurcolor\/\" target=\"_blank\" rel=\"noopener\"><b>MEDICUR\u00aecor<\/b><\/a><\/p>","protected":false},"excerpt":{"rendered":"<p><b>Combina campo magn\u00e9tico pulsante e cores.<\/b><\/p>\n<h2>Escopo de entrega<\/h2>\n<ul>\n<li>MEDICUR\u00aecolor com bateria de bloco de 9 volts<\/li>\n<li>Porta-ampola<\/li>\n<li>tr\u00eas ampolas de vidro<\/li>\n<li>Atadura de velcro<\/li>\n<li>Instru\u00e7\u00f5es de uso<\/li>\n<\/ul>\n<p><abbr id=\"pfeil\"> <img decoding=\"async\" title=\"Voc\u00ea pode reconhecer os dispositivos desenvolvidos pela Dr. Ludwig\u00ae pelo s\u00edmbolo de seta. Este s\u00edmbolo representa a cria\u00e7\u00e3o de um biocampo eletromagn\u00e9tico modelado na natureza imperturbada.\" src=\"http:\/\/www.ams-onlineshop.de\/wp-content\/uploads\/2023\/04\/AMS-Pfeil.jpg\" alt=\"Seta AMS\" width=\"75px\" height=\"75px\" \/> <\/abbr> <abbr id=\"neunzigtage\"> <img decoding=\"async\" title=\"Voc\u00ea tem um direito de devolu\u00e7\u00e3o de 90 dias. Se voc\u00ea nos devolver o dispositivo em perfeitas condi\u00e7\u00f5es dentro deste per\u00edodo, reembolsaremos o pre\u00e7o total da compra (menos os custos de envio).\" src=\"http:\/\/www.ams-onlineshop.de\/wp-content\/uploads\/2023\/04\/AMS_90-Tage.jpg\" width=\"75px\" height=\"75px\" \/> <\/abbr><\/p>","protected":false},"featured_media":324,"template":"","meta":[],"product_brand":[],"product_cat":[28,26,108,79],"product_tag":[],"class_list":{"0":"post-323","1":"product","2":"type-product","3":"status-publish","4":"has-post-thumbnail","6":"product_cat-heimbedarf","7":"product_cat-kleingeraete","8":"product_cat-kleingeraete-und-sonstiges","9":"product_cat-medicurcolor","10":"product_shipping_class-kleingeraet","12":"first","13":"instock","14":"shipping-taxable","15":"purchasable","16":"product-type-simple"},"_links":{"self":[{"href":"https:\/\/www.ams-onlineshop.de\/pt\/wp-json\/wp\/v2\/product\/323","targetHints":{"allow":["GET"]}}],"collection":[{"href":"https:\/\/www.ams-onlineshop.de\/pt\/wp-json\/wp\/v2\/product"}],"about":[{"href":"https:\/\/www.ams-onlineshop.de\/pt\/wp-json\/wp\/v2\/types\/product"}],"wp:featuredmedia":[{"embeddable":true,"href":"https:\/\/www.ams-onlineshop.de\/pt\/wp-json\/wp\/v2\/media\/324"}],"wp:attachment":[{"href":"https:\/\/www.ams-onlineshop.de\/pt\/wp-json\/wp\/v2\/media?parent=323"}],"wp:term":[{"taxonomy":"product_brand","embeddable":true,"href":"https:\/\/www.ams-onlineshop.de\/pt\/wp-json\/wp\/v2\/product_brand?post=323"},{"taxonomy":"product_cat","embeddable":true,"href":"https:\/\/www.ams-onlineshop.de\/pt\/wp-json\/wp\/v2\/product_cat?post=323"},{"taxonomy":"product_tag","embeddable":true,"href":"https:\/\/www.ams-onlineshop.de\/pt\/wp-json\/wp\/v2\/product_tag?post=323"}],"curies":[{"name":"wp","href":"https:\/\/api.w.org\/{rel}","templated":true}]}}