{"id":325,"date":"2023-03-27T19:28:17","date_gmt":"2023-03-27T17:28:17","guid":{"rendered":"http:\/\/shop.franksarah2023.alfahosting.org\/?post_type=product&#038;p=325"},"modified":"2024-09-14T01:11:02","modified_gmt":"2024-09-13T23:11:02","slug":"medisendsuper","status":"publish","type":"product","link":"https:\/\/www.ams-onlineshop.de\/pt\/produkt\/medisendsuper\/","title":{"rendered":"MEDISEND\u00aesuper"},"content":{"rendered":"<p>A descri\u00e7\u00e3o detalhada do produto pode ser encontrada no seguinte link:<br \/>\n<a href=\"https:\/\/ams-ag.de\/produkte\/heimbedarf\/grossgeraet\/medisendsuper\/\" target=\"_blank\" rel=\"noopener\"><b>MEDISEND\u00aesuper<\/b><\/a><\/p>\n<p>\u2026 para terapeutas:<br \/>\n<a href=\"https:\/\/ams-ag.de\/produkte\/therapeuten \/ grossgeraete\/medisendsuper-c\/\" target=\"_blank\" rel=\"noopener\"><b>MEDISEND\u00aesuper\/MEDISEND\u00aesuper C<\/b><\/a><\/p>\n<p>\u2026 para terapeutas de animais:<br \/>\n<a href=\"https:\/\/ams-ag.de\/produkte\/tiertherapeuten\/grossgeraete\/\" target=\"_blank\" rel=\"noopener\"><b>Aparelhos grandes<\/b><\/a><\/p>","protected":false},"excerpt":{"rendered":"<p><b>O MEDISEND\u00aesuper \u00e9 a vers\u00e3o padr\u00e3o da nossa s\u00e9rie MEDISEND\u00aesuper. \u00c9 utilizado tanto por terapeutas como no setor privado.<\/b><\/p>\n<h2>Escopo de entrega:<\/h2>\n<ul>\n<li>Unidade de controle MEDISEND\u00aesuper<\/li>\n<li>Aplicador MAGNETO loop<\/li>\n<li>Carregador<\/li>\n<li>instru\u00e7\u00f5es detalhadas de uso e material informativo<\/li>\n<\/ul>\n<p><b>N\u00e3o inclu\u00eddo na entrega:<\/b><br \/>\nMEDICUP, eletrodos manuais e CEPES-Laser\u00aeVario. Eles est\u00e3o dispon\u00edveis opcionalmente como acess\u00f3rios.<\/p>\n<p><abbr id=\"pfeil\"> <img decoding=\"async\" title=\"Aqueles do Dr. Voc\u00ea pode reconhecer os dispositivos desenvolvidos pela Ludwig\u00ae pelo s\u00edmbolo de seta. Este s\u00edmbolo representa a cria\u00e7\u00e3o de um biocampo eletromagn\u00e9tico modelado na natureza imperturbada.\" src=\"http:\/\/www.ams-onlineshop.de\/wp-content\/uploads\/2023\/04\/AMS-Pfeil.jpg\" alt=\"Seta AMS\" width=\"75px\" height=\"75px\" \/> <\/abbr><\/p>","protected":false},"featured_media":970,"template":"","meta":[],"product_brand":[],"product_cat":[27,51,107,28,50],"product_tag":[],"class_list":{"0":"post-325","1":"product","2":"type-product","3":"status-publish","4":"has-post-thumbnail","6":"product_cat-grossgeraet","7":"product_cat-grossgeraete","8":"product_cat-grossgeraete-und-zubehoer","9":"product_cat-heimbedarf","10":"product_cat-praxisbedarf","11":"product_shipping_class-grossgeraet","13":"first","14":"instock","15":"shipping-taxable","16":"purchasable","17":"product-type-simple"},"_links":{"self":[{"href":"https:\/\/www.ams-onlineshop.de\/pt\/wp-json\/wp\/v2\/product\/325","targetHints":{"allow":["GET"]}}],"collection":[{"href":"https:\/\/www.ams-onlineshop.de\/pt\/wp-json\/wp\/v2\/product"}],"about":[{"href":"https:\/\/www.ams-onlineshop.de\/pt\/wp-json\/wp\/v2\/types\/product"}],"wp:featuredmedia":[{"embeddable":true,"href":"https:\/\/www.ams-onlineshop.de\/pt\/wp-json\/wp\/v2\/media\/970"}],"wp:attachment":[{"href":"https:\/\/www.ams-onlineshop.de\/pt\/wp-json\/wp\/v2\/media?parent=325"}],"wp:term":[{"taxonomy":"product_brand","embeddable":true,"href":"https:\/\/www.ams-onlineshop.de\/pt\/wp-json\/wp\/v2\/product_brand?post=325"},{"taxonomy":"product_cat","embeddable":true,"href":"https:\/\/www.ams-onlineshop.de\/pt\/wp-json\/wp\/v2\/product_cat?post=325"},{"taxonomy":"product_tag","embeddable":true,"href":"https:\/\/www.ams-onlineshop.de\/pt\/wp-json\/wp\/v2\/product_tag?post=325"}],"curies":[{"name":"wp","href":"https:\/\/api.w.org\/{rel}","templated":true}]}}