{"id":377,"date":"2023-04-27T16:10:35","date_gmt":"2023-04-27T14:10:35","guid":{"rendered":"http:\/\/shop.franksarah2023.alfahosting.org\/?post_type=product&#038;p=377"},"modified":"2024-09-14T02:13:37","modified_gmt":"2024-09-14T00:13:37","slug":"medico","status":"publish","type":"product","link":"https:\/\/www.ams-onlineshop.de\/pt\/produkt\/medicup\/","title":{"rendered":"M\u00c9DICA"},"content":{"rendered":"<h2>Usar e usar<\/h2>\n<p>Nosso MEDICUP pode ser conectado ao MEDISEND\u00aesuper para transmitir bioinforma\u00e7\u00e3o ex\u00f3gena.<br \/>\n<img fetchpriority=\"high\" decoding=\"async\" class=\"size-full wp-image-382 alignright\" src=\"http:\/\/www.ams-onlineshop.de\/wp-content\/uploads\/2023\/03\/csm_AMS_Medisend_super_mit_Magneto-Schlaufe_und_Medicup_b4461af757.jpg\" alt=\"AMS Medisend super com loop Magneto e Medicup\" width=\"250\" height=\"245\" \/><br \/>\nTodos os substratos que voc\u00ea deseja transferir com o campo magn\u00e9tico pulsante no sentido de bioresson\u00e2ncia s\u00e3o colocados no MEDICUP conectado. O campo magn\u00e9tico \u00e9 usado n\u00e3o apenas como onda de aplica\u00e7\u00e3o, mas tamb\u00e9m como onda portadora.<\/p>\n<p>A transmiss\u00e3o de informa\u00e7\u00f5es \u00e9 independente da frequ\u00eancia escolhida: cada frequ\u00eancia \u00e9 uma onda portadora e pode ser usada para oscila\u00e7\u00e3o\/transmiss\u00e3o.<\/p>\n<p>Voc\u00ea pode ler exatamente sobre o que \u00e9 a resposta transit\u00f3ria dos substratos e informa\u00e7\u00f5es no item de menu Transfer\u00eancia de substrato.<br \/>\n<a href=\"https:\/\/ams-ag.de\/grundlagen-magnetfeldtherapie\/magnetfeldtherapie-und-bioinformative-medizin\/substratuebertragung\/\" target=\"_blank\" rel=\"noopener\"><b>Transfer\u00eancia de substrato<\/b><\/a><\/p>\n<h2>Caracter\u00edsticas<\/h2>\n<p>Nosso MEDICUP \u00e9 um copo de medicamento bipolar que absorve apenas aprox. 1 eletrosmog % devido \u00e0 sua divis\u00e3o interna em duas metades. Isto significa uma qualidade extraordinariamente alta, quase livre de eletrosmog, para transmiss\u00e3o e armazenamento de sinais.<\/p>\n<p>No interior, o MEDICUP consiste em duas metades de copo separadas feitas de uma liga especial de alum\u00ednio (prote\u00e7\u00e3o de modelo utilit\u00e1rio n\u00ba 398 29 987).<\/p>\n<p>A descri\u00e7\u00e3o do produto para c\u00edrculos especializados pode ser encontrada aqui:<br \/>\n<a href=\"https:\/\/ams-ag.de\/produkte\/therapeuten\/grossgeraete\/medicup\/\" target=\"_blank\" rel=\"noopener\"><b>M\u00c9DICA<\/b><\/a><\/p>","protected":false},"excerpt":{"rendered":"<p>Nosso MEDICUP pode ser conectado ao MEDISEND\u00aesuper para transmitir bioinforma\u00e7\u00e3o ex\u00f3gena.<\/p>\n<ul>\n<li>Altura 7cm<\/li>\n<li>Di\u00e2metro interno 5,5 cm<\/li>\n<li>Peso 250g<\/li>\n<li>incluindo cabo de conex\u00e3o (18 cm)<\/li>\n<\/ul>","protected":false},"featured_media":550,"template":"","meta":[],"product_brand":[],"product_cat":[53,30,27,51,107,28,50],"product_tag":[],"class_list":{"0":"post-377","1":"product","2":"type-product","3":"status-publish","4":"has-post-thumbnail","6":"product_cat-geraetezubehoer-grossgeraete","7":"product_cat-geraetezubehoer","8":"product_cat-grossgeraet","9":"product_cat-grossgeraete","10":"product_cat-grossgeraete-und-zubehoer","11":"product_cat-heimbedarf","12":"product_cat-praxisbedarf","13":"product_shipping_class-kleingeraet","15":"first","16":"instock","17":"shipping-taxable","18":"purchasable","19":"product-type-simple"},"_links":{"self":[{"href":"https:\/\/www.ams-onlineshop.de\/pt\/wp-json\/wp\/v2\/product\/377","targetHints":{"allow":["GET"]}}],"collection":[{"href":"https:\/\/www.ams-onlineshop.de\/pt\/wp-json\/wp\/v2\/product"}],"about":[{"href":"https:\/\/www.ams-onlineshop.de\/pt\/wp-json\/wp\/v2\/types\/product"}],"wp:featuredmedia":[{"embeddable":true,"href":"https:\/\/www.ams-onlineshop.de\/pt\/wp-json\/wp\/v2\/media\/550"}],"wp:attachment":[{"href":"https:\/\/www.ams-onlineshop.de\/pt\/wp-json\/wp\/v2\/media?parent=377"}],"wp:term":[{"taxonomy":"product_brand","embeddable":true,"href":"https:\/\/www.ams-onlineshop.de\/pt\/wp-json\/wp\/v2\/product_brand?post=377"},{"taxonomy":"product_cat","embeddable":true,"href":"https:\/\/www.ams-onlineshop.de\/pt\/wp-json\/wp\/v2\/product_cat?post=377"},{"taxonomy":"product_tag","embeddable":true,"href":"https:\/\/www.ams-onlineshop.de\/pt\/wp-json\/wp\/v2\/product_tag?post=377"}],"curies":[{"name":"wp","href":"https:\/\/api.w.org\/{rel}","templated":true}]}}