{"id":379,"date":"2023-05-22T00:48:56","date_gmt":"2023-05-21T22:48:56","guid":{"rendered":"http:\/\/shop.franksarah2023.alfahosting.org\/?post_type=product&#038;p=379"},"modified":"2024-09-14T02:14:38","modified_gmt":"2024-09-14T00:14:38","slug":"eletrodos-manuais","status":"publish","type":"product","link":"https:\/\/www.ams-onlineshop.de\/pt\/produkt\/handelektroden\/","title":{"rendered":"eletrodos manuais"},"content":{"rendered":"<h2>Usar e usar<\/h2>\n<p>Os eletrodos manuais podem ser conectados ao MEDISEND\u00aesuper para a transmiss\u00e3o de bioinforma\u00e7\u00e3o end\u00f3gena.<br \/>\n<img decoding=\"async\" class=\"alignright\" src=\"http:\/\/www.ams-onlineshop.de\/wp-content\/uploads\/2023\/03\/csm_AMS_Medisend_super_mit_Handelektroden_und_Medicup_ebce0245e1.jpg\" alt=\"AMS Medisend \u00f3timo com eletrodos manuais e Medicup\" \/><\/p>\n<p>Usando alguns eletrodos manuais, todo o espectro de frequ\u00eancia natural do corpo pode ser modulado de forma inespec\u00edfica no campo magn\u00e9tico pulsante como bioinforma\u00e7\u00e3o.<\/p>\n<p>O campo magn\u00e9tico \u00e9 usado n\u00e3o apenas como onda de aplica\u00e7\u00e3o, mas tamb\u00e9m como onda portadora.<\/p>\n<p>Juntamente com o MEDICUP, os eletrodos manuais s\u00e3o conectados \u00e0 INPUT do dispositivo no lado esquerdo. Durante o uso, os eletrodos manuais s\u00e3o segurados com ambas as m\u00e3os ou colocados em contato sim\u00e9trico com a pele (por exemplo, empurrados sob a parte de tr\u00e1s dos joelhos).<\/p>\n<p>Atrav\u00e9s do contato sim\u00e9trico da pele (metade direita e esquerda do corpo), a bioinforma\u00e7\u00e3o end\u00f3gena \u00e9 captada pelos eletrodos manuais e devolvida ao corpo na forma de \u201csinais de aten\u00e7\u00e3o\u201d no sentido de bioresson\u00e2ncia.<\/p>\n<p><b>A descri\u00e7\u00e3o do produto para c\u00edrculos especializados pode ser encontrada aqui:<\/b><br \/>\n<a href=\"https:\/\/ams-ag.de\/produkte\/therapeuten\/grossgeraete\/handelektroden\/\" target=\"_blank\" rel=\"noopener\"><b>eletrodos manuais<\/b><\/a><\/p>","protected":false},"excerpt":{"rendered":"<p>Os eletrodos manuais podem ser conectados ao MEDISEND\u00aesuper para a transmiss\u00e3o de bioinforma\u00e7\u00e3o end\u00f3gena.<\/p>\n<h2>Par de eletrodos manuais<\/h2>\n<ul>\n<li>consistindo em a\u00e7o V2A<\/li>\n<li>Peso 150g por pe\u00e7a<\/li>\n<li>Comprimento 12cm<\/li>\n<li>Di\u00e2metro 3cm<\/li>\n<li>incluindo cabo de conex\u00e3o (2 m)<\/li>\n<\/ul>","protected":false},"featured_media":380,"template":"","meta":[],"product_brand":[],"product_cat":[53,30,27,51,107,28,50],"product_tag":[],"class_list":{"0":"post-379","1":"product","2":"type-product","3":"status-publish","4":"has-post-thumbnail","6":"product_cat-geraetezubehoer-grossgeraete","7":"product_cat-geraetezubehoer","8":"product_cat-grossgeraet","9":"product_cat-grossgeraete","10":"product_cat-grossgeraete-und-zubehoer","11":"product_cat-heimbedarf","12":"product_cat-praxisbedarf","13":"product_shipping_class-kleingeraet","15":"first","16":"instock","17":"shipping-taxable","18":"purchasable","19":"product-type-simple"},"_links":{"self":[{"href":"https:\/\/www.ams-onlineshop.de\/pt\/wp-json\/wp\/v2\/product\/379","targetHints":{"allow":["GET"]}}],"collection":[{"href":"https:\/\/www.ams-onlineshop.de\/pt\/wp-json\/wp\/v2\/product"}],"about":[{"href":"https:\/\/www.ams-onlineshop.de\/pt\/wp-json\/wp\/v2\/types\/product"}],"wp:featuredmedia":[{"embeddable":true,"href":"https:\/\/www.ams-onlineshop.de\/pt\/wp-json\/wp\/v2\/media\/380"}],"wp:attachment":[{"href":"https:\/\/www.ams-onlineshop.de\/pt\/wp-json\/wp\/v2\/media?parent=379"}],"wp:term":[{"taxonomy":"product_brand","embeddable":true,"href":"https:\/\/www.ams-onlineshop.de\/pt\/wp-json\/wp\/v2\/product_brand?post=379"},{"taxonomy":"product_cat","embeddable":true,"href":"https:\/\/www.ams-onlineshop.de\/pt\/wp-json\/wp\/v2\/product_cat?post=379"},{"taxonomy":"product_tag","embeddable":true,"href":"https:\/\/www.ams-onlineshop.de\/pt\/wp-json\/wp\/v2\/product_tag?post=379"}],"curies":[{"name":"wp","href":"https:\/\/api.w.org\/{rel}","templated":true}]}}