{"id":383,"date":"2023-05-22T00:48:55","date_gmt":"2023-05-21T22:48:55","guid":{"rendered":"http:\/\/shop.franksarah2023.alfahosting.org\/?post_type=product&#038;p=383"},"modified":"2024-09-14T02:18:03","modified_gmt":"2024-09-14T00:18:03","slug":"circuito-magnetico","status":"publish","type":"product","link":"https:\/\/www.ams-onlineshop.de\/pt\/produkt\/magneto-schlaufe\/","title":{"rendered":"La\u00e7o MAGNETO"},"content":{"rendered":"<h2>Miss\u00e3o<\/h2>\n<p>O loop MAGNETO \u00e9 o aplicador mais comumente usado para o MEDISEND\u00aesuper para transmitir o campo magn\u00e9tico pulsante:<\/p>\n<p><img fetchpriority=\"high\" decoding=\"async\" class=\"size-medium wp-image-970 alignright\" src=\"http:\/\/www.ams-onlineshop.de\/wp-content\/uploads\/2023\/03\/csm_AMS_Medisend_super_mit_Magneto-Schlaufe-300x293.jpg\" alt=\"AMS MEDISEND super com loop magn\u00e9tico\" width=\"300\" height=\"293\" srcset=\"https:\/\/www.ams-onlineshop.de\/wp-content\/uploads\/2023\/03\/csm_AMS_Medisend_super_mit_Magneto-Schlaufe-300x293.jpg 300w, https:\/\/www.ams-onlineshop.de\/wp-content\/uploads\/2023\/03\/csm_AMS_Medisend_super_mit_Magneto-Schlaufe-600x586.jpg 600w, https:\/\/www.ams-onlineshop.de\/wp-content\/uploads\/2023\/03\/csm_AMS_Medisend_super_mit_Magneto-Schlaufe.jpg 614w\" sizes=\"(max-width: 300px) 100vw, 300px\" \/>O loop \u00e9 conectado ao lado direito do dispositivo e emite o campo magn\u00e9tico pulsante na frequ\u00eancia que voc\u00ea configurou no dispositivo.<\/p>\n<p>Com o campo magn\u00e9tico, a bioinforma\u00e7\u00e3o end\u00f3gena e ex\u00f3gena tamb\u00e9m \u00e9 transmitida atrav\u00e9s do loop, que chega \u00e0 entrada do dispositivo atrav\u00e9s do MEDICUP conectado e dos eletrodos manuais.<\/p>\n<p>Para utiliz\u00e1-lo, basta coloc\u00e1-lo sobre ou pr\u00f3ximo ao corpo. O campo tem alcance fisiol\u00f3gico de aproximadamente um metro.<\/p>\n<p><b>A pulseira MAGNETO est\u00e1 inclu\u00edda no MEDISEND\u00aesuper.<\/b><\/p>\n<p><b>A descri\u00e7\u00e3o do produto para c\u00edrculos especializados pode ser encontrada aqui:<\/b><br \/>\n<a href=\"https:\/\/ams-ag.de\/produkte\/therapeuten\/grossgeraete\/magneto-schlaufe\/\" target=\"_blank\" rel=\"noopener\"><b>La\u00e7o MAGNETO<\/b><\/a><\/p>","protected":false},"excerpt":{"rendered":"<p>O loop MAGNETO \u00e9 o aplicador mais comumente usado para o MEDISEND\u00aesuper para transmitir o campo magn\u00e9tico pulsante.<\/p>\n<ul>\n<li>Di\u00e2metro do la\u00e7o aprox. 13 cm<\/li>\n<li>Peso 450g<\/li>\n<li>Cabo de conex\u00e3o 3 m<\/li>\n<\/ul>","protected":false},"featured_media":384,"template":"","meta":[],"product_brand":[],"product_cat":[53,30,27,51,107,28,50],"product_tag":[],"class_list":{"0":"post-383","1":"product","2":"type-product","3":"status-publish","4":"has-post-thumbnail","6":"product_cat-geraetezubehoer-grossgeraete","7":"product_cat-geraetezubehoer","8":"product_cat-grossgeraet","9":"product_cat-grossgeraete","10":"product_cat-grossgeraete-und-zubehoer","11":"product_cat-heimbedarf","12":"product_cat-praxisbedarf","13":"product_shipping_class-kleingeraet","15":"first","16":"instock","17":"shipping-taxable","18":"purchasable","19":"product-type-simple"},"_links":{"self":[{"href":"https:\/\/www.ams-onlineshop.de\/pt\/wp-json\/wp\/v2\/product\/383","targetHints":{"allow":["GET"]}}],"collection":[{"href":"https:\/\/www.ams-onlineshop.de\/pt\/wp-json\/wp\/v2\/product"}],"about":[{"href":"https:\/\/www.ams-onlineshop.de\/pt\/wp-json\/wp\/v2\/types\/product"}],"wp:featuredmedia":[{"embeddable":true,"href":"https:\/\/www.ams-onlineshop.de\/pt\/wp-json\/wp\/v2\/media\/384"}],"wp:attachment":[{"href":"https:\/\/www.ams-onlineshop.de\/pt\/wp-json\/wp\/v2\/media?parent=383"}],"wp:term":[{"taxonomy":"product_brand","embeddable":true,"href":"https:\/\/www.ams-onlineshop.de\/pt\/wp-json\/wp\/v2\/product_brand?post=383"},{"taxonomy":"product_cat","embeddable":true,"href":"https:\/\/www.ams-onlineshop.de\/pt\/wp-json\/wp\/v2\/product_cat?post=383"},{"taxonomy":"product_tag","embeddable":true,"href":"https:\/\/www.ams-onlineshop.de\/pt\/wp-json\/wp\/v2\/product_tag?post=383"}],"curies":[{"name":"wp","href":"https:\/\/api.w.org\/{rel}","templated":true}]}}