{"id":386,"date":"2023-05-22T00:48:55","date_gmt":"2023-05-21T22:48:55","guid":{"rendered":"http:\/\/shop.franksarah2023.alfahosting.org\/?post_type=product&#038;p=386"},"modified":"2024-09-14T02:16:33","modified_gmt":"2024-09-14T00:16:33","slug":"anel-magnetico","status":"publish","type":"product","link":"https:\/\/www.ams-onlineshop.de\/pt\/produkt\/magneto-ring\/","title":{"rendered":"Anel MAGNETO"},"content":{"rendered":"<h2>Miss\u00e3o<\/h2>\n<p><img fetchpriority=\"high\" decoding=\"async\" class=\"alignright\" src=\"http:\/\/www.ams-onlineshop.de\/wp-content\/uploads\/2023\/05\/csm_AMS_Medisend_super_mit_Magneto-Ring_8378fcbac9-300x293.jpg\" alt=\"AMS Medisend super com anel magn\u00e9tico\" width=\"250\" height=\"245\" \/>Assim como o loop MAGNETO, o anel MAGNETO tamb\u00e9m \u00e9 um aplicador para transmitir o campo magn\u00e9tico pulsante. Ele pode ser conectado ao MEDISEND\u00aesuper como o loop:<br \/>\nDevido ao seu tamanho e flexibilidade, \u00e9 utilizado principalmente para uso em animais, especialmente animais de grande porte. Mas tamb\u00e9m \u00e9 muito \u00fatil para humanos quando usado em grandes \u00e1reas.<\/p>\n<p>O anel \u00e9 conectado ao lado direito do dispositivo e emite um campo magn\u00e9tico pulsante na frequ\u00eancia que voc\u00ea configurou no dispositivo.<\/p>\n<p>Com o campo magn\u00e9tico, a bioinforma\u00e7\u00e3o end\u00f3gena e ex\u00f3gena tamb\u00e9m \u00e9 transmitida atrav\u00e9s do anel, que chega \u00e0 entrada do dispositivo atrav\u00e9s do MEDICUP conectado e dos eletrodos manuais.<\/p>\n<p>Para utiliz\u00e1-lo, basta coloc\u00e1-lo sobre ou pr\u00f3ximo ao corpo. O campo tem alcance fisiol\u00f3gico de aproximadamente dois metros.<\/p>\n<p><b>A descri\u00e7\u00e3o do produto para c\u00edrculos especializados pode ser encontrada aqui:<\/b><br \/>\n<a href=\"https:\/\/ams-ag.de\/produkte\/therapeuten\/grossgeraete\/magneto-ring\/\" target=\"_blank\" rel=\"noopener\"><b>Anel MAGNETO<\/b><\/a><\/p>","protected":false},"excerpt":{"rendered":"<p>Assim como o loop MAGNETO, o anel MAGNETO tamb\u00e9m \u00e9 um aplicador para transmitir o campo magn\u00e9tico pulsante. Ele pode ser conectado ao MEDISEND\u00aesuper como o loop.<\/p>\n<ul>\n<li>material macio e flex\u00edvel<\/li>\n<li>Di\u00e2metro do la\u00e7o 60 cm<\/li>\n<li>Peso 300g<\/li>\n<li>Cabo de conex\u00e3o 3 m<\/li>\n<\/ul>","protected":false},"featured_media":387,"template":"","meta":[],"product_brand":[],"product_cat":[53,30,27,51,107,28,50],"product_tag":[],"class_list":{"0":"post-386","1":"product","2":"type-product","3":"status-publish","4":"has-post-thumbnail","6":"product_cat-geraetezubehoer-grossgeraete","7":"product_cat-geraetezubehoer","8":"product_cat-grossgeraet","9":"product_cat-grossgeraete","10":"product_cat-grossgeraete-und-zubehoer","11":"product_cat-heimbedarf","12":"product_cat-praxisbedarf","13":"product_shipping_class-kleingeraet","15":"first","16":"instock","17":"shipping-taxable","18":"purchasable","19":"product-type-simple"},"_links":{"self":[{"href":"https:\/\/www.ams-onlineshop.de\/pt\/wp-json\/wp\/v2\/product\/386","targetHints":{"allow":["GET"]}}],"collection":[{"href":"https:\/\/www.ams-onlineshop.de\/pt\/wp-json\/wp\/v2\/product"}],"about":[{"href":"https:\/\/www.ams-onlineshop.de\/pt\/wp-json\/wp\/v2\/types\/product"}],"wp:featuredmedia":[{"embeddable":true,"href":"https:\/\/www.ams-onlineshop.de\/pt\/wp-json\/wp\/v2\/media\/387"}],"wp:attachment":[{"href":"https:\/\/www.ams-onlineshop.de\/pt\/wp-json\/wp\/v2\/media?parent=386"}],"wp:term":[{"taxonomy":"product_brand","embeddable":true,"href":"https:\/\/www.ams-onlineshop.de\/pt\/wp-json\/wp\/v2\/product_brand?post=386"},{"taxonomy":"product_cat","embeddable":true,"href":"https:\/\/www.ams-onlineshop.de\/pt\/wp-json\/wp\/v2\/product_cat?post=386"},{"taxonomy":"product_tag","embeddable":true,"href":"https:\/\/www.ams-onlineshop.de\/pt\/wp-json\/wp\/v2\/product_tag?post=386"}],"curies":[{"name":"wp","href":"https:\/\/api.w.org\/{rel}","templated":true}]}}