{"id":396,"date":"2023-05-22T19:56:37","date_gmt":"2023-05-22T17:56:37","guid":{"rendered":"http:\/\/shop.franksarah2023.alfahosting.org\/?post_type=product&#038;p=396"},"modified":"2024-09-14T02:29:29","modified_gmt":"2024-09-14T00:29:29","slug":"porta-ampola","status":"publish","type":"product","link":"https:\/\/www.ams-onlineshop.de\/pt\/produkt\/ampullenhalter\/","title":{"rendered":"Porta-ampola"},"content":{"rendered":"<h2>Transmiss\u00e3o de bioinforma\u00e7\u00e3o<\/h2>\n<p>O porta-ampola \u00e9 usado para segurar o campo magn\u00e9tico pulsante dos pequenos dispositivos<br \/>\n<img decoding=\"async\" class=\"alignright\" src=\"http:\/\/www.ams-onlineshop.de\/wp-content\/uploads\/2023\/03\/csm_AMS_Ampullenhalter_auf_Metronom_solar_bf8c173d52.jpg\" alt=\"Porta-ampola AMS em metr\u00f4nomo solar\" width=\"250\" height=\"119\" \/><\/p>\n<ul>\n<li>MEDICUR\u00aepro<\/li>\n<li>METRONOME solar<\/li>\n<li>METRONOME C<\/li>\n<li>MEDICUR\u00aecor<\/li>\n<\/ul>\n<p>n\u00e3o apenas como sinal de aplica\u00e7\u00e3o, mas tamb\u00e9m como onda portadora para transmitir bioinforma\u00e7\u00e3o.<\/p>\n<p>Voc\u00ea pode inserir uma ampola de vidro (2 ml ou qualquer ampola com di\u00e2metro de 10 mm) lateralmente no porta-ampolas. Ele pode ser fixado diretamente na caixa usando os parafusos mais longos fornecidos.<\/p>\n<h2>Mais<\/h2>\n<p>Voc\u00ea pode ler sobre o que \u00e9 a oscila\u00e7\u00e3o de substratos aqui:<br \/>\n<a href=\"https:\/\/ams-ag.de\/grundlagen-magnetfeldtherapie\/magnetfeldtherapie-und-bioinformative-medizin\/substratuebertragung\/\" target=\"_blank\" rel=\"noopener\"><b>Transfer\u00eancia de substrato<\/b><\/a><br \/>\nVoc\u00ea pode encontrar tubos de vidro vazios para encher aqui:<br \/>\n<a href=\"http:\/\/www.ams-onlineshop.de\/pt\/produto\/ampolas-de-vidro\/\"><b>Ampolas de vidro<\/b><\/a><\/p>","protected":false},"excerpt":{"rendered":"<ul>\n<li>adequado para MEDICUR\u00ae, METRONOM solar, METRONOM C e MEDICUR\u00aecolor<\/li>\n<li>com parafusos adequados para fixa\u00e7\u00e3o<\/li>\n<li>incluindo 3 ampolas de vidro vazias<\/li>\n<\/ul>\n<p><b>O porta-ampola est\u00e1 inclu\u00eddo no METRONOM solar, METRONOM C e MEDICUR\u00aecolor.<\/b><\/p>","protected":false},"featured_media":397,"template":"","meta":[],"product_brand":[],"product_cat":[53,30,107,28,26,108],"product_tag":[],"class_list":{"0":"post-396","1":"product","2":"type-product","3":"status-publish","4":"has-post-thumbnail","6":"product_cat-geraetezubehoer-grossgeraete","7":"product_cat-geraetezubehoer","8":"product_cat-grossgeraete-und-zubehoer","9":"product_cat-heimbedarf","10":"product_cat-kleingeraete","11":"product_cat-kleingeraete-und-sonstiges","12":"product_shipping_class-kleinigkeit","14":"first","15":"instock","16":"shipping-taxable","17":"purchasable","18":"product-type-simple"},"_links":{"self":[{"href":"https:\/\/www.ams-onlineshop.de\/pt\/wp-json\/wp\/v2\/product\/396","targetHints":{"allow":["GET"]}}],"collection":[{"href":"https:\/\/www.ams-onlineshop.de\/pt\/wp-json\/wp\/v2\/product"}],"about":[{"href":"https:\/\/www.ams-onlineshop.de\/pt\/wp-json\/wp\/v2\/types\/product"}],"wp:featuredmedia":[{"embeddable":true,"href":"https:\/\/www.ams-onlineshop.de\/pt\/wp-json\/wp\/v2\/media\/397"}],"wp:attachment":[{"href":"https:\/\/www.ams-onlineshop.de\/pt\/wp-json\/wp\/v2\/media?parent=396"}],"wp:term":[{"taxonomy":"product_brand","embeddable":true,"href":"https:\/\/www.ams-onlineshop.de\/pt\/wp-json\/wp\/v2\/product_brand?post=396"},{"taxonomy":"product_cat","embeddable":true,"href":"https:\/\/www.ams-onlineshop.de\/pt\/wp-json\/wp\/v2\/product_cat?post=396"},{"taxonomy":"product_tag","embeddable":true,"href":"https:\/\/www.ams-onlineshop.de\/pt\/wp-json\/wp\/v2\/product_tag?post=396"}],"curies":[{"name":"wp","href":"https:\/\/api.w.org\/{rel}","templated":true}]}}