{"id":401,"date":"2023-05-22T00:51:12","date_gmt":"2023-05-21T22:51:12","guid":{"rendered":"http:\/\/shop.franksarah2023.alfahosting.org\/?post_type=product&#038;p=401"},"modified":"2024-09-14T02:27:57","modified_gmt":"2024-09-14T00:27:57","slug":"carregador-para-o-medisendsuper","status":"publish","type":"product","link":"https:\/\/www.ams-onlineshop.de\/pt\/produkt\/ladegeraet-fuer-das-medisendsuper\/","title":{"rendered":"Carregador para o MEDISEND\u00aesuper"},"content":{"rendered":"<h2>Cobrado em pouco tempo<\/h2>\n<p>Com o \u201ccarregador Widerange\u201d seu MEDISEND\u00aesuper estar\u00e1 totalmente carregado em seis horas. Um diodo na frente indica se o carregamento ainda est\u00e1 em andamento ou se o carregador entrou no status de carga lenta ap\u00f3s a bateria estar totalmente carregada.<\/p>\n<h2>Para cada tomada<\/h2>\n<p><img fetchpriority=\"high\" decoding=\"async\" class=\"alignright\" src=\"http:\/\/www.ams-onlineshop.de\/wp-content\/uploads\/2023\/05\/csm_AMS_Ladegeraet_verschiedene_Stecker_109666adb1-300x242.jpg\" alt=\"Plugues diferentes do carregador AMS\" width=\"250\" height=\"202\" \/><\/p>\n<p>O carregador est\u00e1 dispon\u00edvel com diferentes adaptadores prim\u00e1rios para diferentes pa\u00edses:<\/p>\n<ul>\n<li>Europa (excluindo Reino Unido, Irlanda, Chipre e Malta)<\/li>\n<li>EUA\/Jap\u00e3o<\/li>\n<li>Austr\u00e1lia<\/li>\n<li>Reino Unido<\/li>\n<\/ul>\n<p>O carregador funciona com entrada de 100 a 240 volts.<\/p>\n<p><b>A descri\u00e7\u00e3o do produto para c\u00edrculos especializados pode ser encontrada aqui:<\/b><br \/>\n<a href=\"https:\/\/ams-ag.de\/produkte\/therapeuten\/grossgeraete\/ladegeraet-fuer-grossgeraete\/\" target=\"_blank\" rel=\"noopener\"><b>Carregador para eletrodom\u00e9sticos grandes<\/b><\/a><\/p>","protected":false},"excerpt":{"rendered":"<ul>\n<li>adequado para o MEDISEND\u00aesuper<\/li>\n<li>Plugue Euro (ou com plug para Reino Unido, EUA, Jap\u00e3o ou Austr\u00e1lia)<\/li>\n<li>Entrada: 100-240V \/ 50-60Hz \/ 260-140mA \/ 25VA<\/li>\n<li>Sa\u00edda: 6V \/ 1,6A \/ 9,6VA<\/li>\n<\/ul>\n<p><b>O carregador est\u00e1 inclu\u00eddo com o MEDISEND\u00aesuper.<\/b><\/p>","protected":false},"featured_media":572,"template":"","meta":[],"product_brand":[],"product_cat":[53,30,27,51,107,28,50],"product_tag":[],"class_list":{"0":"post-401","1":"product","2":"type-product","3":"status-publish","4":"has-post-thumbnail","6":"product_cat-geraetezubehoer-grossgeraete","7":"product_cat-geraetezubehoer","8":"product_cat-grossgeraet","9":"product_cat-grossgeraete","10":"product_cat-grossgeraete-und-zubehoer","11":"product_cat-heimbedarf","12":"product_cat-praxisbedarf","13":"product_shipping_class-kleingeraet","15":"first","16":"instock","17":"shipping-taxable","18":"purchasable","19":"product-type-simple"},"_links":{"self":[{"href":"https:\/\/www.ams-onlineshop.de\/pt\/wp-json\/wp\/v2\/product\/401","targetHints":{"allow":["GET"]}}],"collection":[{"href":"https:\/\/www.ams-onlineshop.de\/pt\/wp-json\/wp\/v2\/product"}],"about":[{"href":"https:\/\/www.ams-onlineshop.de\/pt\/wp-json\/wp\/v2\/types\/product"}],"wp:featuredmedia":[{"embeddable":true,"href":"https:\/\/www.ams-onlineshop.de\/pt\/wp-json\/wp\/v2\/media\/572"}],"wp:attachment":[{"href":"https:\/\/www.ams-onlineshop.de\/pt\/wp-json\/wp\/v2\/media?parent=401"}],"wp:term":[{"taxonomy":"product_brand","embeddable":true,"href":"https:\/\/www.ams-onlineshop.de\/pt\/wp-json\/wp\/v2\/product_brand?post=401"},{"taxonomy":"product_cat","embeddable":true,"href":"https:\/\/www.ams-onlineshop.de\/pt\/wp-json\/wp\/v2\/product_cat?post=401"},{"taxonomy":"product_tag","embeddable":true,"href":"https:\/\/www.ams-onlineshop.de\/pt\/wp-json\/wp\/v2\/product_tag?post=401"}],"curies":[{"name":"wp","href":"https:\/\/api.w.org\/{rel}","templated":true}]}}