{"id":404,"date":"2023-05-22T20:00:48","date_gmt":"2023-05-22T18:00:48","guid":{"rendered":"http:\/\/shop.franksarah2023.alfahosting.org\/?post_type=product&#038;p=404"},"modified":"2024-09-14T02:55:17","modified_gmt":"2024-09-14T00:55:17","slug":"bateria-para-o-medisendsuper","status":"publish","type":"product","link":"https:\/\/www.ams-onlineshop.de\/pt\/produkt\/akku-fuer-das-medisendsuper\/","title":{"rendered":"Bateria para dispositivos grandes"},"content":{"rendered":"<h2>Constru\u00eddo na habita\u00e7\u00e3o<\/h2>\n<p>A poderosa bateria est\u00e1 permanentemente instalada em todos os nossos dispositivos grandes.<\/p>\n<p>Se alguma vez precisar de uma bateria nova, envie-nos o seu dispositivo - n\u00f3s cuidaremos da substitui\u00e7\u00e3o e tamb\u00e9m poderemos realizar uma verifica\u00e7\u00e3o geral do funcionamento.<\/p>\n<p>Se desejar realizar a substitui\u00e7\u00e3o sozinho, voc\u00ea tamb\u00e9m pode comprar a bateria de reposi\u00e7\u00e3o conosco e receb\u00ea-la. No entanto, recomendamos fortemente que a bateria seja substitu\u00edda por um eletricista. A substitui\u00e7\u00e3o da bateria incorporada n\u00e3o foi concebida para ser realizada por um leigo. Voc\u00ea \u00e9 respons\u00e1vel pela substitui\u00e7\u00e3o inadequada e danos resultantes ao dispositivo.<\/p>","protected":false},"excerpt":{"rendered":"<ul>\n<li>adequado para todos os grandes aparelhos<\/li>\n<li>instalado permanentemente na habita\u00e7\u00e3o<\/li>\n<\/ul>\n<p><b>A bateria est\u00e1 inclu\u00edda no fornecimento de todos os dispositivos MEDISEND\u00aesuper, WAVE TRANSFER C e COLOR-Punctur e j\u00e1 est\u00e1 instalada permanentemente.<\/b><\/p>","protected":false},"featured_media":405,"template":"","meta":[],"product_brand":[],"product_cat":[53,30,27,51,107,28,50],"product_tag":[],"class_list":{"0":"post-404","1":"product","2":"type-product","3":"status-publish","4":"has-post-thumbnail","6":"product_cat-geraetezubehoer-grossgeraete","7":"product_cat-geraetezubehoer","8":"product_cat-grossgeraet","9":"product_cat-grossgeraete","10":"product_cat-grossgeraete-und-zubehoer","11":"product_cat-heimbedarf","12":"product_cat-praxisbedarf","13":"product_shipping_class-kleingeraet","15":"first","16":"instock","17":"shipping-taxable","18":"purchasable","19":"product-type-simple"},"_links":{"self":[{"href":"https:\/\/www.ams-onlineshop.de\/pt\/wp-json\/wp\/v2\/product\/404","targetHints":{"allow":["GET"]}}],"collection":[{"href":"https:\/\/www.ams-onlineshop.de\/pt\/wp-json\/wp\/v2\/product"}],"about":[{"href":"https:\/\/www.ams-onlineshop.de\/pt\/wp-json\/wp\/v2\/types\/product"}],"wp:featuredmedia":[{"embeddable":true,"href":"https:\/\/www.ams-onlineshop.de\/pt\/wp-json\/wp\/v2\/media\/405"}],"wp:attachment":[{"href":"https:\/\/www.ams-onlineshop.de\/pt\/wp-json\/wp\/v2\/media?parent=404"}],"wp:term":[{"taxonomy":"product_brand","embeddable":true,"href":"https:\/\/www.ams-onlineshop.de\/pt\/wp-json\/wp\/v2\/product_brand?post=404"},{"taxonomy":"product_cat","embeddable":true,"href":"https:\/\/www.ams-onlineshop.de\/pt\/wp-json\/wp\/v2\/product_cat?post=404"},{"taxonomy":"product_tag","embeddable":true,"href":"https:\/\/www.ams-onlineshop.de\/pt\/wp-json\/wp\/v2\/product_tag?post=404"}],"curies":[{"name":"wp","href":"https:\/\/api.w.org\/{rel}","templated":true}]}}