{"id":411,"date":"2023-05-05T16:38:06","date_gmt":"2023-05-05T14:38:06","guid":{"rendered":"http:\/\/shop.franksarah2023.alfahosting.org\/?post_type=product&#038;p=411"},"modified":"2024-09-14T02:40:21","modified_gmt":"2024-09-14T00:40:21","slug":"ecotensor-vario","status":"publish","type":"product","link":"https:\/\/www.ams-onlineshop.de\/pt\/produkt\/oekotensor-vario\/","title":{"rendered":"Ecotensor VARIO"},"content":{"rendered":"<p>O ecotensor VARIO \u00e9 utilizado para testar frequ\u00eancias, rem\u00e9dios homeop\u00e1ticos, flores de Bach, etc.<br \/>\nO cabo de corti\u00e7a possui uma rosca para ajustar continuamente o comprimento da antena. O tensor cabe confortavelmente na m\u00e3o e facilita a sensa\u00e7\u00e3o de vibra\u00e7\u00f5es. O sensor de digitaliza\u00e7\u00e3o (veja abaixo) pode ser conectado \u00e0 al\u00e7a.<\/p>\n<p>A antena possui um anel de madeira com uma pedra decorativa verde na cabe\u00e7a.<\/p>\n<p>A AMS continua oferecendo um curso de tensor uma ou duas vezes por ano, no qual voc\u00ea aprende como manusear e usar o tensor na teoria e com exerc\u00edcios pr\u00e1ticos. Datas e mais informa\u00e7\u00f5es podem ser encontradas na se\u00e7\u00e3o de semin\u00e1rios.<\/p>\n<p><a href=\"https:\/\/ams-ag.de\/veranstaltungen-und-termine\/\" target=\"_blank\" rel=\"noopener\"><b>Semin\u00e1rios<\/b><\/a><\/p>","protected":false},"excerpt":{"rendered":"<h2>Escopo de entrega:<\/h2>\n<ul>\n<li>Ecotensor VARIO<\/li>\n<li>Antena banhada a ouro com anel de madeira - comprimento ajust\u00e1vel entre 40 e 57 cm<\/li>\n<li>rolo de transporte est\u00e1vel<\/li>\n<\/ul>","protected":false},"featured_media":412,"template":"","meta":[],"product_brand":[],"product_cat":[30,53,27,51,107,28,108,50,31,73,46],"product_tag":[],"class_list":{"0":"post-411","1":"product","2":"type-product","3":"status-publish","4":"has-post-thumbnail","6":"product_cat-geraetezubehoer","7":"product_cat-geraetezubehoer-grossgeraete","8":"product_cat-grossgeraet","9":"product_cat-grossgeraete","10":"product_cat-grossgeraete-und-zubehoer","11":"product_cat-heimbedarf","12":"product_cat-kleingeraete-und-sonstiges","13":"product_cat-praxisbedarf","14":"product_cat-sonstiges","15":"product_cat-sonstiges-praxisbedarf","16":"product_cat-tensoren-und-zubehoer","17":"product_shipping_class-kleingeraet","19":"first","20":"instock","21":"shipping-taxable","22":"purchasable","23":"product-type-simple"},"_links":{"self":[{"href":"https:\/\/www.ams-onlineshop.de\/pt\/wp-json\/wp\/v2\/product\/411","targetHints":{"allow":["GET"]}}],"collection":[{"href":"https:\/\/www.ams-onlineshop.de\/pt\/wp-json\/wp\/v2\/product"}],"about":[{"href":"https:\/\/www.ams-onlineshop.de\/pt\/wp-json\/wp\/v2\/types\/product"}],"wp:featuredmedia":[{"embeddable":true,"href":"https:\/\/www.ams-onlineshop.de\/pt\/wp-json\/wp\/v2\/media\/412"}],"wp:attachment":[{"href":"https:\/\/www.ams-onlineshop.de\/pt\/wp-json\/wp\/v2\/media?parent=411"}],"wp:term":[{"taxonomy":"product_brand","embeddable":true,"href":"https:\/\/www.ams-onlineshop.de\/pt\/wp-json\/wp\/v2\/product_brand?post=411"},{"taxonomy":"product_cat","embeddable":true,"href":"https:\/\/www.ams-onlineshop.de\/pt\/wp-json\/wp\/v2\/product_cat?post=411"},{"taxonomy":"product_tag","embeddable":true,"href":"https:\/\/www.ams-onlineshop.de\/pt\/wp-json\/wp\/v2\/product_tag?post=411"}],"curies":[{"name":"wp","href":"https:\/\/api.w.org\/{rel}","templated":true}]}}