{"id":413,"date":"2023-05-05T17:01:18","date_gmt":"2023-05-05T15:01:18","guid":{"rendered":"http:\/\/shop.franksarah2023.alfahosting.org\/?post_type=product&#038;p=413"},"modified":"2024-09-14T02:41:30","modified_gmt":"2024-09-14T00:41:30","slug":"sensor-de-digitalizacao","status":"publish","type":"product","link":"https:\/\/www.ams-onlineshop.de\/pt\/produkt\/abtastsensor\/","title":{"rendered":"sensor de digitaliza\u00e7\u00e3o"},"content":{"rendered":"<p>O sensor de digitaliza\u00e7\u00e3o com cabo de corti\u00e7a pode ser conectado ao \u00d6kotensor VARIO para que voc\u00ea n\u00e3o precise tocar nas amostras a serem testadas com a m\u00e3o. Isso simplifica o trabalho com o tensor.<\/p>\n<p>Para coletar as informa\u00e7\u00f5es, basta segurar a ponta romba do sensor de varredura no substrato\/prepara\u00e7\u00e3o a ser testada.<\/p>\n<p>A AMS continua oferecendo um curso de tensor uma ou duas vezes por ano, no qual voc\u00ea aprende como manusear e usar o tensor na teoria e com exerc\u00edcios pr\u00e1ticos. As datas e mais informa\u00e7\u00f5es podem ser encontradas na se\u00e7\u00e3o de semin\u00e1rios.<\/p>\n<p><a href=\"https:\/\/ams-ag.de\/veranstaltungen-und-termine\/\" target=\"_blank\" rel=\"noopener\"><b>Semin\u00e1rios<\/b><\/a><\/p>","protected":false},"excerpt":{"rendered":"<h2>Escopo de entrega:<\/h2>\n<ul>\n<li>Sensor de digitaliza\u00e7\u00e3o com cabo de corti\u00e7a e ponta banhada a ouro<\/li>\n<li>Comprimento do cabo 80 cm<\/li>\n<li>rolo de transporte est\u00e1vel<\/li>\n<\/ul>","protected":false},"featured_media":414,"template":"","meta":[],"product_brand":[],"product_cat":[30,53,27,51,107,28,108,50,31,73,46],"product_tag":[],"class_list":{"0":"post-413","1":"product","2":"type-product","3":"status-publish","4":"has-post-thumbnail","6":"product_cat-geraetezubehoer","7":"product_cat-geraetezubehoer-grossgeraete","8":"product_cat-grossgeraet","9":"product_cat-grossgeraete","10":"product_cat-grossgeraete-und-zubehoer","11":"product_cat-heimbedarf","12":"product_cat-kleingeraete-und-sonstiges","13":"product_cat-praxisbedarf","14":"product_cat-sonstiges","15":"product_cat-sonstiges-praxisbedarf","16":"product_cat-tensoren-und-zubehoer","17":"product_shipping_class-kleingeraet","19":"first","20":"instock","21":"shipping-taxable","22":"purchasable","23":"product-type-simple"},"_links":{"self":[{"href":"https:\/\/www.ams-onlineshop.de\/pt\/wp-json\/wp\/v2\/product\/413","targetHints":{"allow":["GET"]}}],"collection":[{"href":"https:\/\/www.ams-onlineshop.de\/pt\/wp-json\/wp\/v2\/product"}],"about":[{"href":"https:\/\/www.ams-onlineshop.de\/pt\/wp-json\/wp\/v2\/types\/product"}],"wp:featuredmedia":[{"embeddable":true,"href":"https:\/\/www.ams-onlineshop.de\/pt\/wp-json\/wp\/v2\/media\/414"}],"wp:attachment":[{"href":"https:\/\/www.ams-onlineshop.de\/pt\/wp-json\/wp\/v2\/media?parent=413"}],"wp:term":[{"taxonomy":"product_brand","embeddable":true,"href":"https:\/\/www.ams-onlineshop.de\/pt\/wp-json\/wp\/v2\/product_brand?post=413"},{"taxonomy":"product_cat","embeddable":true,"href":"https:\/\/www.ams-onlineshop.de\/pt\/wp-json\/wp\/v2\/product_cat?post=413"},{"taxonomy":"product_tag","embeddable":true,"href":"https:\/\/www.ams-onlineshop.de\/pt\/wp-json\/wp\/v2\/product_tag?post=413"}],"curies":[{"name":"wp","href":"https:\/\/api.w.org\/{rel}","templated":true}]}}