{"id":422,"date":"2023-05-04T21:40:12","date_gmt":"2023-05-04T19:40:12","guid":{"rendered":"http:\/\/shop.franksarah2023.alfahosting.org\/?post_type=product&#038;p=422"},"modified":"2024-09-14T02:44:54","modified_gmt":"2024-09-14T00:44:54","slug":"dispositivo-de-medicao-de-eletroestresse","status":"publish","type":"product","link":"https:\/\/www.ams-onlineshop.de\/pt\/produkt\/elektrostress-messgeraet\/","title":{"rendered":"Dispositivo de medi\u00e7\u00e3o de tens\u00e3o el\u00e9trica"},"content":{"rendered":"<h2>Medindo a tens\u00e3o corporal<\/h2>\n<p>O dispositivo de medi\u00e7\u00e3o de estresse el\u00e9trico \u201cESM-2\u201d ajuda a detectar fatores de estresse devido ao eletrosmog.<\/p>\n<p>Voc\u00ea est\u00e1 sob tens\u00e3o quando est\u00e1 em um campo el\u00e9trico. Esta tens\u00e3o pode ser medida r\u00e1pida e facilmente com o ESM-2.<\/p>\n<p>Dependendo do valor exibido, podem ser tomadas medidas apropriadas ou o efeito das medidas j\u00e1 tomadas pode ser verificado profissionalmente.<\/p>\n<h2>ESM-2<\/h2>\n<p><img fetchpriority=\"high\" decoding=\"async\" class=\"alignright\" src=\"http:\/\/www.ams-onlineshop.de\/wp-content\/uploads\/2023\/03\/csm_AMS_ESM-2_in_Koffer_1b5a4348a7.jpg\" alt=\"AMS ESM-2 no caso\" width=\"250\" height=\"290\" \/><\/p>\n<ul>\n<li>Tamanho 15 \u00d7 9,0 \u00d7 3,0 cm<\/li>\n<li>Peso 180g<\/li>\n<li>Alimentado por bateria de bloco de 9 volts<\/li>\n<li>2 anos de garantia<\/li>\n<\/ul>","protected":false},"excerpt":{"rendered":"<h2>Escopo de entrega:<\/h2>\n<ul>\n<li>Dispositivo ESM-2 no case<\/li>\n<li>Eletrodo manual<\/li>\n<li><b>Fio terra<\/b><\/li>\n<li>bateria de bloco de 9 volts<\/li>\n<li>Instru\u00e7\u00f5es de uso<\/li>\n<\/ul>","protected":false},"featured_media":408,"template":"","meta":[],"product_brand":[],"product_cat":[27,51,28,26,108,50,31,73],"product_tag":[],"class_list":{"0":"post-422","1":"product","2":"type-product","3":"status-publish","4":"has-post-thumbnail","6":"product_cat-grossgeraet","7":"product_cat-grossgeraete","8":"product_cat-heimbedarf","9":"product_cat-kleingeraete","10":"product_cat-kleingeraete-und-sonstiges","11":"product_cat-praxisbedarf","12":"product_cat-sonstiges","13":"product_cat-sonstiges-praxisbedarf","14":"product_shipping_class-kleingeraet","16":"first","17":"instock","18":"shipping-taxable","19":"purchasable","20":"product-type-simple"},"_links":{"self":[{"href":"https:\/\/www.ams-onlineshop.de\/pt\/wp-json\/wp\/v2\/product\/422","targetHints":{"allow":["GET"]}}],"collection":[{"href":"https:\/\/www.ams-onlineshop.de\/pt\/wp-json\/wp\/v2\/product"}],"about":[{"href":"https:\/\/www.ams-onlineshop.de\/pt\/wp-json\/wp\/v2\/types\/product"}],"wp:featuredmedia":[{"embeddable":true,"href":"https:\/\/www.ams-onlineshop.de\/pt\/wp-json\/wp\/v2\/media\/408"}],"wp:attachment":[{"href":"https:\/\/www.ams-onlineshop.de\/pt\/wp-json\/wp\/v2\/media?parent=422"}],"wp:term":[{"taxonomy":"product_brand","embeddable":true,"href":"https:\/\/www.ams-onlineshop.de\/pt\/wp-json\/wp\/v2\/product_brand?post=422"},{"taxonomy":"product_cat","embeddable":true,"href":"https:\/\/www.ams-onlineshop.de\/pt\/wp-json\/wp\/v2\/product_cat?post=422"},{"taxonomy":"product_tag","embeddable":true,"href":"https:\/\/www.ams-onlineshop.de\/pt\/wp-json\/wp\/v2\/product_tag?post=422"}],"curies":[{"name":"wp","href":"https:\/\/api.w.org\/{rel}","templated":true}]}}