{"id":444,"date":"2023-05-29T01:24:15","date_gmt":"2023-05-28T23:24:15","guid":{"rendered":"http:\/\/shop.franksarah2023.alfahosting.org\/?post_type=product&#038;p=444"},"modified":"2024-12-03T15:57:14","modified_gmt":"2024-12-03T14:57:14","slug":"teoria-quantica-de-campos","status":"publish","type":"product","link":"https:\/\/www.ams-onlineshop.de\/pt\/produkt\/quantenfeldtheorie\/","title":{"rendered":"Teoria qu\u00e2ntica de campos"},"content":{"rendered":"<p><b>pelo Dr. re. n\u00e3o. Wolfgang Ludwig<\/b><br \/>\nDr. re. n\u00e3o. W. Ludwig, nascido em 1927, estudou f\u00edsica em Berlim e f\u00edsico-qu\u00edmica em Freiburg, onde doutorou-se com uma tese sobre a \u201cinflu\u00eancia dos sinais eletromagn\u00e9ticos no sistema nervoso\u201d.<\/p>\n<p>Em 1984 fundou o Instituto de Biof\u00edsica em Horb am Neckar (hoje Weikersheim), onde, entre outras coisas, pesquisou as frequ\u00eancias de resson\u00e2ncia de subst\u00e2ncias biologicamente e clinicamente importantes.<\/p>\n<p>Dr. Ludwig acompanhou o trabalho de Burkhard Heim desde o in\u00edcio e pode ser considerado um dos relativamente poucos especialistas na teoria qu\u00e2ntica de campos desenvolvida por B. Heim e W. Dr\u00f6scher.<\/p>\n<p>Os cap\u00edtulos deste livro est\u00e3o repletos de matem\u00e1tica altamente complexa que pode intimidar at\u00e9 mesmo especialistas experientes e permanecer incompreens\u00edvel para muitos leitores.<\/p>\n<p>Apesar disso, \u00e9 o Dr. Ludwig conseguiu transmitir alguns dos fundamentos e conclus\u00f5es da teoria de uma forma compreens\u00edvel.<\/p>\n<p>Os leitores que n\u00e3o t\u00eam uma vis\u00e3o t\u00e3o profunda da matem\u00e1tica podem consolar-se com o facto de os fen\u00f3menos extraordin\u00e1rios, muitas vezes negados, encontrarem aqui o lugar que merecem, em contextos estritamente cient\u00edficos, apontando para al\u00e9m das limita\u00e7\u00f5es das vis\u00f5es de mundo prevalecentes.<\/p>\n<p>Burkhard Heim, junto com o f\u00edsico vienense Walter Dr\u00f6scher, completou sua teoria, que j\u00e1 havia concebido na d\u00e9cada de 1950, e agora est\u00e1 dispon\u00edvel de forma completa (1996).<\/p>\n<p>Procura-se apresentar as ideias mais importantes deste trabalho de uma forma geralmente compreens\u00edvel e indicar sua aplica\u00e7\u00e3o \u00e0 medicina qu\u00e2ntica moderna. As f\u00f3rmulas s\u00e3o amplamente evitadas.<\/p>\n<ul>\n<li>dispon\u00edvel apenas para download gratuito<\/li>\n<li><a href=\"http:\/\/www.ams-onlineshop.de\/wp-content\/uploads\/2023\/05\/Quantenfeld_von_B_Heim_Ludwig.pdf\" target=\"_blank\" rel=\"noopener\"><b>A teoria qu\u00e2ntica de campo estendida (2,5 MB)<\/b><\/a><\/li>\n<\/ul>\n<p>Voc\u00ea tamb\u00e9m pode ler sobre isso aqui:<br \/>\n<a href=\"https:\/\/ams-ag.de\/grundlagen-magnetfeldtherapie\/12-dimensionen-nach-burkhard-heim\/\" target=\"_blank\" rel=\"noopener\"><b>12 dimens\u00f5es de acordo com Burkhard Heim<\/b><\/a>.<\/p>","protected":false},"excerpt":{"rendered":"<ul>\n<li>dispon\u00edvel apenas para download gratuito<\/li>\n<li>Idioma: alem\u00e3o<\/li>\n<li><a href=\"http:\/\/www.ams-onlineshop.de\/wp-content\/uploads\/2023\/05\/Quantenfeld_von_B_Heim_Ludwig.pdf\" target=\"_blank\" rel=\"noopener\"><b>A teoria qu\u00e2ntica de campo estendida (2,5 MB)<\/b><\/a><\/li>\n<\/ul>\n<p>Voc\u00ea tamb\u00e9m pode ler sobre isso aqui:<br \/>\n<a href=\"https:\/\/ams-ag.de\/grundlagen-magnetfeldtherapie\/12-dimensionen-nach-burkhard-heim\/\" target=\"_blank\" rel=\"noopener\"><b>12 dimens\u00f5es de acordo com Burkhard Heim<\/b><\/a>.<\/p>","protected":false},"featured_media":558,"template":"","meta":[],"product_brand":[],"product_cat":[49,107,28,108,73,31],"product_tag":[],"class_list":{"0":"post-444","1":"product","2":"type-product","3":"status-publish","4":"has-post-thumbnail","6":"product_cat-buecher","7":"product_cat-grossgeraete-und-zubehoer","8":"product_cat-heimbedarf","9":"product_cat-kleingeraete-und-sonstiges","10":"product_cat-sonstiges-praxisbedarf","11":"product_cat-sonstiges","12":"product_shipping_class-kostenlos","14":"first","15":"instock","16":"downloadable","17":"virtual","18":"purchasable","19":"product-type-simple"},"_links":{"self":[{"href":"https:\/\/www.ams-onlineshop.de\/pt\/wp-json\/wp\/v2\/product\/444","targetHints":{"allow":["GET"]}}],"collection":[{"href":"https:\/\/www.ams-onlineshop.de\/pt\/wp-json\/wp\/v2\/product"}],"about":[{"href":"https:\/\/www.ams-onlineshop.de\/pt\/wp-json\/wp\/v2\/types\/product"}],"wp:featuredmedia":[{"embeddable":true,"href":"https:\/\/www.ams-onlineshop.de\/pt\/wp-json\/wp\/v2\/media\/558"}],"wp:attachment":[{"href":"https:\/\/www.ams-onlineshop.de\/pt\/wp-json\/wp\/v2\/media?parent=444"}],"wp:term":[{"taxonomy":"product_brand","embeddable":true,"href":"https:\/\/www.ams-onlineshop.de\/pt\/wp-json\/wp\/v2\/product_brand?post=444"},{"taxonomy":"product_cat","embeddable":true,"href":"https:\/\/www.ams-onlineshop.de\/pt\/wp-json\/wp\/v2\/product_cat?post=444"},{"taxonomy":"product_tag","embeddable":true,"href":"https:\/\/www.ams-onlineshop.de\/pt\/wp-json\/wp\/v2\/product_tag?post=444"}],"curies":[{"name":"wp","href":"https:\/\/api.w.org\/{rel}","templated":true}]}}