{"id":460,"date":"2023-05-22T19:53:37","date_gmt":"2023-05-22T17:53:37","guid":{"rendered":"http:\/\/shop.franksarah2023.alfahosting.org\/?post_type=product&#038;p=460"},"modified":"2025-11-14T00:25:22","modified_gmt":"2025-11-13T23:25:22","slug":"transferencia-de-ondas","status":"publish","type":"product","link":"https:\/\/www.ams-onlineshop.de\/pt\/produkt\/wave-transfer\/","title":{"rendered":"TRANSFER\u00caNCIA DE ONDAS"},"content":{"rendered":"<p>A descri\u00e7\u00e3o detalhada do produto pode ser encontrada no seguinte link:<br \/>\n<a href=\"https:\/\/ams-ag.de\/produkte\/therapeuten\/wave-transfer-c\/wave-transfer\/\" target=\"_blank\" rel=\"noopener\"><b>TRANSFER\u00caNCIA DE ONDAS<\/b><\/a><\/p>","protected":false},"excerpt":{"rendered":"<p><b>Transfer\u00eancia anal\u00f3gica e duplica\u00e7\u00e3o de bioinforma\u00e7\u00e3o do original para um meio de armazenamento.<\/b><\/p>\n<h2>Escopo de entrega:<\/h2>\n<ul>\n<li>Unidade de controle WAVE TRANSFER incluindo quatro baterias AA<\/li>\n<li>2x x\u00edcaras \/ MEDICUP, 7 cm de altura, di\u00e2metro 5,5 cm para entrada e sa\u00edda<\/li>\n<li>Cabo de conex\u00e3o para MEDICUPs<\/li>\n<li>Instru\u00e7\u00f5es de uso<\/li>\n<\/ul>\n<p><abbr id=\"pfeil\"> <img decoding=\"async\" title=\"Aqueles do Dr. Voc\u00ea pode reconhecer os dispositivos desenvolvidos pela Ludwig\u00ae pelo s\u00edmbolo de seta. Este s\u00edmbolo representa a cria\u00e7\u00e3o de um biocampo eletromagn\u00e9tico modelado na natureza imperturbada.\" src=\"http:\/\/www.ams-onlineshop.de\/wp-content\/uploads\/2023\/04\/AMS-Pfeil.jpg\" alt=\"Seta AMS\" width=\"75px\" height=\"75px\" \/><\/abbr><\/p>","protected":false},"featured_media":461,"template":"","meta":[],"product_brand":[],"product_cat":[107,50,54],"product_tag":[],"class_list":{"0":"post-460","1":"product","2":"type-product","3":"status-publish","4":"has-post-thumbnail","6":"product_cat-grossgeraete-und-zubehoer","7":"product_cat-praxisbedarf","8":"product_cat-wave-transfer-c","9":"product_shipping_class-grossgeraet","11":"first","12":"instock","13":"shipping-taxable","14":"purchasable","15":"product-type-simple"},"_links":{"self":[{"href":"https:\/\/www.ams-onlineshop.de\/pt\/wp-json\/wp\/v2\/product\/460","targetHints":{"allow":["GET"]}}],"collection":[{"href":"https:\/\/www.ams-onlineshop.de\/pt\/wp-json\/wp\/v2\/product"}],"about":[{"href":"https:\/\/www.ams-onlineshop.de\/pt\/wp-json\/wp\/v2\/types\/product"}],"wp:featuredmedia":[{"embeddable":true,"href":"https:\/\/www.ams-onlineshop.de\/pt\/wp-json\/wp\/v2\/media\/461"}],"wp:attachment":[{"href":"https:\/\/www.ams-onlineshop.de\/pt\/wp-json\/wp\/v2\/media?parent=460"}],"wp:term":[{"taxonomy":"product_brand","embeddable":true,"href":"https:\/\/www.ams-onlineshop.de\/pt\/wp-json\/wp\/v2\/product_brand?post=460"},{"taxonomy":"product_cat","embeddable":true,"href":"https:\/\/www.ams-onlineshop.de\/pt\/wp-json\/wp\/v2\/product_cat?post=460"},{"taxonomy":"product_tag","embeddable":true,"href":"https:\/\/www.ams-onlineshop.de\/pt\/wp-json\/wp\/v2\/product_tag?post=460"}],"curies":[{"name":"wp","href":"https:\/\/api.w.org\/{rel}","templated":true}]}}