{"id":2024,"date":"2025-05-22T23:25:43","date_gmt":"2025-05-22T21:25:43","guid":{"rendered":"https:\/\/www.ams-onlineshop.de\/?post_type=product&#038;p=2024"},"modified":"2025-07-14T16:32:25","modified_gmt":"2025-07-14T14:32:25","slug":"medisinendinizi-yaninizda-tasiyabileceginiz-kumas-canta","status":"publish","type":"product","link":"https:\/\/www.ams-onlineshop.de\/tr\/produkt\/stofftaeschchen-zum-umhaengen-fuer-ihr-medisend\/","title":{"rendered":"MEDISEND\u00ae&#039;niz i\u00e7in kuma\u015f \u00e7anta"},"content":{"rendered":"<p>Art\u0131k MEDISEND\u00ae&#039;niz i\u00e7in el yap\u0131m\u0131 kuma\u015f \u00e7anta sat\u0131n alabilirsiniz.<br \/>\nelde etmek.<\/p>\n<p>Her \u00e7anta, Brezilya&#039;n\u0131n S\u00e3o Paulo kentindeki Embu das Arte el sanatlar\u0131 kasabas\u0131nda faaliyet g\u00f6steren k\u00fc\u00e7\u00fck bir aile i\u015fletmesi taraf\u0131ndan sevgiyle \u00fcretilen benzersiz bir par\u00e7ad\u0131r.<br \/>\n\u00c7anta ayarlanabilir bir omuz ask\u0131s\u0131na sahiptir ve uygun uzunlu\u011fa kolayca ayarlanabilir<br \/>\nayarlanmak. Ve o kadar b\u00fcy\u00fck ki, ampul tutucusu vidalanm\u0131\u015f haldeyken bile MEDISEND\u00ae&#039;yi kullanabilirsiniz.<\/p>\n<p>30 Eyl\u00fcl 2025 tarihine kadar \u00e7antan\u0131z\u0131 kargo \u00fccreti \u00f6demeden teslim alacaks\u0131n\u0131z. L\u00fctfen, hangi e\u015fsiz \u00fcr\u00fcn\u00fc alaca\u011f\u0131n\u0131z\u0131n \u015fansa ba\u011fl\u0131 oldu\u011funu anlay\u0131n.<\/p>\n<p>Sanat\u00e7\u0131lar hakk\u0131nda daha fazla bilgi edinmek istiyorsan\u0131z, Facebook&#039;ta Li + Li adresini ziyaret edin.<br \/>\nBiraz da Sanat&#039;a giri\u015f.<\/p>\n<p><strong><a href=\"https:\/\/www.facebook.com\/atelielimaisli\/\" target=\"_blank\" rel=\"noopener\">https:\/\/www.facebook.com\/atelielimaisli\/<\/a><\/strong><\/p>","protected":false},"excerpt":{"rendered":"<p>Art\u0131k MEDISEND\u00ae&#039;niz i\u00e7in el yap\u0131m\u0131 kuma\u015f \u00e7antay\u0131 bizden sat\u0131n alabilirsiniz.<\/p>","protected":false},"featured_media":2026,"template":"","meta":[],"product_brand":[],"product_cat":[28,26,108,74,31],"product_tag":[],"class_list":{"0":"post-2024","1":"product","2":"type-product","3":"status-publish","4":"has-post-thumbnail","6":"product_cat-heimbedarf","7":"product_cat-kleingeraete","8":"product_cat-kleingeraete-und-sonstiges","9":"product_cat-medisend","10":"product_cat-sonstiges","11":"product_shipping_class-kostenlos","13":"first","14":"instock","15":"shipping-taxable","16":"purchasable","17":"product-type-simple"},"_links":{"self":[{"href":"https:\/\/www.ams-onlineshop.de\/tr\/wp-json\/wp\/v2\/product\/2024","targetHints":{"allow":["GET"]}}],"collection":[{"href":"https:\/\/www.ams-onlineshop.de\/tr\/wp-json\/wp\/v2\/product"}],"about":[{"href":"https:\/\/www.ams-onlineshop.de\/tr\/wp-json\/wp\/v2\/types\/product"}],"wp:featuredmedia":[{"embeddable":true,"href":"https:\/\/www.ams-onlineshop.de\/tr\/wp-json\/wp\/v2\/media\/2026"}],"wp:attachment":[{"href":"https:\/\/www.ams-onlineshop.de\/tr\/wp-json\/wp\/v2\/media?parent=2024"}],"wp:term":[{"taxonomy":"product_brand","embeddable":true,"href":"https:\/\/www.ams-onlineshop.de\/tr\/wp-json\/wp\/v2\/product_brand?post=2024"},{"taxonomy":"product_cat","embeddable":true,"href":"https:\/\/www.ams-onlineshop.de\/tr\/wp-json\/wp\/v2\/product_cat?post=2024"},{"taxonomy":"product_tag","embeddable":true,"href":"https:\/\/www.ams-onlineshop.de\/tr\/wp-json\/wp\/v2\/product_tag?post=2024"}],"curies":[{"name":"wp","href":"https:\/\/api.w.org\/{rel}","templated":true}]}}