{"id":319,"date":"2023-05-22T19:35:13","date_gmt":"2023-05-22T17:35:13","guid":{"rendered":"http:\/\/shop.franksarah2023.alfahosting.org\/?post_type=product&#038;p=319"},"modified":"2026-02-01T00:23:06","modified_gmt":"2026-01-31T23:23:06","slug":"metronom-guenes","status":"publish","type":"product","link":"https:\/\/www.ams-onlineshop.de\/tr\/produkt\/metronom-solar\/","title":{"rendered":"METRONOM solar"},"content":{"rendered":"<h2>90 g\u00fcnl\u00fck iade politikas\u0131<\/h2>\n<p><img decoding=\"async\" class=\"size-full wp-image-508 alignright\" src=\"http:\/\/www.ams-onlineshop.de\/wp-content\/uploads\/2023\/04\/AMS_90-Tage.jpg\" alt=\"AMS 90 g\u00fcnl\u00fck iade politikas\u0131\" width=\"75\" height=\"75\" \/>K\u00fc\u00e7\u00fck ev aletlerimizden birini sat\u0131n ald\u0131\u011f\u0131n\u0131zda 90 g\u00fcnl\u00fck iade hakk\u0131n\u0131z vard\u0131r. Bu s\u00fcre i\u00e7inde cihaz\u0131 bize kusursuz durumda geri g\u00f6nderirseniz, sat\u0131n alma fiyat\u0131n\u0131n tamam\u0131n\u0131 (nakliye masraflar\u0131 d\u00fc\u015f\u00fcld\u00fckten sonra) size iade edece\u011fiz.<\/p>\n<h2>Detayl\u0131 \u00fcr\u00fcn a\u00e7\u0131klamas\u0131<\/h2>\n<p>Detayl\u0131 \u00fcr\u00fcn a\u00e7\u0131klamas\u0131na a\u015fa\u011f\u0131daki ba\u011flant\u0131dan ula\u015fabilirsiniz:<br \/>\n<a href=\"https:\/\/ams-ag.de\/produkte\/heimbedarf\/kleingeraete\/metronom-solar\/\" target=\"_blank\" rel=\"noopener\"><b>METRONOM solar<\/b><\/a><\/p>","protected":false},"excerpt":{"rendered":"<p><b>MEDISEND\u00ae ve MEDICUR\u00aepro&#039;nin birle\u015fimi \u2013 ayn\u0131 zamanda d\u00f6rt sabit frekans\u0131na ek olarak otomatik frekans tarama \u00f6zelli\u011fine sahip tek k\u00fc\u00e7\u00fck cihaz\u0131m\u0131zd\u0131r.<\/b><\/p>\n<h2>Teslimat kapsam\u0131<\/h2>\n<ul>\n<li>9 volt blok pil ile METRONOM solar<\/li>\n<li>Ampul tutucu<\/li>\n<li>\u00fc\u00e7 cam ampul<\/li>\n<li>Velcro bandaj<\/li>\n<li>Kullan\u0131m talimatlar\u0131<\/li>\n<\/ul>\n<p><abbr id=\"pfeil\"> <img decoding=\"async\" title=\"Dr. Ludwig\u00ae taraf\u0131ndan geli\u015ftirilen cihazlar\u0131 ok simgesinden tan\u0131yabilirsiniz. Bu sembol, bozulmam\u0131\u015f do\u011fay\u0131 \u00f6rnek alan bir elektromanyetik biyoalan\u0131n yarat\u0131lmas\u0131n\u0131 temsil eder.\" src=\"http:\/\/www.ams-onlineshop.de\/wp-content\/uploads\/2023\/04\/AMS-Pfeil.jpg\" alt=\"AMS oku\" width=\"75px\" height=\"75px\" \/> <\/abbr> <abbr id=\"neunzigtage\"> <img decoding=\"async\" title=\"90 g\u00fcnl\u00fck iade hakk\u0131n\u0131z var. Bu s\u00fcre i\u00e7inde cihaz\u0131 bize kusursuz durumda geri g\u00f6nderirseniz, sat\u0131n alma fiyat\u0131n\u0131n tamam\u0131n\u0131 (nakliye masraflar\u0131 d\u00fc\u015f\u00fcld\u00fckten sonra) size iade edece\u011fiz.\" src=\"http:\/\/www.ams-onlineshop.de\/wp-content\/uploads\/2023\/04\/AMS_90-Tage.jpg\" width=\"75px\" height=\"75px\" \/> <\/abbr><\/p>","protected":false},"featured_media":610,"template":"","meta":[],"product_brand":[],"product_cat":[28,26,108,77],"product_tag":[],"class_list":{"0":"post-319","1":"product","2":"type-product","3":"status-publish","4":"has-post-thumbnail","6":"product_cat-heimbedarf","7":"product_cat-kleingeraete","8":"product_cat-kleingeraete-und-sonstiges","9":"product_cat-metronom-solar","10":"product_shipping_class-kleingeraet","12":"first","13":"instock","14":"shipping-taxable","15":"purchasable","16":"product-type-simple"},"_links":{"self":[{"href":"https:\/\/www.ams-onlineshop.de\/tr\/wp-json\/wp\/v2\/product\/319","targetHints":{"allow":["GET"]}}],"collection":[{"href":"https:\/\/www.ams-onlineshop.de\/tr\/wp-json\/wp\/v2\/product"}],"about":[{"href":"https:\/\/www.ams-onlineshop.de\/tr\/wp-json\/wp\/v2\/types\/product"}],"wp:featuredmedia":[{"embeddable":true,"href":"https:\/\/www.ams-onlineshop.de\/tr\/wp-json\/wp\/v2\/media\/610"}],"wp:attachment":[{"href":"https:\/\/www.ams-onlineshop.de\/tr\/wp-json\/wp\/v2\/media?parent=319"}],"wp:term":[{"taxonomy":"product_brand","embeddable":true,"href":"https:\/\/www.ams-onlineshop.de\/tr\/wp-json\/wp\/v2\/product_brand?post=319"},{"taxonomy":"product_cat","embeddable":true,"href":"https:\/\/www.ams-onlineshop.de\/tr\/wp-json\/wp\/v2\/product_cat?post=319"},{"taxonomy":"product_tag","embeddable":true,"href":"https:\/\/www.ams-onlineshop.de\/tr\/wp-json\/wp\/v2\/product_tag?post=319"}],"curies":[{"name":"wp","href":"https:\/\/api.w.org\/{rel}","templated":true}]}}