{"id":325,"date":"2023-03-27T19:28:17","date_gmt":"2023-03-27T17:28:17","guid":{"rendered":"http:\/\/shop.franksarah2023.alfahosting.org\/?post_type=product&#038;p=325"},"modified":"2024-09-14T01:11:02","modified_gmt":"2024-09-13T23:11:02","slug":"medisendsuper","status":"publish","type":"product","link":"https:\/\/www.ams-onlineshop.de\/tr\/produkt\/medisendsuper\/","title":{"rendered":"MEDISEND\u00aesuper"},"content":{"rendered":"<p>Detayl\u0131 \u00fcr\u00fcn a\u00e7\u0131klamas\u0131na a\u015fa\u011f\u0131daki ba\u011flant\u0131dan ula\u015fabilirsiniz:<br \/>\n<a href=\"https:\/\/ams-ag.de\/produkte\/heimbedarf\/grossgeraet\/medisendsuper\/\" target=\"_blank\" rel=\"noopener\"><b>MEDISEND\u00aesuper<\/b><\/a><\/p>\n<p>\u2026 terapistler i\u00e7in:<br \/>\n<a href=\"https:\/\/ams-ag.de\/produkte\/therapeuten \/ grossgeraete\/medisendsuper-c\/\" target=\"_blank\" rel=\"noopener\"><b>MEDISEND\u00aesuper \/ MEDISEND\u00aesuper C<\/b><\/a><\/p>\n<p>\u2026hayvan terapistleri i\u00e7in:<br \/>\n<a href=\"https:\/\/ams-ag.de\/produkte\/tiertherapeuten\/grossgeraete\/\" target=\"_blank\" rel=\"noopener\"><b>B\u00fcy\u00fck aletler<\/b><\/a><\/p>","protected":false},"excerpt":{"rendered":"<p><b>MEDISEND\u00aesuper, MEDISEND\u00aesuper serimizin standart versiyonudur. Hem terapistler taraf\u0131ndan hem de \u00f6zel sekt\u00f6rde kullan\u0131lmaktad\u0131r.<\/b><\/p>\n<h2>Teslimat kapsam\u0131:<\/h2>\n<ul>\n<li>Kontrol \u00fcnitesi MEDISEND\u00aesuper<\/li>\n<li>Aplikat\u00f6r MAGNETO d\u00f6ng\u00fcs\u00fc<\/li>\n<li>Pil \u015farj cihaz\u0131<\/li>\n<li>ayr\u0131nt\u0131l\u0131 kullan\u0131m talimatlar\u0131 ve bilgi materyali<\/li>\n<\/ul>\n<p><b>Dahil de\u011fil:<\/b><br \/>\nMEDICUP, el elektrotlar\u0131 ve CEPES-Laser\u00aeVario. \u0130ste\u011fe ba\u011fl\u0131 olarak aksesuar olarak temin edilebilirler.<\/p>\n<p><abbr id=\"pfeil\"> <img decoding=\"async\" title=\"Dr. Ludwig\u00ae taraf\u0131ndan geli\u015ftirilen cihazlar\u0131 ok simgesinden tan\u0131yabilirsiniz. Bu sembol, bozulmam\u0131\u015f do\u011fay\u0131 \u00f6rnek alan bir elektromanyetik biyoalan\u0131n yarat\u0131lmas\u0131n\u0131 temsil eder.\" src=\"http:\/\/www.ams-onlineshop.de\/wp-content\/uploads\/2023\/04\/AMS-Pfeil.jpg\" alt=\"AMS oku\" width=\"75px\" height=\"75px\" \/> <\/abbr><\/p>","protected":false},"featured_media":970,"template":"","meta":[],"product_brand":[],"product_cat":[27,51,107,28,50],"product_tag":[],"class_list":{"0":"post-325","1":"product","2":"type-product","3":"status-publish","4":"has-post-thumbnail","6":"product_cat-grossgeraet","7":"product_cat-grossgeraete","8":"product_cat-grossgeraete-und-zubehoer","9":"product_cat-heimbedarf","10":"product_cat-praxisbedarf","11":"product_shipping_class-grossgeraet","13":"first","14":"instock","15":"shipping-taxable","16":"purchasable","17":"product-type-simple"},"_links":{"self":[{"href":"https:\/\/www.ams-onlineshop.de\/tr\/wp-json\/wp\/v2\/product\/325","targetHints":{"allow":["GET"]}}],"collection":[{"href":"https:\/\/www.ams-onlineshop.de\/tr\/wp-json\/wp\/v2\/product"}],"about":[{"href":"https:\/\/www.ams-onlineshop.de\/tr\/wp-json\/wp\/v2\/types\/product"}],"wp:featuredmedia":[{"embeddable":true,"href":"https:\/\/www.ams-onlineshop.de\/tr\/wp-json\/wp\/v2\/media\/970"}],"wp:attachment":[{"href":"https:\/\/www.ams-onlineshop.de\/tr\/wp-json\/wp\/v2\/media?parent=325"}],"wp:term":[{"taxonomy":"product_brand","embeddable":true,"href":"https:\/\/www.ams-onlineshop.de\/tr\/wp-json\/wp\/v2\/product_brand?post=325"},{"taxonomy":"product_cat","embeddable":true,"href":"https:\/\/www.ams-onlineshop.de\/tr\/wp-json\/wp\/v2\/product_cat?post=325"},{"taxonomy":"product_tag","embeddable":true,"href":"https:\/\/www.ams-onlineshop.de\/tr\/wp-json\/wp\/v2\/product_tag?post=325"}],"curies":[{"name":"wp","href":"https:\/\/api.w.org\/{rel}","templated":true}]}}