{"id":375,"date":"2023-05-22T00:51:11","date_gmt":"2023-05-21T22:51:11","guid":{"rendered":"http:\/\/shop.franksarah2023.alfahosting.org\/?post_type=product&#038;p=375"},"modified":"2025-03-22T02:35:08","modified_gmt":"2025-03-22T01:35:08","slug":"blok-miknatislar","status":"publish","type":"product","link":"https:\/\/www.ams-onlineshop.de\/tr\/produkt\/blockmagnete\/","title":{"rendered":"Blok m\u0131knat\u0131slar"},"content":{"rendered":"<p>Detayl\u0131 \u00fcr\u00fcn a\u00e7\u0131klamas\u0131na a\u015fa\u011f\u0131daki ba\u011flant\u0131dan ula\u015fabilirsiniz:<br \/>\n<a href=\"https:\/\/ams-ag.de\/produkte\/heimbedarf\/wasseraufbereitung\/blockmagnete\/\" target=\"_blank\" rel=\"noopener\"><b>Blok m\u0131knat\u0131slar<\/b><\/a><\/p>","protected":false},"excerpt":{"rendered":"<p><b>spring-time\u00ae420 pro su ar\u0131tma cihaz\u0131n\u0131za en uygun eklenti.<\/b><\/p>\n<h2>Teslimat kapsam\u0131<\/h2>\n<ul>\n<li>bir \u00e7ift yap\u0131sal olarak de\u011fi\u015ftirilmi\u015f blok m\u0131knat\u0131s<\/li>\n<li>Talimatlar<\/li>\n<li>sabitleme malzemesi<\/li>\n<\/ul>","protected":false},"featured_media":376,"template":"","meta":[],"product_brand":[],"product_cat":[70,28,71,31,67,68,69,110,22,29,109,32],"product_tag":[],"class_list":{"0":"post-375","1":"product","2":"type-product","3":"status-publish","4":"has-post-thumbnail","6":"product_cat-bluebalance-wasserstoffgenerator","7":"product_cat-heimbedarf","8":"product_cat-purwater-pro","9":"product_cat-sonstiges","10":"product_cat-spring-time420-pro","11":"product_cat-spring-timepremium-pro","12":"product_cat-spring-timepremium-pro-vorfilter","13":"product_cat-spring-timeprofessional-pro","14":"product_cat-unkategorisiert","15":"product_cat-wasseraufbereitung","16":"product_cat-wasseraufbereitung-und-zubehoer","17":"product_cat-zubehoer","18":"product_shipping_class-kleingeraet","20":"first","21":"instock","22":"shipping-taxable","23":"purchasable","24":"product-type-simple"},"_links":{"self":[{"href":"https:\/\/www.ams-onlineshop.de\/tr\/wp-json\/wp\/v2\/product\/375","targetHints":{"allow":["GET"]}}],"collection":[{"href":"https:\/\/www.ams-onlineshop.de\/tr\/wp-json\/wp\/v2\/product"}],"about":[{"href":"https:\/\/www.ams-onlineshop.de\/tr\/wp-json\/wp\/v2\/types\/product"}],"wp:featuredmedia":[{"embeddable":true,"href":"https:\/\/www.ams-onlineshop.de\/tr\/wp-json\/wp\/v2\/media\/376"}],"wp:attachment":[{"href":"https:\/\/www.ams-onlineshop.de\/tr\/wp-json\/wp\/v2\/media?parent=375"}],"wp:term":[{"taxonomy":"product_brand","embeddable":true,"href":"https:\/\/www.ams-onlineshop.de\/tr\/wp-json\/wp\/v2\/product_brand?post=375"},{"taxonomy":"product_cat","embeddable":true,"href":"https:\/\/www.ams-onlineshop.de\/tr\/wp-json\/wp\/v2\/product_cat?post=375"},{"taxonomy":"product_tag","embeddable":true,"href":"https:\/\/www.ams-onlineshop.de\/tr\/wp-json\/wp\/v2\/product_tag?post=375"}],"curies":[{"name":"wp","href":"https:\/\/api.w.org\/{rel}","templated":true}]}}