{"id":377,"date":"2023-04-27T16:10:35","date_gmt":"2023-04-27T14:10:35","guid":{"rendered":"http:\/\/shop.franksarah2023.alfahosting.org\/?post_type=product&#038;p=377"},"modified":"2024-09-14T02:13:37","modified_gmt":"2024-09-14T00:13:37","slug":"ilac-2","status":"publish","type":"product","link":"https:\/\/www.ams-onlineshop.de\/tr\/produkt\/medicup\/","title":{"rendered":"MEDICUP"},"content":{"rendered":"<h2>Kullan ve kullan<\/h2>\n<p>MEDICUP&#039;miz, d\u0131\u015fsal biyobilgilerin iletilmesi i\u00e7in MEDISEND\u00aesuper&#039;ye ba\u011flanabilir.<br \/>\n<img fetchpriority=\"high\" decoding=\"async\" class=\"size-full wp-image-382 alignright\" src=\"http:\/\/www.ams-onlineshop.de\/wp-content\/uploads\/2023\/03\/csm_AMS_Medisend_super_mit_Magneto-Schlaufe_und_Medicup_b4461af757.jpg\" alt=\"Manyeto d\u00f6ng\u00fc ve Medicup ile AMS Medisend s\u00fcper\" width=\"250\" height=\"245\" \/><br \/>\nBiorezonans anlam\u0131nda titre\u015fimli manyetik alanla aktarmak istedi\u011finiz t\u00fcm substratlar ba\u011fl\u0131 MEDICUP&#039;ye yerle\u015ftirilir. Manyetik alan sadece uygulama dalgas\u0131 olarak de\u011fil ayn\u0131 zamanda ta\u015f\u0131y\u0131c\u0131 dalga olarak da kullan\u0131lmaktad\u0131r.<\/p>\n<p>Bilginin iletimi se\u00e7ti\u011finiz frekanstan ba\u011f\u0131ms\u0131zd\u0131r: Her frekans bir ta\u015f\u0131y\u0131c\u0131 dalgad\u0131r ve sal\u0131n\u0131m\/iletim i\u00e7in kullan\u0131labilir.<\/p>\n<p>Alt tabakalar\u0131n ge\u00e7ici tepkisinin ve bilgilerin tam olarak neyle ilgili oldu\u011funu Substrat Transferi men\u00fc \u00f6\u011fesinden okuyabilirsiniz.<br \/>\n<a href=\"https:\/\/ams-ag.de\/grundlagen-magnetfeldtherapie\/magnetfeldtherapie-und-bioinformative-medizin\/substratuebertragung\/\" target=\"_blank\" rel=\"noopener\"><b>Substrat transferi<\/b><\/a><\/p>\n<h2>\u00d6zellikler<\/h2>\n<p>MEDICUP \u00fcr\u00fcn\u00fcm\u00fcz, i\u00e7 k\u0131sm\u0131 ikiye b\u00f6l\u00fcnd\u00fc\u011f\u00fc i\u00e7in yaln\u0131zca yakla\u015f\u0131k 1 % elektrosmogu emen iki kutuplu bir ila\u00e7 kab\u0131d\u0131r. Bu, sinyal iletimi ve depolanmas\u0131 i\u00e7in ola\u011fan\u00fcst\u00fc derecede y\u00fcksek, neredeyse elektrosmog i\u00e7ermeyen bir kalite anlam\u0131na gelir.<\/p>\n<p>MEDICUP&#039;nin i\u00e7 k\u0131sm\u0131, \u00f6zel al\u00fcminyum ala\u015f\u0131m\u0131ndan (faydal\u0131 model koruma no. 398 29 987) yap\u0131lm\u0131\u015f iki ayr\u0131 kap yar\u0131s\u0131ndan olu\u015fur.<\/p>\n<p>Uzman \u00e7evreler i\u00e7in \u00fcr\u00fcn\u00fcn a\u00e7\u0131klamas\u0131n\u0131 burada bulabilirsiniz:<br \/>\n<a href=\"https:\/\/ams-ag.de\/produkte\/therapeuten\/grossgeraete\/medicup\/\" target=\"_blank\" rel=\"noopener\"><b>MEDICUP<\/b><\/a><\/p>","protected":false},"excerpt":{"rendered":"<p>MEDICUP&#039;miz, d\u0131\u015fsal biyobilgilerin iletilmesi i\u00e7in MEDISEND\u00aesuper&#039;ye ba\u011flanabilir.<\/p>\n<ul>\n<li>Y\u00fckseklik 7cm<\/li>\n<li>\u0130\u00e7 \u00e7ap 5,5 cm<\/li>\n<li>A\u011f\u0131rl\u0131k 250g<\/li>\n<li>ba\u011flant\u0131 kablosu dahil (18 cm)<\/li>\n<\/ul>","protected":false},"featured_media":550,"template":"","meta":[],"product_brand":[],"product_cat":[53,30,27,51,107,28,50],"product_tag":[],"class_list":{"0":"post-377","1":"product","2":"type-product","3":"status-publish","4":"has-post-thumbnail","6":"product_cat-geraetezubehoer-grossgeraete","7":"product_cat-geraetezubehoer","8":"product_cat-grossgeraet","9":"product_cat-grossgeraete","10":"product_cat-grossgeraete-und-zubehoer","11":"product_cat-heimbedarf","12":"product_cat-praxisbedarf","13":"product_shipping_class-kleingeraet","15":"first","16":"instock","17":"shipping-taxable","18":"purchasable","19":"product-type-simple"},"_links":{"self":[{"href":"https:\/\/www.ams-onlineshop.de\/tr\/wp-json\/wp\/v2\/product\/377","targetHints":{"allow":["GET"]}}],"collection":[{"href":"https:\/\/www.ams-onlineshop.de\/tr\/wp-json\/wp\/v2\/product"}],"about":[{"href":"https:\/\/www.ams-onlineshop.de\/tr\/wp-json\/wp\/v2\/types\/product"}],"wp:featuredmedia":[{"embeddable":true,"href":"https:\/\/www.ams-onlineshop.de\/tr\/wp-json\/wp\/v2\/media\/550"}],"wp:attachment":[{"href":"https:\/\/www.ams-onlineshop.de\/tr\/wp-json\/wp\/v2\/media?parent=377"}],"wp:term":[{"taxonomy":"product_brand","embeddable":true,"href":"https:\/\/www.ams-onlineshop.de\/tr\/wp-json\/wp\/v2\/product_brand?post=377"},{"taxonomy":"product_cat","embeddable":true,"href":"https:\/\/www.ams-onlineshop.de\/tr\/wp-json\/wp\/v2\/product_cat?post=377"},{"taxonomy":"product_tag","embeddable":true,"href":"https:\/\/www.ams-onlineshop.de\/tr\/wp-json\/wp\/v2\/product_tag?post=377"}],"curies":[{"name":"wp","href":"https:\/\/api.w.org\/{rel}","templated":true}]}}