{"id":379,"date":"2023-05-22T00:48:56","date_gmt":"2023-05-21T22:48:56","guid":{"rendered":"http:\/\/shop.franksarah2023.alfahosting.org\/?post_type=product&#038;p=379"},"modified":"2024-09-14T02:14:38","modified_gmt":"2024-09-14T00:14:38","slug":"el-elektrotlari","status":"publish","type":"product","link":"https:\/\/www.ams-onlineshop.de\/tr\/produkt\/handelektroden\/","title":{"rendered":"el elektrotlar\u0131"},"content":{"rendered":"<h2>Kullan ve kullan<\/h2>\n<p>El elektrotlar\u0131, endojen biyobilgilerin aktar\u0131m\u0131 i\u00e7in MEDISEND\u00aesuper&#039;ye ba\u011flanabilir.<br \/>\n<img decoding=\"async\" class=\"alignright\" src=\"http:\/\/www.ams-onlineshop.de\/wp-content\/uploads\/2023\/03\/csm_AMS_Medisend_super_mit_Handelektroden_und_Medicup_ebce0245e1.jpg\" alt=\"AMS Medisend el elektrotlar\u0131 ve Medicup ile harika\" \/><\/p>\n<p>Birka\u00e7 el elektrodu kullan\u0131larak v\u00fccudun t\u00fcm do\u011fal frekans spektrumu, biyobilgi olarak titre\u015fimli manyetik alan \u00fczerine spesifik olmayan bir \u015fekilde mod\u00fcle edilebilir.<\/p>\n<p>Manyetik alan sadece uygulama dalgas\u0131 olarak de\u011fil ayn\u0131 zamanda ta\u015f\u0131y\u0131c\u0131 dalga olarak da kullan\u0131lmaktad\u0131r.<\/p>\n<p>MEDICUP ile birlikte el elektrotlar\u0131 sol taraftaki cihaz\u0131n G\u0130R\u0130\u015e\u0130NE ba\u011flan\u0131r. Kullan\u0131m s\u0131ras\u0131nda, el elektrotlar\u0131 her iki elde tutulur veya ba\u015fka \u015fekilde ciltle simetrik temasa getirilir (\u00f6rne\u011fin dizlerin arkas\u0131n\u0131n alt\u0131na itilir).<\/p>\n<p>Simetrik cilt temas\u0131 (v\u00fccudun sa\u011f ve sol yar\u0131s\u0131) yoluyla endojen biyobilgi, el elektrotlar\u0131 taraf\u0131ndan al\u0131n\u0131r ve biorezonans anlam\u0131nda &quot;dikkat sinyalleri&quot; \u015feklinde v\u00fccuda geri g\u00f6nderilir.<\/p>\n<p><b>Uzman \u00e7evreler i\u00e7in \u00fcr\u00fcn\u00fcn a\u00e7\u0131klamas\u0131n\u0131 burada bulabilirsiniz:<\/b><br \/>\n<a href=\"https:\/\/ams-ag.de\/produkte\/therapeuten\/grossgeraete\/handelektroden\/\" target=\"_blank\" rel=\"noopener\"><b>el elektrotlar\u0131<\/b><\/a><\/p>","protected":false},"excerpt":{"rendered":"<p>El elektrotlar\u0131, endojen biyobilgilerin aktar\u0131m\u0131 i\u00e7in MEDISEND\u00aesuper&#039;ye ba\u011flanabilir.<\/p>\n<h2>Bir \u00e7ift el elektrodu<\/h2>\n<ul>\n<li>V2A \u00e7eli\u011finden olu\u015fur<\/li>\n<li>A\u011f\u0131rl\u0131k par\u00e7a ba\u015f\u0131na 150g<\/li>\n<li>Uzunluk 12cm<\/li>\n<li>\u00c7ap 3cm<\/li>\n<li>ba\u011flant\u0131 kablosu dahil (2 m)<\/li>\n<\/ul>","protected":false},"featured_media":380,"template":"","meta":[],"product_brand":[],"product_cat":[53,30,27,51,107,28,50],"product_tag":[],"class_list":{"0":"post-379","1":"product","2":"type-product","3":"status-publish","4":"has-post-thumbnail","6":"product_cat-geraetezubehoer-grossgeraete","7":"product_cat-geraetezubehoer","8":"product_cat-grossgeraet","9":"product_cat-grossgeraete","10":"product_cat-grossgeraete-und-zubehoer","11":"product_cat-heimbedarf","12":"product_cat-praxisbedarf","13":"product_shipping_class-kleingeraet","15":"first","16":"instock","17":"shipping-taxable","18":"purchasable","19":"product-type-simple"},"_links":{"self":[{"href":"https:\/\/www.ams-onlineshop.de\/tr\/wp-json\/wp\/v2\/product\/379","targetHints":{"allow":["GET"]}}],"collection":[{"href":"https:\/\/www.ams-onlineshop.de\/tr\/wp-json\/wp\/v2\/product"}],"about":[{"href":"https:\/\/www.ams-onlineshop.de\/tr\/wp-json\/wp\/v2\/types\/product"}],"wp:featuredmedia":[{"embeddable":true,"href":"https:\/\/www.ams-onlineshop.de\/tr\/wp-json\/wp\/v2\/media\/380"}],"wp:attachment":[{"href":"https:\/\/www.ams-onlineshop.de\/tr\/wp-json\/wp\/v2\/media?parent=379"}],"wp:term":[{"taxonomy":"product_brand","embeddable":true,"href":"https:\/\/www.ams-onlineshop.de\/tr\/wp-json\/wp\/v2\/product_brand?post=379"},{"taxonomy":"product_cat","embeddable":true,"href":"https:\/\/www.ams-onlineshop.de\/tr\/wp-json\/wp\/v2\/product_cat?post=379"},{"taxonomy":"product_tag","embeddable":true,"href":"https:\/\/www.ams-onlineshop.de\/tr\/wp-json\/wp\/v2\/product_tag?post=379"}],"curies":[{"name":"wp","href":"https:\/\/api.w.org\/{rel}","templated":true}]}}